{"id":9111,"date":"2020-03-14T10:16:36","date_gmt":"2020-03-14T09:16:36","guid":{"rendered":"https:\/\/luba.de\/product\/stapelhilfe-keimkiste-fuer-beide-groessen-4-st\/"},"modified":"2025-10-12T01:42:40","modified_gmt":"2025-10-11T23:42:40","slug":"stapelhilfe-keimkiste-fuer-beide-groessen-4-st","status":"publish","type":"product","link":"https:\/\/luba.de\/en\/stapelhilfe-keimkiste-fuer-beide-groessen-4-st\/","title":{"rendered":"Stapelhilfe f\u00fcr Keimkiste (4 St\u00fcck)"},"content":{"rendered":"<p>Mit Hilfe der vier Eckaufs\u00e4tze lassen sich bis zu zehn Keimkisten platzsparend \u00fcbereinander stapeln. H\u00f6he 15 cm. Aus Kunststoff.<\/p>\n<p>Passend f\u00fcr beide Kisten-Gr\u00f6\u00dfen.<\/p>\n","protected":false},"excerpt":{"rendered":"<p>Mit Hilfe der vier Eckaufs\u00e4tze lassen sich bis zu zehn Keimkisten platzsparend \u00fcbereinander stapeln. H\u00f6he 15 cm. Aus Kunststoff. Passend f\u00fcr beide Kisten-Gr\u00f6\u00dfen.<\/p>\n","protected":false},"featured_media":9112,"comment_status":"closed","ping_status":"closed","template":"","meta":{"_acf_changed":false},"pwb-brand":[1183],"product_brand":[],"product_cat":[847,845],"product_tag":[],"class_list":{"0":"post-9111","1":"product","2":"type-product","3":"status-publish","4":"has-post-thumbnail","6":"pwb-brand-eschenfelder-en","7":"product_cat-germination-equipment","8":"product_cat-eschenfelder-en","10":"first","11":"instock","12":"taxable","13":"shipping-taxable","14":"purchasable","15":"product-type-simple"},"bundled_by":[],"bundle_stock_status":"instock","bundle_stock_quantity":2,"bundle_virtual":false,"bundle_layout":"","bundle_add_to_cart_form_location":"","bundle_editable_in_cart":false,"bundle_sold_individually_context":"","bundle_item_grouping":"","bundle_min_size":"","bundle_max_size":"","bundle_price":[],"bundled_items":[],"bundle_sell_ids":[],"exclude_global_add_ons":[],"addons":[],"acf":[],"brands":[{"id":1183,"name":"Eschenfelder","slug":"eschenfelder-en"}],"_links":{"self":[{"href":"https:\/\/luba.de\/en\/wp-json\/wp\/v2\/product\/9111","targetHints":{"allow":["GET"]}}],"collection":[{"href":"https:\/\/luba.de\/en\/wp-json\/wp\/v2\/product"}],"about":[{"href":"https:\/\/luba.de\/en\/wp-json\/wp\/v2\/types\/product"}],"replies":[{"embeddable":true,"href":"https:\/\/luba.de\/en\/wp-json\/wp\/v2\/comments?post=9111"}],"wp:featuredmedia":[{"embeddable":true,"href":"https:\/\/luba.de\/en\/wp-json\/wp\/v2\/media\/9112"}],"wp:attachment":[{"href":"https:\/\/luba.de\/en\/wp-json\/wp\/v2\/media?parent=9111"}],"wp:term":[{"taxonomy":"pwb-brand","embeddable":true,"href":"https:\/\/luba.de\/en\/wp-json\/wp\/v2\/pwb-brand?post=9111"},{"taxonomy":"product_brand","embeddable":true,"href":"https:\/\/luba.de\/en\/wp-json\/wp\/v2\/product_brand?post=9111"},{"taxonomy":"product_cat","embeddable":true,"href":"https:\/\/luba.de\/en\/wp-json\/wp\/v2\/product_cat?post=9111"},{"taxonomy":"product_tag","embeddable":true,"href":"https:\/\/luba.de\/en\/wp-json\/wp\/v2\/product_tag?post=9111"}],"curies":[{"name":"wp","href":"https:\/\/api.w.org\/{rel}","templated":true}]}}