{"id":9117,"date":"2020-03-14T10:16:21","date_gmt":"2020-03-14T09:16:21","guid":{"rendered":"https:\/\/luba.de\/product\/graef-wasserkocher-wk-61-eu-weiss\/"},"modified":"2025-12-17T08:08:34","modified_gmt":"2025-12-17T07:08:34","slug":"graef-wasserkocher-wk-61-eu-weiss","status":"publish","type":"product","link":"https:\/\/luba.de\/en\/graef-wasserkocher-wk-61-eu-weiss\/","title":{"rendered":"Graef Wasserkocher WK 61 EU, wei\u00df"},"content":{"rendered":"<p>Der Wasserkocher hat innen ein doppelwandiges Edelstahlgeh\u00e4use  und der \u00e4u\u00dfere Beh\u00e4lter ist aus Acryl. Mit 360\u00b0 Zentralkontakt, innen liegende F\u00fcllmengenmarkierung und \u00dcberhitzungsschutz, Deckel \u00f6ffnet auf Knopfdruck, herausnehmbarer Kalkfilter, Ein-\/Ausschalter mit Kontrolllampe, automatische Abschaltung, Lift-Off-Abschaltung, Basisstation mit Kabelaufwicklung. F\u00fcllmenge max. 1,5  Liter, Leistung 2150 Watt, Garantie 2 Jahre.<\/p>\n","protected":false},"excerpt":{"rendered":"<p>Der Wasserkocher hat innen ein doppelwandiges Edelstahlgeh\u00e4use und der \u00e4u\u00dfere Beh\u00e4lter ist aus Acryl. Mit 360\u00b0 Zentralkontakt, innen liegende F\u00fcllmengenmarkierung und \u00dcberhitzungsschutz, Deckel \u00f6ffnet auf Knopfdruck, herausnehmbarer Kalkfilter, Ein-\/Ausschalter mit Kontrolllampe, automatische Abschaltung, Lift-Off-Abschaltung, Basisstation mit Kabelaufwicklung. F\u00fcllmenge max. 1,5 Liter, Leistung 2150 Watt, Garantie 2 Jahre.<\/p>\n","protected":false},"featured_media":9118,"comment_status":"closed","ping_status":"closed","template":"","meta":{"_acf_changed":false},"pwb-brand":[1180],"product_brand":[],"product_cat":[852],"product_tag":[],"class_list":{"0":"post-9117","1":"product","2":"type-product","3":"status-publish","4":"has-post-thumbnail","6":"pwb-brand-graef-en","7":"product_cat-kitchen-appliances-electrical","9":"first","10":"outofstock","11":"taxable","12":"shipping-taxable","13":"purchasable","14":"product-type-simple"},"bundled_by":[],"bundle_stock_status":"outofstock","bundle_stock_quantity":0,"bundle_virtual":false,"bundle_layout":"","bundle_add_to_cart_form_location":"","bundle_editable_in_cart":false,"bundle_sold_individually_context":"","bundle_item_grouping":"","bundle_min_size":"","bundle_max_size":"","bundle_price":[],"bundled_items":[],"bundle_sell_ids":[],"exclude_global_add_ons":[],"addons":[],"acf":[],"brands":[{"id":1180,"name":"Graef","slug":"graef-en"}],"_links":{"self":[{"href":"https:\/\/luba.de\/en\/wp-json\/wp\/v2\/product\/9117","targetHints":{"allow":["GET"]}}],"collection":[{"href":"https:\/\/luba.de\/en\/wp-json\/wp\/v2\/product"}],"about":[{"href":"https:\/\/luba.de\/en\/wp-json\/wp\/v2\/types\/product"}],"replies":[{"embeddable":true,"href":"https:\/\/luba.de\/en\/wp-json\/wp\/v2\/comments?post=9117"}],"wp:featuredmedia":[{"embeddable":true,"href":"https:\/\/luba.de\/en\/wp-json\/wp\/v2\/media\/9118"}],"wp:attachment":[{"href":"https:\/\/luba.de\/en\/wp-json\/wp\/v2\/media?parent=9117"}],"wp:term":[{"taxonomy":"pwb-brand","embeddable":true,"href":"https:\/\/luba.de\/en\/wp-json\/wp\/v2\/pwb-brand?post=9117"},{"taxonomy":"product_brand","embeddable":true,"href":"https:\/\/luba.de\/en\/wp-json\/wp\/v2\/product_brand?post=9117"},{"taxonomy":"product_cat","embeddable":true,"href":"https:\/\/luba.de\/en\/wp-json\/wp\/v2\/product_cat?post=9117"},{"taxonomy":"product_tag","embeddable":true,"href":"https:\/\/luba.de\/en\/wp-json\/wp\/v2\/product_tag?post=9117"}],"curies":[{"name":"wp","href":"https:\/\/api.w.org\/{rel}","templated":true}]}}