{"id":9145,"date":"2020-03-14T10:16:21","date_gmt":"2020-03-14T09:16:21","guid":{"rendered":"https:\/\/luba.de\/product\/auffangbehaelter-rechteckig-buchenholz-fuer-duo\/"},"modified":"2025-10-11T23:42:02","modified_gmt":"2025-10-11T21:42:02","slug":"auffangbehaelter-rechteckig-buchenholz-fuer-duo","status":"publish","type":"product","link":"https:\/\/luba.de\/en\/auffangbehaelter-rechteckig-buchenholz-fuer-duo\/","title":{"rendered":"Auffangbeh\u00e4lter rechteckig Buchenholz f\u00fcr Duo"},"content":{"rendered":"<p>Der Holzauffangbeh\u00e4lter ist passend f\u00fcr die Duo Kombim\u00fchle mit Mahl- und Flockwerk und passt genau unter den Flockauslauf.<\/p>\n<p>Material: naturbelassenes Buchenholz<br \/>\nMa\u00dfe ca.(HxBxT): 6,5 x 7,5 x 14 cm<\/p>\n","protected":false},"excerpt":{"rendered":"<p>Der Holzauffangbeh\u00e4lter ist passend f\u00fcr die Duo Kombim\u00fchle mit Mahl- und Flockwerk und passt genau unter den Flockauslauf. Material: naturbelassenes Buchenholz Ma\u00dfe ca.(HxBxT): 6,5 x 7,5 x 14 cm<\/p>\n","protected":false},"featured_media":13706,"comment_status":"closed","ping_status":"closed","template":"","meta":{"_acf_changed":false},"pwb-brand":[1185],"product_brand":[],"product_cat":[909],"product_tag":[],"class_list":{"0":"post-9145","1":"product","2":"type-product","3":"status-publish","4":"has-post-thumbnail","6":"pwb-brand-malom-en","7":"product_cat-bowls-en","9":"first","10":"instock","11":"taxable","12":"shipping-taxable","13":"purchasable","14":"product-type-simple"},"bundled_by":[],"bundle_stock_status":"instock","bundle_stock_quantity":53,"bundle_virtual":false,"bundle_layout":"","bundle_add_to_cart_form_location":"","bundle_editable_in_cart":false,"bundle_sold_individually_context":"","bundle_item_grouping":"","bundle_min_size":"","bundle_max_size":"","bundle_price":[],"bundled_items":[],"bundle_sell_ids":[],"exclude_global_add_ons":[],"addons":[],"acf":[],"brands":[{"id":1185,"name":"Malom","slug":"malom-en"}],"_links":{"self":[{"href":"https:\/\/luba.de\/en\/wp-json\/wp\/v2\/product\/9145","targetHints":{"allow":["GET"]}}],"collection":[{"href":"https:\/\/luba.de\/en\/wp-json\/wp\/v2\/product"}],"about":[{"href":"https:\/\/luba.de\/en\/wp-json\/wp\/v2\/types\/product"}],"replies":[{"embeddable":true,"href":"https:\/\/luba.de\/en\/wp-json\/wp\/v2\/comments?post=9145"}],"wp:featuredmedia":[{"embeddable":true,"href":"https:\/\/luba.de\/en\/wp-json\/wp\/v2\/media\/13706"}],"wp:attachment":[{"href":"https:\/\/luba.de\/en\/wp-json\/wp\/v2\/media?parent=9145"}],"wp:term":[{"taxonomy":"pwb-brand","embeddable":true,"href":"https:\/\/luba.de\/en\/wp-json\/wp\/v2\/pwb-brand?post=9145"},{"taxonomy":"product_brand","embeddable":true,"href":"https:\/\/luba.de\/en\/wp-json\/wp\/v2\/product_brand?post=9145"},{"taxonomy":"product_cat","embeddable":true,"href":"https:\/\/luba.de\/en\/wp-json\/wp\/v2\/product_cat?post=9145"},{"taxonomy":"product_tag","embeddable":true,"href":"https:\/\/luba.de\/en\/wp-json\/wp\/v2\/product_tag?post=9145"}],"curies":[{"name":"wp","href":"https:\/\/api.w.org\/{rel}","templated":true}]}}