{"id":9151,"date":"2020-03-14T10:16:21","date_gmt":"2020-03-14T09:16:21","guid":{"rendered":"https:\/\/luba.de\/product\/mohnmuehle-gehaeuse-trichter-edelstahl-fuss-rot\/"},"modified":"2026-04-10T12:38:37","modified_gmt":"2026-04-10T10:38:37","slug":"mohnmuehle-gehaeuse-trichter-edelstahl-fuss-rot","status":"publish","type":"product","link":"https:\/\/luba.de\/en\/mohnmuehle-gehaeuse-trichter-edelstahl-fuss-rot\/","title":{"rendered":"Mohnm\u00fchle, Geh\u00e4use \/ Trichter Edelstahl, Fu\u00df rot"},"content":{"rendered":"<h2>Jupiter Mohnm\u00fchle rot<\/h2>\n<p>Geh\u00e4useteil und Trichter dieser Mohnquetsche sind komplett aus Edelstahl. Der Fu\u00df ist rot lackiert, formsch\u00f6n und praktisch, mit Tischzwinge.<\/p>\n<p>Wussten Sie, dass Mohnsaaten nicht gemahlen, sondern gequetscht werden sollten? Nur so entfaltet sich der einzigartige Geschmack und wertvolles Vitamin B sowie Calcium beiben erhalten.<\/p>\n<p>Diese kleine Meisterquetsche verarbeitet problemlos \u00f6lhaltige Saaten und quetscht Mohn, Leinsamen &amp; Co. frisch f\u00fcr den direkten Einsatz beim Kochen und Backen.<br \/>\nDurch die stufenlose Einstellung des Quetschgrades, erhalten Sie immer das volle Aroma in Ihrem gew\u00fcnschten St\u00e4rkegrad.<\/p>\n<p>BLICK AUF DIE TECHNIK:<\/p>\n<ul>\n<li>Kleiner Trichter und Tischzwinge integriert<\/li>\n<li>Mit Gummipolster f\u00fcr die schonende Anbringung am Tisch<\/li>\n<li>Fu\u00df aus lackiertem Edelstahl<\/li>\n<li>Geh\u00e4use und Trichter aus Edelstahl-Gu\u00df<\/li>\n<li>Spannweite in cm: bis 3,5<\/li>\n<li>Gewicht in kg: 0,9<\/li>\n<li>Ma\u00dfe B \u00d7 H \u00d7 T in cm: 7 \u00d7 24,5 \u00d7 17 (mit Kurbel)<\/li>\n<\/ul>\n","protected":false},"excerpt":{"rendered":"<p>Jupiter Mohnm\u00fchle rot Geh\u00e4useteil und Trichter dieser Mohnquetsche sind komplett aus Edelstahl. Der Fu\u00df ist rot lackiert, formsch\u00f6n und praktisch, mit Tischzwinge. Wussten Sie, dass Mohnsaaten nicht gemahlen, sondern gequetscht werden sollten? Nur so entfaltet sich der einzigartige Geschmack und wertvolles Vitamin B sowie Calcium beiben erhalten. Diese kleine Meisterquetsche verarbeitet problemlos \u00f6lhaltige Saaten und [&#8230;]\n","protected":false},"featured_media":9152,"comment_status":"closed","ping_status":"closed","template":"","meta":{"_acf_changed":false},"pwb-brand":[1143],"product_brand":[],"product_cat":[1008],"product_tag":[],"class_list":{"0":"post-9151","1":"product","2":"type-product","3":"status-publish","4":"has-post-thumbnail","6":"pwb-brand-jupiter-en","7":"product_cat-poppy-seed-mills","9":"first","10":"instock","11":"taxable","12":"shipping-taxable","13":"purchasable","14":"product-type-simple"},"bundled_by":[],"bundle_stock_status":"instock","bundle_stock_quantity":52,"bundle_virtual":false,"bundle_layout":"","bundle_add_to_cart_form_location":"","bundle_editable_in_cart":false,"bundle_sold_individually_context":"","bundle_item_grouping":"","bundle_min_size":"","bundle_max_size":"","bundle_price":[],"bundled_items":[],"bundle_sell_ids":[],"exclude_global_add_ons":[],"addons":[],"acf":[],"brands":[{"id":1143,"name":"Jupiter","slug":"jupiter-en"}],"_links":{"self":[{"href":"https:\/\/luba.de\/en\/wp-json\/wp\/v2\/product\/9151","targetHints":{"allow":["GET"]}}],"collection":[{"href":"https:\/\/luba.de\/en\/wp-json\/wp\/v2\/product"}],"about":[{"href":"https:\/\/luba.de\/en\/wp-json\/wp\/v2\/types\/product"}],"replies":[{"embeddable":true,"href":"https:\/\/luba.de\/en\/wp-json\/wp\/v2\/comments?post=9151"}],"wp:featuredmedia":[{"embeddable":true,"href":"https:\/\/luba.de\/en\/wp-json\/wp\/v2\/media\/9152"}],"wp:attachment":[{"href":"https:\/\/luba.de\/en\/wp-json\/wp\/v2\/media?parent=9151"}],"wp:term":[{"taxonomy":"pwb-brand","embeddable":true,"href":"https:\/\/luba.de\/en\/wp-json\/wp\/v2\/pwb-brand?post=9151"},{"taxonomy":"product_brand","embeddable":true,"href":"https:\/\/luba.de\/en\/wp-json\/wp\/v2\/product_brand?post=9151"},{"taxonomy":"product_cat","embeddable":true,"href":"https:\/\/luba.de\/en\/wp-json\/wp\/v2\/product_cat?post=9151"},{"taxonomy":"product_tag","embeddable":true,"href":"https:\/\/luba.de\/en\/wp-json\/wp\/v2\/product_tag?post=9151"}],"curies":[{"name":"wp","href":"https:\/\/api.w.org\/{rel}","templated":true}]}}