{"id":9157,"date":"2020-03-14T10:16:08","date_gmt":"2020-03-14T09:16:08","guid":{"rendered":"https:\/\/luba.de\/product\/siebset-18-cm-oe-gries-20-cm-oe-mehlsieb\/"},"modified":"2025-10-11T23:41:43","modified_gmt":"2025-10-11T21:41:43","slug":"siebset-18-cm-oe-gries-20-cm-oe-mehlsieb","status":"publish","type":"product","link":"https:\/\/luba.de\/en\/siebset-18-cm-oe-gries-20-cm-oe-mehlsieb\/","title":{"rendered":"Siebset, 18 cm \u00f8 Gries- + 20 cm \u00f8 Mehlsieb"},"content":{"rendered":"<h2>Siebset, 18 cm \u00f8 Griesieb + 20 cm \u00f8 Mehlsieb<\/h2>\n<p>Das Griessieb ist zum Trennen von Mehl und Kleie. Mehlsiebe sind n\u00fctzlich, wenn Sie &#8220;feinstes&#8221; Mehl zum Backen verwenden m\u00f6chten.<br \/>\nDie zur\u00fcckbleibende Kleie l\u00e4sst sich beim Kochen kreativ verwenden.<\/p>\n<p>Geh\u00e4use aus Holz, das feine (0,5 mm) oder grobe (1,5 mm) Gittersieb ist aus Drahtgeflecht.<br \/>\nDie Siebe sind einzeln oder als Set erh\u00e4ltlich.<\/p>\n","protected":false},"excerpt":{"rendered":"<p>Siebset, 18 cm \u00f8 Griesieb + 20 cm \u00f8 Mehlsieb Das Griessieb ist zum Trennen von Mehl und Kleie. Mehlsiebe sind n\u00fctzlich, wenn Sie &#8220;feinstes&#8221; Mehl zum Backen verwenden m\u00f6chten. Die zur\u00fcckbleibende Kleie l\u00e4sst sich beim Kochen kreativ verwenden. Geh\u00e4use aus Holz, das feine (0,5 mm) oder grobe (1,5 mm) Gittersieb ist aus Drahtgeflecht. Die [&#8230;]\n","protected":false},"featured_media":14247,"comment_status":"closed","ping_status":"closed","template":"","meta":{"_acf_changed":false},"pwb-brand":[],"product_brand":[],"product_cat":[1009],"product_tag":[],"class_list":{"0":"post-9157","1":"product","2":"type-product","3":"status-publish","4":"has-post-thumbnail","6":"product_cat-sieves","8":"first","9":"instock","10":"taxable","11":"shipping-taxable","12":"purchasable","13":"product-type-bundle"},"bundled_by":[],"bundle_stock_status":"instock","bundle_stock_quantity":100,"bundle_virtual":false,"bundle_layout":"default","bundle_add_to_cart_form_location":"default","bundle_editable_in_cart":false,"bundle_sold_individually_context":"product","bundle_item_grouping":"noindent","bundle_min_size":"","bundle_max_size":"","bundle_price":{"price":{"min":{"incl_tax":"36.66","excl_tax":"30.806723"},"max":{"incl_tax":"36.66","excl_tax":"30.806723"}},"regular_price":{"min":{"incl_tax":"36.66","excl_tax":"30.806723"},"max":{"incl_tax":"36.66","excl_tax":"30.806723"}}},"bundled_items":[{"bundled_item_id":73,"product_id":9522,"menu_order":0,"quantity_min":1,"quantity_max":1,"quantity_default":1,"priced_individually":false,"shipped_individually":false,"override_title":false,"title":"Gries-Sieb 18 cm \u00f8, Maschenweite 1, 5 mm","override_description":false,"description":"Gries-Sieb 18 cm \u00f8, Maschenweite 1, 5 mm","optional":false,"hide_thumbnail":false,"discount":"","override_variations":false,"allowed_variations":[""],"override_default_variation_attributes":false,"default_variation_attributes":[],"single_product_visibility":"visible","cart_visibility":"visible","order_visibility":"visible","single_product_price_visibility":"visible","cart_price_visibility":"visible","order_price_visibility":"visible","stock_status":"in_stock"},{"bundled_item_id":74,"product_id":9526,"menu_order":1,"quantity_min":1,"quantity_max":1,"quantity_default":1,"priced_individually":false,"shipped_individually":false,"override_title":false,"title":"Mehl-Sieb 20 cm \u00f8, Maschenweite 0, 5 mm","override_description":false,"description":"Mehl-Sieb 20 cm \u00f8, Maschenweite 0, 5 mm","optional":false,"hide_thumbnail":false,"discount":"","override_variations":false,"allowed_variations":[""],"override_default_variation_attributes":false,"default_variation_attributes":[],"single_product_visibility":"visible","cart_visibility":"visible","order_visibility":"visible","single_product_price_visibility":"visible","cart_price_visibility":"visible","order_price_visibility":"visible","stock_status":"in_stock"}],"bundle_sell_ids":[],"exclude_global_add_ons":[],"addons":[],"acf":[],"brands":[],"_links":{"self":[{"href":"https:\/\/luba.de\/en\/wp-json\/wp\/v2\/product\/9157","targetHints":{"allow":["GET"]}}],"collection":[{"href":"https:\/\/luba.de\/en\/wp-json\/wp\/v2\/product"}],"about":[{"href":"https:\/\/luba.de\/en\/wp-json\/wp\/v2\/types\/product"}],"replies":[{"embeddable":true,"href":"https:\/\/luba.de\/en\/wp-json\/wp\/v2\/comments?post=9157"}],"wp:featuredmedia":[{"embeddable":true,"href":"https:\/\/luba.de\/en\/wp-json\/wp\/v2\/media\/14247"}],"wp:attachment":[{"href":"https:\/\/luba.de\/en\/wp-json\/wp\/v2\/media?parent=9157"}],"wp:term":[{"taxonomy":"pwb-brand","embeddable":true,"href":"https:\/\/luba.de\/en\/wp-json\/wp\/v2\/pwb-brand?post=9157"},{"taxonomy":"product_brand","embeddable":true,"href":"https:\/\/luba.de\/en\/wp-json\/wp\/v2\/product_brand?post=9157"},{"taxonomy":"product_cat","embeddable":true,"href":"https:\/\/luba.de\/en\/wp-json\/wp\/v2\/product_cat?post=9157"},{"taxonomy":"product_tag","embeddable":true,"href":"https:\/\/luba.de\/en\/wp-json\/wp\/v2\/product_tag?post=9157"}],"curies":[{"name":"wp","href":"https:\/\/api.w.org\/{rel}","templated":true}]}}