{"id":9171,"date":"2020-03-14T10:16:08","date_gmt":"2020-03-14T09:16:08","guid":{"rendered":"https:\/\/luba.de\/product\/faulstisch-mein-weg-zum-wohlfuehlgewicht\/"},"modified":"2026-03-23T10:54:05","modified_gmt":"2026-03-23T09:54:05","slug":"faulstisch-mein-weg-zum-wohlfuehlgewicht","status":"publish","type":"product","link":"https:\/\/luba.de\/en\/faulstisch-mein-weg-zum-wohlfuehlgewicht\/","title":{"rendered":"Mein Weg zum Wohlf\u00fchlgewicht"},"content":{"rendered":"<p>Jeder w\u00fcnscht sich einfach normal zu essen, ohne Selbstkasteiung und Schuldgef\u00fchle. Mit seinem ganzheitlichen Lebens- und Ern\u00e4hrungskonzept hilft Peter Faulstich diesen Wunsch umzusetzen. Er zeigt, wie jeder sein pers\u00f6nliches Wohlf\u00fchlgewicht erreichen kann. Das liegt genau da, wo man sich selbst k\u00f6rperlich und seelisch wohl f\u00fchlt und mag. Die von Faulstich entwickelte stoffwechselaktive Vollwertkost bietet neue Geschmackserlebnisse. Das Essen macht wieder Spa\u00df, und die Lebensfreude kehrt zur\u00fcck.<\/p>\n<ul>\n<li>2. Auflage, jetzt mit Extra-Kapitel Diabetes mellitus<\/li>\n<li>Ganzheitliches Lebens- und Ern\u00e4hrungskonzept<\/li>\n<li>Schluss mit schlechtem Gewissen und Jojo-Effekt<\/li>\n<li>\u00dcber 200 leckere Vollwert-Rezepte<\/li>\n<\/ul>\n","protected":false},"excerpt":{"rendered":"<p>Jeder w\u00fcnscht sich einfach normal zu essen, ohne Selbstkasteiung und Schuldgef\u00fchle. Mit seinem ganzheitlichen Lebens- und Ern\u00e4hrungskonzept hilft Peter Faulstich diesen Wunsch umzusetzen. Er zeigt, wie jeder sein pers\u00f6nliches Wohlf\u00fchlgewicht erreichen kann. Das liegt genau da, wo man sich selbst k\u00f6rperlich und seelisch wohl f\u00fchlt und mag. Die von Faulstich entwickelte stoffwechselaktive Vollwertkost bietet neue [&#8230;]\n","protected":false},"featured_media":15049,"comment_status":"closed","ping_status":"closed","template":"","meta":{"_acf_changed":false},"pwb-brand":[1137],"product_brand":[],"product_cat":[1069,1072],"product_tag":[1011],"class_list":{"0":"post-9171","1":"product","2":"type-product","3":"status-publish","4":"has-post-thumbnail","6":"pwb-brand-schluetersche-en","7":"product_cat-diet-weight-loss","8":"product_cat-health","9":"product_tag-trennkost-en","11":"first","12":"instock","13":"taxable","14":"shipping-taxable","15":"purchasable","16":"product-type-simple"},"bundled_by":[],"bundle_stock_status":"instock","bundle_stock_quantity":1,"bundle_virtual":false,"bundle_layout":"","bundle_add_to_cart_form_location":"","bundle_editable_in_cart":false,"bundle_sold_individually_context":"","bundle_item_grouping":"","bundle_min_size":"","bundle_max_size":"","bundle_price":[],"bundled_items":[],"bundle_sell_ids":[],"exclude_global_add_ons":[],"addons":[],"acf":[],"brands":[{"id":1137,"name":"Schl\u00fctersche","slug":"schluetersche-en"}],"_links":{"self":[{"href":"https:\/\/luba.de\/en\/wp-json\/wp\/v2\/product\/9171","targetHints":{"allow":["GET"]}}],"collection":[{"href":"https:\/\/luba.de\/en\/wp-json\/wp\/v2\/product"}],"about":[{"href":"https:\/\/luba.de\/en\/wp-json\/wp\/v2\/types\/product"}],"replies":[{"embeddable":true,"href":"https:\/\/luba.de\/en\/wp-json\/wp\/v2\/comments?post=9171"}],"wp:featuredmedia":[{"embeddable":true,"href":"https:\/\/luba.de\/en\/wp-json\/wp\/v2\/media\/15049"}],"wp:attachment":[{"href":"https:\/\/luba.de\/en\/wp-json\/wp\/v2\/media?parent=9171"}],"wp:term":[{"taxonomy":"pwb-brand","embeddable":true,"href":"https:\/\/luba.de\/en\/wp-json\/wp\/v2\/pwb-brand?post=9171"},{"taxonomy":"product_brand","embeddable":true,"href":"https:\/\/luba.de\/en\/wp-json\/wp\/v2\/product_brand?post=9171"},{"taxonomy":"product_cat","embeddable":true,"href":"https:\/\/luba.de\/en\/wp-json\/wp\/v2\/product_cat?post=9171"},{"taxonomy":"product_tag","embeddable":true,"href":"https:\/\/luba.de\/en\/wp-json\/wp\/v2\/product_tag?post=9171"}],"curies":[{"name":"wp","href":"https:\/\/api.w.org\/{rel}","templated":true}]}}