{"id":9179,"date":"2020-03-14T10:16:08","date_gmt":"2020-03-14T09:16:08","guid":{"rendered":"https:\/\/luba.de\/product\/silikoneinlage-zu-stoeckli-doerrgitter-2er-pack\/"},"modified":"2026-02-23T08:39:10","modified_gmt":"2026-02-23T07:39:10","slug":"silikoneinlage-zu-stoeckli-doerrgitter-2er-pack","status":"publish","type":"product","link":"https:\/\/luba.de\/en\/silikoneinlage-zu-stoeckli-doerrgitter-2er-pack\/","title":{"rendered":"Silikoneinlage zu St\u00f6ckli D\u00f6rrgitter (2er Pack)"},"content":{"rendered":"<p>Zwei Silikoneinlagen f\u00fcr das D\u00f6rrgitter des St\u00f6ckli D\u00f6rrger\u00e4tes.<br \/>\nDie Silikoneinlagen verhindern zuverl\u00e4ssig ein Tropfen der Feuchtigkeit in die Heizung des Ger\u00e4ts bei sehr nassem D\u00f6rrgut wie beispielsweise Tomaten oder sehr reifen Pflaumen. Zwei St\u00fcck, BPA-Frei, passen in Metall- und Plastikgitter. \u00a0Zum Trocknen von Keksen oder selbst gemachten M\u00fcsli-Riegeln.<\/p>\n","protected":false},"excerpt":{"rendered":"<p>Zwei Silikoneinlagen f\u00fcr das D\u00f6rrgitter des St\u00f6ckli D\u00f6rrger\u00e4tes. Die Silikoneinlagen verhindern zuverl\u00e4ssig ein Tropfen der Feuchtigkeit in die Heizung des Ger\u00e4ts bei sehr nassem D\u00f6rrgut wie beispielsweise Tomaten oder sehr reifen Pflaumen. Zwei St\u00fcck, BPA-Frei, passen in Metall- und Plastikgitter. \u00a0Zum Trocknen von Keksen oder selbst gemachten M\u00fcsli-Riegeln.<\/p>\n","protected":false},"featured_media":11536,"comment_status":"closed","ping_status":"closed","template":"","meta":{"_acf_changed":false},"pwb-brand":[1145],"product_brand":[],"product_cat":[903],"product_tag":[],"class_list":{"0":"post-9179","1":"product","2":"type-product","3":"status-publish","4":"has-post-thumbnail","6":"pwb-brand-stoeckli-en","7":"product_cat-accessories-dehydrators","9":"first","10":"instock","11":"taxable","12":"shipping-taxable","13":"purchasable","14":"product-type-simple"},"bundled_by":[],"bundle_stock_status":"instock","bundle_stock_quantity":43,"bundle_virtual":false,"bundle_layout":"","bundle_add_to_cart_form_location":"","bundle_editable_in_cart":false,"bundle_sold_individually_context":"","bundle_item_grouping":"","bundle_min_size":"","bundle_max_size":"","bundle_price":[],"bundled_items":[],"bundle_sell_ids":[],"exclude_global_add_ons":[],"addons":[],"acf":[],"brands":[{"id":1145,"name":"St\u00f6ckli","slug":"stoeckli-en"}],"_links":{"self":[{"href":"https:\/\/luba.de\/en\/wp-json\/wp\/v2\/product\/9179","targetHints":{"allow":["GET"]}}],"collection":[{"href":"https:\/\/luba.de\/en\/wp-json\/wp\/v2\/product"}],"about":[{"href":"https:\/\/luba.de\/en\/wp-json\/wp\/v2\/types\/product"}],"replies":[{"embeddable":true,"href":"https:\/\/luba.de\/en\/wp-json\/wp\/v2\/comments?post=9179"}],"wp:featuredmedia":[{"embeddable":true,"href":"https:\/\/luba.de\/en\/wp-json\/wp\/v2\/media\/11536"}],"wp:attachment":[{"href":"https:\/\/luba.de\/en\/wp-json\/wp\/v2\/media?parent=9179"}],"wp:term":[{"taxonomy":"pwb-brand","embeddable":true,"href":"https:\/\/luba.de\/en\/wp-json\/wp\/v2\/pwb-brand?post=9179"},{"taxonomy":"product_brand","embeddable":true,"href":"https:\/\/luba.de\/en\/wp-json\/wp\/v2\/product_brand?post=9179"},{"taxonomy":"product_cat","embeddable":true,"href":"https:\/\/luba.de\/en\/wp-json\/wp\/v2\/product_cat?post=9179"},{"taxonomy":"product_tag","embeddable":true,"href":"https:\/\/luba.de\/en\/wp-json\/wp\/v2\/product_tag?post=9179"}],"curies":[{"name":"wp","href":"https:\/\/api.w.org\/{rel}","templated":true}]}}