{"id":9189,"date":"2020-03-14T10:16:08","date_gmt":"2020-03-14T09:16:08","guid":{"rendered":"https:\/\/luba.de\/product\/zusatz-doerrgitter-fuer-stoeckli-doerrer-kunststoff\/"},"modified":"2026-03-06T08:24:05","modified_gmt":"2026-03-06T07:24:05","slug":"zusatz-kunststoff-doerrgitter-fuer-stoeckli-doerrex-doerrgeraet","status":"publish","type":"product","link":"https:\/\/luba.de\/en\/zusatz-kunststoff-doerrgitter-fuer-stoeckli-doerrex-doerrgeraet\/","title":{"rendered":"Zusatz Kunststoff D\u00f6rrgitter f\u00fcr St\u00f6ckli D\u00f6rrex D\u00f6rrger\u00e4t"},"content":{"rendered":"<h2>D\u00f6rrgitter Kunststoff, zur Erweiterung Ihres St\u00f6ckli D\u00f6rrger\u00e4tes.<\/h2>\n<p>Erh\u00f6hen Sie die Kapazit\u00e4t Ihres D\u00f6rrger\u00e4tes mit Zusatzgittern aus hygienischem Kunststoff. Bis zu maximal 10 Etagen (<a href=\"https:\/\/luba.de\/produkt\/zusatz-edelstahl-doerrgitter-fuer-stoeckli-doerrer\/\">Edelstahl<\/a> und Kunststoff Etagen k\u00f6nnen gemischt genutzt werden).<\/p>\n<p>Sp\u00fclmaschinenfest bis 55 Grad.<\/p>\n<p>Swiss Made.<\/p>\n<p>\u00d8 33,5 cm, H\u00f6he ca. 5 cm.<\/p>\n<p>Farbe: Grau<\/p>\n","protected":false},"excerpt":{"rendered":"<p>D\u00f6rrgitter Kunststoff, zur Erweiterung Ihres St\u00f6ckli D\u00f6rrger\u00e4tes. Erh\u00f6hen Sie die Kapazit\u00e4t Ihres D\u00f6rrger\u00e4tes mit Zusatzgittern aus hygienischem Kunststoff. Bis zu maximal 10 Etagen (Edelstahl und Kunststoff Etagen k\u00f6nnen gemischt genutzt werden). Sp\u00fclmaschinenfest bis 55 Grad. Swiss Made. \u00d8 33,5 cm, H\u00f6he ca. 5 cm. Farbe: Grau<\/p>\n","protected":false},"featured_media":11524,"comment_status":"closed","ping_status":"closed","template":"","meta":{"_acf_changed":false},"pwb-brand":[1145],"product_brand":[],"product_cat":[903],"product_tag":[],"class_list":{"0":"post-9189","1":"product","2":"type-product","3":"status-publish","4":"has-post-thumbnail","6":"pwb-brand-stoeckli-en","7":"product_cat-accessories-dehydrators","9":"first","10":"instock","11":"taxable","12":"shipping-taxable","13":"purchasable","14":"product-type-simple"},"bundled_by":[],"bundle_stock_status":"instock","bundle_stock_quantity":100,"bundle_virtual":false,"bundle_layout":"","bundle_add_to_cart_form_location":"","bundle_editable_in_cart":false,"bundle_sold_individually_context":"","bundle_item_grouping":"","bundle_min_size":"","bundle_max_size":"","bundle_price":[],"bundled_items":[],"bundle_sell_ids":[],"exclude_global_add_ons":[],"addons":[],"acf":[],"brands":[{"id":1145,"name":"St\u00f6ckli","slug":"stoeckli-en"}],"_links":{"self":[{"href":"https:\/\/luba.de\/en\/wp-json\/wp\/v2\/product\/9189","targetHints":{"allow":["GET"]}}],"collection":[{"href":"https:\/\/luba.de\/en\/wp-json\/wp\/v2\/product"}],"about":[{"href":"https:\/\/luba.de\/en\/wp-json\/wp\/v2\/types\/product"}],"replies":[{"embeddable":true,"href":"https:\/\/luba.de\/en\/wp-json\/wp\/v2\/comments?post=9189"}],"wp:featuredmedia":[{"embeddable":true,"href":"https:\/\/luba.de\/en\/wp-json\/wp\/v2\/media\/11524"}],"wp:attachment":[{"href":"https:\/\/luba.de\/en\/wp-json\/wp\/v2\/media?parent=9189"}],"wp:term":[{"taxonomy":"pwb-brand","embeddable":true,"href":"https:\/\/luba.de\/en\/wp-json\/wp\/v2\/pwb-brand?post=9189"},{"taxonomy":"product_brand","embeddable":true,"href":"https:\/\/luba.de\/en\/wp-json\/wp\/v2\/product_brand?post=9189"},{"taxonomy":"product_cat","embeddable":true,"href":"https:\/\/luba.de\/en\/wp-json\/wp\/v2\/product_cat?post=9189"},{"taxonomy":"product_tag","embeddable":true,"href":"https:\/\/luba.de\/en\/wp-json\/wp\/v2\/product_tag?post=9189"}],"curies":[{"name":"wp","href":"https:\/\/api.w.org\/{rel}","templated":true}]}}