{"id":9197,"date":"2020-03-14T10:15:47","date_gmt":"2020-03-14T09:15:47","guid":{"rendered":"https:\/\/luba.de\/product\/peddigrohrkoerbchen-rund-30-cm-oe-fuer-3-kg\/"},"modified":"2026-02-23T08:54:40","modified_gmt":"2026-02-23T07:54:40","slug":"peddigrohrkoerbchen-rund-30-cm-oe-fuer-3-kg","status":"publish","type":"product","link":"https:\/\/luba.de\/en\/peddigrohrkoerbchen-rund-30-cm-oe-fuer-3-kg\/","title":{"rendered":"Peddigrohrk\u00f6rbchen, rund 30 cm \u00f8, f\u00fcr 3 kg"},"content":{"rendered":"<p>Peddigrohrk\u00f6rbchen, rund &#8211; in diesem K\u00f6rbchen erh\u00e4lt Ihr selbstgebackenes Brot w\u00e4hrend des G\u00e4rvorganges die richtige Form. Rund oder lang, in vielen Gr\u00f6\u00dfen.<\/p>\n","protected":false},"excerpt":{"rendered":"<p>Peddigrohrk\u00f6rbchen, rund &#8211; in diesem K\u00f6rbchen erh\u00e4lt Ihr selbstgebackenes Brot w\u00e4hrend des G\u00e4rvorganges die richtige Form. Rund oder lang, in vielen Gr\u00f6\u00dfen.<\/p>\n","protected":false},"featured_media":11659,"comment_status":"closed","ping_status":"closed","template":"","meta":{"_acf_changed":false},"pwb-brand":[],"product_brand":[],"product_cat":[911],"product_tag":[1293,1371,1306],"class_list":{"0":"post-9197","1":"product","2":"type-product","3":"status-publish","4":"has-post-thumbnail","6":"product_cat-rattan-baskets","7":"product_tag-gaerkorb-en","8":"product_tag-gaerkorb-3-kg-en","9":"product_tag-gaerkorb-rund-en","11":"first","12":"instock","13":"taxable","14":"shipping-taxable","15":"purchasable","16":"product-type-simple"},"bundled_by":[],"bundle_stock_status":"instock","bundle_stock_quantity":36,"bundle_virtual":false,"bundle_layout":"","bundle_add_to_cart_form_location":"","bundle_editable_in_cart":false,"bundle_sold_individually_context":"","bundle_item_grouping":"","bundle_min_size":"","bundle_max_size":"","bundle_price":[],"bundled_items":[],"bundle_sell_ids":[],"exclude_global_add_ons":[],"addons":[],"acf":[],"brands":[],"_links":{"self":[{"href":"https:\/\/luba.de\/en\/wp-json\/wp\/v2\/product\/9197","targetHints":{"allow":["GET"]}}],"collection":[{"href":"https:\/\/luba.de\/en\/wp-json\/wp\/v2\/product"}],"about":[{"href":"https:\/\/luba.de\/en\/wp-json\/wp\/v2\/types\/product"}],"replies":[{"embeddable":true,"href":"https:\/\/luba.de\/en\/wp-json\/wp\/v2\/comments?post=9197"}],"wp:featuredmedia":[{"embeddable":true,"href":"https:\/\/luba.de\/en\/wp-json\/wp\/v2\/media\/11659"}],"wp:attachment":[{"href":"https:\/\/luba.de\/en\/wp-json\/wp\/v2\/media?parent=9197"}],"wp:term":[{"taxonomy":"pwb-brand","embeddable":true,"href":"https:\/\/luba.de\/en\/wp-json\/wp\/v2\/pwb-brand?post=9197"},{"taxonomy":"product_brand","embeddable":true,"href":"https:\/\/luba.de\/en\/wp-json\/wp\/v2\/product_brand?post=9197"},{"taxonomy":"product_cat","embeddable":true,"href":"https:\/\/luba.de\/en\/wp-json\/wp\/v2\/product_cat?post=9197"},{"taxonomy":"product_tag","embeddable":true,"href":"https:\/\/luba.de\/en\/wp-json\/wp\/v2\/product_tag?post=9197"}],"curies":[{"name":"wp","href":"https:\/\/api.w.org\/{rel}","templated":true}]}}