{"id":9218,"date":"2020-03-14T10:15:47","date_gmt":"2020-03-14T09:15:47","guid":{"rendered":"https:\/\/luba.de\/product\/blauglanzblech-backform-mit-deckel-fuer-750-g\/"},"modified":"2026-04-02T12:23:43","modified_gmt":"2026-04-02T10:23:43","slug":"blauglanzblech-backform-mit-deckel-fuer-750-g","status":"publish","type":"product","link":"https:\/\/luba.de\/en\/blauglanzblech-backform-mit-deckel-fuer-750-g\/","title":{"rendered":"Blauglanzblech Backform mit Deckel, f\u00fcr 750 g"},"content":{"rendered":"<h2>Brotbackform mit Deckel ideal f\u00fcr Toastbrot oder Kastenbrot<\/h2>\n<p>Backformen aus Blauglanzblech geben die Hitze gleichm\u00e4\u00dfig ab, der Deckel verhindert das Austrocknen des Brotes. Nach der halben Backzeit wird der Deckel entfernt, damit das Backgut eine sch\u00f6ne Kruste erh\u00e4lt. Sie k\u00f6nnen jedes beliebige Brotrezept verwenden.<\/p>\n<p>F\u00fcr ca. 750 g Teig. Zur besseren Auslastung des Backofens k\u00f6nnen auch mehrere Brote gleichzeitig gebacken werden.<\/p>\n<p>Ma\u00dfe ca. L\/B\/H in cm: 20,5\/9\/9.<\/p>\n","protected":false},"excerpt":{"rendered":"<p>Brotbackform mit Deckel ideal f\u00fcr Toastbrot oder Kastenbrot Backformen aus Blauglanzblech geben die Hitze gleichm\u00e4\u00dfig ab, der Deckel verhindert das Austrocknen des Brotes. Nach der halben Backzeit wird der Deckel entfernt, damit das Backgut eine sch\u00f6ne Kruste erh\u00e4lt. Sie k\u00f6nnen jedes beliebige Brotrezept verwenden. F\u00fcr ca. 750 g Teig. Zur besseren Auslastung des Backofens k\u00f6nnen [&#8230;]\n","protected":false},"featured_media":11226,"comment_status":"closed","ping_status":"closed","template":"","meta":{"_acf_changed":false},"pwb-brand":[],"product_brand":[],"product_cat":[916],"product_tag":[],"class_list":{"0":"post-9218","1":"product","2":"type-product","3":"status-publish","4":"has-post-thumbnail","6":"product_cat-baking-dishes","8":"first","9":"instock","10":"taxable","11":"shipping-taxable","12":"purchasable","13":"product-type-simple"},"bundled_by":[],"bundle_stock_status":"instock","bundle_stock_quantity":100,"bundle_virtual":false,"bundle_layout":"","bundle_add_to_cart_form_location":"","bundle_editable_in_cart":false,"bundle_sold_individually_context":"","bundle_item_grouping":"","bundle_min_size":"","bundle_max_size":"","bundle_price":[],"bundled_items":[],"bundle_sell_ids":[],"exclude_global_add_ons":[],"addons":[],"acf":[],"brands":[],"_links":{"self":[{"href":"https:\/\/luba.de\/en\/wp-json\/wp\/v2\/product\/9218","targetHints":{"allow":["GET"]}}],"collection":[{"href":"https:\/\/luba.de\/en\/wp-json\/wp\/v2\/product"}],"about":[{"href":"https:\/\/luba.de\/en\/wp-json\/wp\/v2\/types\/product"}],"replies":[{"embeddable":true,"href":"https:\/\/luba.de\/en\/wp-json\/wp\/v2\/comments?post=9218"}],"wp:featuredmedia":[{"embeddable":true,"href":"https:\/\/luba.de\/en\/wp-json\/wp\/v2\/media\/11226"}],"wp:attachment":[{"href":"https:\/\/luba.de\/en\/wp-json\/wp\/v2\/media?parent=9218"}],"wp:term":[{"taxonomy":"pwb-brand","embeddable":true,"href":"https:\/\/luba.de\/en\/wp-json\/wp\/v2\/pwb-brand?post=9218"},{"taxonomy":"product_brand","embeddable":true,"href":"https:\/\/luba.de\/en\/wp-json\/wp\/v2\/product_brand?post=9218"},{"taxonomy":"product_cat","embeddable":true,"href":"https:\/\/luba.de\/en\/wp-json\/wp\/v2\/product_cat?post=9218"},{"taxonomy":"product_tag","embeddable":true,"href":"https:\/\/luba.de\/en\/wp-json\/wp\/v2\/product_tag?post=9218"}],"curies":[{"name":"wp","href":"https:\/\/api.w.org\/{rel}","templated":true}]}}