{"id":9230,"date":"2020-03-14T10:15:47","date_gmt":"2020-03-14T09:15:47","guid":{"rendered":"https:\/\/luba.de\/product\/culina-4870-motor-rk-stahlmahlvors\/"},"modified":"2025-10-11T23:29:53","modified_gmt":"2025-10-11T21:29:53","slug":"culina-motorblock-ruehr-und-knetwerk-stahlmahlvorsatz","status":"publish","type":"product","link":"https:\/\/luba.de\/en\/culina-motorblock-ruehr-und-knetwerk-stahlmahlvorsatz\/","title":{"rendered":"Culina Motorblock +  R\u00fchr- und Knetwerk + Stahlmahlvorsatz"},"content":{"rendered":"<p>Die perfekte Kombination, um zu Hause Brot zu backen: Getreide mahlen und anschlie\u00dfend sofort den Teig verarbeiten. Variabel und mit weiteren Aufs\u00e4tzen aufr\u00fcstbar.<\/p>\n","protected":false},"excerpt":{"rendered":"<p>Die perfekte Kombination, um zu Hause Brot zu backen: Getreide mahlen und anschlie\u00dfend sofort den Teig verarbeiten. Variabel und mit weiteren Aufs\u00e4tzen aufr\u00fcstbar.<\/p>\n","protected":false},"featured_media":12480,"comment_status":"closed","ping_status":"closed","template":"","meta":{"_acf_changed":false},"pwb-brand":[1163],"product_brand":[],"product_cat":[958,852,1017],"product_tag":[],"class_list":{"0":"post-9230","1":"product","2":"type-product","3":"status-publish","4":"has-post-thumbnail","6":"pwb-brand-messerschmidt-en","7":"product_cat-kitchen-appliance","8":"product_cat-kitchen-appliances-electrical","9":"product_cat-messerschmidt-kuechenmaschienen-en","11":"first","12":"instock","13":"taxable","14":"shipping-taxable","15":"purchasable","16":"product-type-bundle"},"bundled_by":[],"bundle_stock_status":"instock","bundle_stock_quantity":3,"bundle_virtual":false,"bundle_layout":"default","bundle_add_to_cart_form_location":"default","bundle_editable_in_cart":false,"bundle_sold_individually_context":"product","bundle_item_grouping":"noindent","bundle_min_size":"","bundle_max_size":"","bundle_price":{"price":{"min":{"incl_tax":"477","excl_tax":"400.840336"},"max":{"incl_tax":"477","excl_tax":"400.840336"}},"regular_price":{"min":{"incl_tax":"477","excl_tax":"400.840336"},"max":{"incl_tax":"477","excl_tax":"400.840336"}}},"bundled_items":[{"bundled_item_id":31,"product_id":9486,"menu_order":0,"quantity_min":1,"quantity_max":1,"quantity_default":1,"priced_individually":false,"shipped_individually":false,"override_title":false,"title":"Culina (MaxiMahl) Motorblock, 480 Watt","override_description":false,"description":"Culina (MaxiMahl) Motorblock, 480 Watt","optional":false,"hide_thumbnail":false,"discount":"","override_variations":false,"allowed_variations":[""],"override_default_variation_attributes":false,"default_variation_attributes":[],"single_product_visibility":"visible","cart_visibility":"visible","order_visibility":"visible","single_product_price_visibility":"visible","cart_price_visibility":"visible","order_price_visibility":"visible","stock_status":"in_stock"},{"bundled_item_id":32,"product_id":9640,"menu_order":1,"quantity_min":1,"quantity_max":1,"quantity_default":1,"priced_individually":false,"shipped_individually":false,"override_title":false,"title":"R\u00fchr- und Knetwerk (RK) f\u00fcr Culina","override_description":false,"description":"R\u00fchr- und Knetwerk (RK) f\u00fcr Culina","optional":false,"hide_thumbnail":false,"discount":"","override_variations":false,"allowed_variations":[""],"override_default_variation_attributes":false,"default_variation_attributes":[],"single_product_visibility":"visible","cart_visibility":"visible","order_visibility":"visible","single_product_price_visibility":"visible","cart_price_visibility":"visible","order_price_visibility":"visible","stock_status":"in_stock"},{"bundled_item_id":33,"product_id":9604,"menu_order":2,"quantity_min":1,"quantity_max":1,"quantity_default":1,"priced_individually":false,"shipped_individually":false,"override_title":false,"title":"Messerschmidt Stahlmahlvorsatz","override_description":false,"description":"Messerschmidt Stahlmahlvorsatz","optional":false,"hide_thumbnail":false,"discount":"","override_variations":false,"allowed_variations":[""],"override_default_variation_attributes":false,"default_variation_attributes":[],"single_product_visibility":"visible","cart_visibility":"visible","order_visibility":"visible","single_product_price_visibility":"visible","cart_price_visibility":"visible","order_price_visibility":"visible","stock_status":"in_stock"}],"bundle_sell_ids":[],"exclude_global_add_ons":[],"addons":[],"acf":[],"brands":[{"id":1163,"name":"Messerschmidt","slug":"messerschmidt-en"}],"_links":{"self":[{"href":"https:\/\/luba.de\/en\/wp-json\/wp\/v2\/product\/9230","targetHints":{"allow":["GET"]}}],"collection":[{"href":"https:\/\/luba.de\/en\/wp-json\/wp\/v2\/product"}],"about":[{"href":"https:\/\/luba.de\/en\/wp-json\/wp\/v2\/types\/product"}],"replies":[{"embeddable":true,"href":"https:\/\/luba.de\/en\/wp-json\/wp\/v2\/comments?post=9230"}],"wp:featuredmedia":[{"embeddable":true,"href":"https:\/\/luba.de\/en\/wp-json\/wp\/v2\/media\/12480"}],"wp:attachment":[{"href":"https:\/\/luba.de\/en\/wp-json\/wp\/v2\/media?parent=9230"}],"wp:term":[{"taxonomy":"pwb-brand","embeddable":true,"href":"https:\/\/luba.de\/en\/wp-json\/wp\/v2\/pwb-brand?post=9230"},{"taxonomy":"product_brand","embeddable":true,"href":"https:\/\/luba.de\/en\/wp-json\/wp\/v2\/product_brand?post=9230"},{"taxonomy":"product_cat","embeddable":true,"href":"https:\/\/luba.de\/en\/wp-json\/wp\/v2\/product_cat?post=9230"},{"taxonomy":"product_tag","embeddable":true,"href":"https:\/\/luba.de\/en\/wp-json\/wp\/v2\/product_tag?post=9230"}],"curies":[{"name":"wp","href":"https:\/\/api.w.org\/{rel}","templated":true}]}}