{"id":9238,"date":"2020-03-14T10:15:34","date_gmt":"2020-03-14T09:15:34","guid":{"rendered":"https:\/\/luba.de\/product\/auffangschale-f-3er-gestell-weiss-eschenf\/"},"modified":"2026-01-10T16:08:50","modified_gmt":"2026-01-10T15:08:50","slug":"auffangschale-f-3er-gestell-weiss-eschenf","status":"publish","type":"product","link":"https:\/\/luba.de\/en\/auffangschale-f-3er-gestell-weiss-eschenf\/","title":{"rendered":"Auffangschale f\u00fcr 3er-Gestell, wei\u00df Eschenfelder"},"content":{"rendered":"<p>Praktische, hochwertige Auffangschale f\u00fcr 3er Eschenfelder Edelstahlgestell und Sprossengl\u00e4ser IN Keramik, wei\u00df.<\/p>\n","protected":false},"excerpt":{"rendered":"<p>Praktische, hochwertige Auffangschale f\u00fcr 3er Eschenfelder Edelstahlgestell und Sprossengl\u00e4ser IN Keramik, wei\u00df.<\/p>\n","protected":false},"featured_media":24636,"comment_status":"closed","ping_status":"closed","template":"","meta":{"_acf_changed":false},"pwb-brand":[1183],"product_brand":[],"product_cat":[845],"product_tag":[1402],"class_list":{"0":"post-9238","1":"product","2":"type-product","3":"status-publish","4":"has-post-thumbnail","6":"pwb-brand-eschenfelder-en","7":"product_cat-eschenfelder-en","8":"product_tag-ersatzteile-eschenfelder-en","10":"first","11":"instock","12":"taxable","13":"shipping-taxable","14":"purchasable","15":"product-type-simple"},"bundled_by":[],"bundle_stock_status":"instock","bundle_stock_quantity":37,"bundle_virtual":false,"bundle_layout":"","bundle_add_to_cart_form_location":"","bundle_editable_in_cart":false,"bundle_sold_individually_context":"","bundle_item_grouping":"","bundle_min_size":"","bundle_max_size":"","bundle_price":[],"bundled_items":[],"bundle_sell_ids":[],"exclude_global_add_ons":[],"addons":[],"acf":[],"brands":[{"id":1183,"name":"Eschenfelder","slug":"eschenfelder-en"}],"_links":{"self":[{"href":"https:\/\/luba.de\/en\/wp-json\/wp\/v2\/product\/9238","targetHints":{"allow":["GET"]}}],"collection":[{"href":"https:\/\/luba.de\/en\/wp-json\/wp\/v2\/product"}],"about":[{"href":"https:\/\/luba.de\/en\/wp-json\/wp\/v2\/types\/product"}],"replies":[{"embeddable":true,"href":"https:\/\/luba.de\/en\/wp-json\/wp\/v2\/comments?post=9238"}],"wp:featuredmedia":[{"embeddable":true,"href":"https:\/\/luba.de\/en\/wp-json\/wp\/v2\/media\/24636"}],"wp:attachment":[{"href":"https:\/\/luba.de\/en\/wp-json\/wp\/v2\/media?parent=9238"}],"wp:term":[{"taxonomy":"pwb-brand","embeddable":true,"href":"https:\/\/luba.de\/en\/wp-json\/wp\/v2\/pwb-brand?post=9238"},{"taxonomy":"product_brand","embeddable":true,"href":"https:\/\/luba.de\/en\/wp-json\/wp\/v2\/product_brand?post=9238"},{"taxonomy":"product_cat","embeddable":true,"href":"https:\/\/luba.de\/en\/wp-json\/wp\/v2\/product_cat?post=9238"},{"taxonomy":"product_tag","embeddable":true,"href":"https:\/\/luba.de\/en\/wp-json\/wp\/v2\/product_tag?post=9238"}],"curies":[{"name":"wp","href":"https:\/\/api.w.org\/{rel}","templated":true}]}}