{"id":9254,"date":"2020-03-14T10:15:34","date_gmt":"2020-03-14T09:15:34","guid":{"rendered":"https:\/\/luba.de\/product\/kornkraft-getreidebehaelter-moritz-2-kg\/"},"modified":"2025-10-11T23:44:48","modified_gmt":"2025-10-11T21:44:48","slug":"kornkraft-getreidebehaelter-moritz-2-kg","status":"publish","type":"product","link":"https:\/\/luba.de\/en\/kornkraft-getreidebehaelter-moritz-2-kg\/","title":{"rendered":"Kornkraft Getreidebeh\u00e4lter Moritz 2 kg"},"content":{"rendered":"<p>Diese Getreidebeh\u00e4lter machen in jeder Vollwert-K\u00fcche eine gute Figur.<br \/>\nUnd das Sichtfenster aus Echtglas informiert Sie jederzeit \u00fcber den Stand Ihrer Vorr\u00e4te.<\/p>\n<p>Atmungsaktives L\u00e4rchenholz, mit Bienenwachsbalsam behandelt, verhindert Staun\u00e4sse.<\/p>\n<ul>\n<li>F\u00fcllmenge: 2 kg Getreide<\/li>\n<li>Verschlu\u00df: Pa\u00dffalz<\/li>\n<li>Ma\u00dfe: H\u00f6he: 27 cm, Breite: 18 cm, Tiefe: 15 cm<\/li>\n<li>Gewicht: 2 kg<\/li>\n<li>Garantie: 5 Jahre<\/li>\n<\/ul>\n","protected":false},"excerpt":{"rendered":"<p>Diese Getreidebeh\u00e4lter machen in jeder Vollwert-K\u00fcche eine gute Figur. Und das Sichtfenster aus Echtglas informiert Sie jederzeit \u00fcber den Stand Ihrer Vorr\u00e4te. Atmungsaktives L\u00e4rchenholz, mit Bienenwachsbalsam behandelt, verhindert Staun\u00e4sse. F\u00fcllmenge: 2 kg Getreide Verschlu\u00df: Pa\u00dffalz Ma\u00dfe: H\u00f6he: 27 cm, Breite: 18 cm, Tiefe: 15 cm Gewicht: 2 kg Garantie: 5 Jahre<\/p>\n","protected":false},"featured_media":9255,"comment_status":"closed","ping_status":"closed","template":"","meta":{"_acf_changed":false},"pwb-brand":[1189],"product_brand":[],"product_cat":[922],"product_tag":[],"class_list":{"0":"post-9254","1":"product","2":"type-product","3":"status-publish","4":"has-post-thumbnail","6":"pwb-brand-kornkraft-en","7":"product_cat-grain-storage","9":"first","10":"outofstock","11":"taxable","12":"shipping-taxable","13":"purchasable","14":"product-type-simple"},"bundled_by":[],"bundle_stock_status":"outofstock","bundle_stock_quantity":0,"bundle_virtual":false,"bundle_layout":"","bundle_add_to_cart_form_location":"","bundle_editable_in_cart":false,"bundle_sold_individually_context":"","bundle_item_grouping":"","bundle_min_size":"","bundle_max_size":"","bundle_price":[],"bundled_items":[],"bundle_sell_ids":[],"exclude_global_add_ons":[],"addons":[],"acf":[],"brands":[{"id":1189,"name":"Kornkraft","slug":"kornkraft-en"}],"_links":{"self":[{"href":"https:\/\/luba.de\/en\/wp-json\/wp\/v2\/product\/9254","targetHints":{"allow":["GET"]}}],"collection":[{"href":"https:\/\/luba.de\/en\/wp-json\/wp\/v2\/product"}],"about":[{"href":"https:\/\/luba.de\/en\/wp-json\/wp\/v2\/types\/product"}],"replies":[{"embeddable":true,"href":"https:\/\/luba.de\/en\/wp-json\/wp\/v2\/comments?post=9254"}],"wp:featuredmedia":[{"embeddable":true,"href":"https:\/\/luba.de\/en\/wp-json\/wp\/v2\/media\/9255"}],"wp:attachment":[{"href":"https:\/\/luba.de\/en\/wp-json\/wp\/v2\/media?parent=9254"}],"wp:term":[{"taxonomy":"pwb-brand","embeddable":true,"href":"https:\/\/luba.de\/en\/wp-json\/wp\/v2\/pwb-brand?post=9254"},{"taxonomy":"product_brand","embeddable":true,"href":"https:\/\/luba.de\/en\/wp-json\/wp\/v2\/product_brand?post=9254"},{"taxonomy":"product_cat","embeddable":true,"href":"https:\/\/luba.de\/en\/wp-json\/wp\/v2\/product_cat?post=9254"},{"taxonomy":"product_tag","embeddable":true,"href":"https:\/\/luba.de\/en\/wp-json\/wp\/v2\/product_tag?post=9254"}],"curies":[{"name":"wp","href":"https:\/\/api.w.org\/{rel}","templated":true}]}}