{"id":9258,"date":"2020-03-14T10:15:34","date_gmt":"2020-03-14T09:15:34","guid":{"rendered":"https:\/\/luba.de\/product\/waldner-getreidesilo-zirbe-fuer-5-kg\/"},"modified":"2026-03-12T10:23:44","modified_gmt":"2026-03-12T09:23:44","slug":"waldner-getreidesilo-zirbe-fuer-5-kg","status":"publish","type":"product","link":"https:\/\/luba.de\/en\/waldner-getreidesilo-zirbe-fuer-5-kg\/","title":{"rendered":"Waldner Getreidesilo Zirbe f\u00fcr 5 kg"},"content":{"rendered":"<p>Der Osttiroler Getreidesilo besteht aus massivem Zirbenholz. Fassungsverm\u00f6gen ca. 5 kg. Die Oberfl\u00e4che ist mit Wasserlack behandelt und abwischbar. Die Kunststoffscheiben k\u00f6nnen zum Reinigen herausgenommen werden.<\/p>\n","protected":false},"excerpt":{"rendered":"<p>Der Osttiroler Getreidesilo besteht aus massivem Zirbenholz. Fassungsverm\u00f6gen ca. 5 kg. Die Oberfl\u00e4che ist mit Wasserlack behandelt und abwischbar. Die Kunststoffscheiben k\u00f6nnen zum Reinigen herausgenommen werden.<\/p>\n","protected":false},"featured_media":9259,"comment_status":"closed","ping_status":"closed","template":"","meta":{"_acf_changed":false},"pwb-brand":[1226],"product_brand":[],"product_cat":[922],"product_tag":[],"class_list":{"0":"post-9258","1":"product","2":"type-product","3":"status-publish","4":"has-post-thumbnail","6":"pwb-brand-waldner-en","7":"product_cat-grain-storage","9":"first","10":"instock","11":"taxable","12":"shipping-taxable","13":"purchasable","14":"product-type-simple"},"bundled_by":[],"bundle_stock_status":"instock","bundle_stock_quantity":21,"bundle_virtual":false,"bundle_layout":"","bundle_add_to_cart_form_location":"","bundle_editable_in_cart":false,"bundle_sold_individually_context":"","bundle_item_grouping":"","bundle_min_size":"","bundle_max_size":"","bundle_price":[],"bundled_items":[],"bundle_sell_ids":[],"exclude_global_add_ons":[],"addons":[],"acf":[],"brands":[{"id":1226,"name":"Waldner","slug":"waldner-en"}],"_links":{"self":[{"href":"https:\/\/luba.de\/en\/wp-json\/wp\/v2\/product\/9258","targetHints":{"allow":["GET"]}}],"collection":[{"href":"https:\/\/luba.de\/en\/wp-json\/wp\/v2\/product"}],"about":[{"href":"https:\/\/luba.de\/en\/wp-json\/wp\/v2\/types\/product"}],"replies":[{"embeddable":true,"href":"https:\/\/luba.de\/en\/wp-json\/wp\/v2\/comments?post=9258"}],"wp:featuredmedia":[{"embeddable":true,"href":"https:\/\/luba.de\/en\/wp-json\/wp\/v2\/media\/9259"}],"wp:attachment":[{"href":"https:\/\/luba.de\/en\/wp-json\/wp\/v2\/media?parent=9258"}],"wp:term":[{"taxonomy":"pwb-brand","embeddable":true,"href":"https:\/\/luba.de\/en\/wp-json\/wp\/v2\/pwb-brand?post=9258"},{"taxonomy":"product_brand","embeddable":true,"href":"https:\/\/luba.de\/en\/wp-json\/wp\/v2\/product_brand?post=9258"},{"taxonomy":"product_cat","embeddable":true,"href":"https:\/\/luba.de\/en\/wp-json\/wp\/v2\/product_cat?post=9258"},{"taxonomy":"product_tag","embeddable":true,"href":"https:\/\/luba.de\/en\/wp-json\/wp\/v2\/product_tag?post=9258"}],"curies":[{"name":"wp","href":"https:\/\/api.w.org\/{rel}","templated":true}]}}