{"id":9260,"date":"2020-03-14T10:15:34","date_gmt":"2020-03-14T09:15:34","guid":{"rendered":"https:\/\/luba.de\/product\/hawos-getreidesilo-2-x-5-kg\/"},"modified":"2026-02-02T15:09:25","modified_gmt":"2026-02-02T14:09:25","slug":"hawos-getreidesilo-2-x-5-kg","status":"publish","type":"product","link":"https:\/\/luba.de\/en\/hawos-getreidesilo-2-x-5-kg\/","title":{"rendered":"hawos Getreidesilo 2 x 5 kg"},"content":{"rendered":"<p>Mit seinem hochwertigen Buchengeh\u00e4use und den geschliffenen Glassichtscheiben passt sich der Getreidesilo mit zwei Kammern jeder K\u00fccheneinrichtung an. Im Design an die klassischen hawos-M\u00fchlenmodelle angelehnt, ist dieser Getreidesilo das dekorative Wand-Accessoire f\u00fcr die Lagerung von jeweils 5 kg Getreide je Kammer.  H\u00f6he x Breite x Tiefe: 457 x 297 x 175 mm<\/p>\n","protected":false},"excerpt":{"rendered":"<p>Mit seinem hochwertigen Buchengeh\u00e4use und den geschliffenen Glassichtscheiben passt sich der Getreidesilo mit zwei Kammern jeder K\u00fccheneinrichtung an. Im Design an die klassischen hawos-M\u00fchlenmodelle angelehnt, ist dieser Getreidesilo das dekorative Wand-Accessoire f\u00fcr die Lagerung von jeweils 5 kg Getreide je Kammer. H\u00f6he x Breite x Tiefe: 457 x 297 x 175 mm<\/p>\n","protected":false},"featured_media":9261,"comment_status":"closed","ping_status":"closed","template":"","meta":{"_acf_changed":false},"pwb-brand":[1125],"product_brand":[],"product_cat":[922],"product_tag":[],"class_list":{"0":"post-9260","1":"product","2":"type-product","3":"status-publish","4":"has-post-thumbnail","6":"pwb-brand-hawos-en","7":"product_cat-grain-storage","9":"first","10":"instock","11":"taxable","12":"shipping-taxable","13":"purchasable","14":"product-type-simple"},"bundled_by":[],"bundle_stock_status":"instock","bundle_stock_quantity":100,"bundle_virtual":false,"bundle_layout":"","bundle_add_to_cart_form_location":"","bundle_editable_in_cart":false,"bundle_sold_individually_context":"","bundle_item_grouping":"","bundle_min_size":"","bundle_max_size":"","bundle_price":[],"bundled_items":[],"bundle_sell_ids":[],"exclude_global_add_ons":[],"addons":[],"acf":[],"brands":[{"id":1125,"name":"hawos","slug":"hawos-en"}],"_links":{"self":[{"href":"https:\/\/luba.de\/en\/wp-json\/wp\/v2\/product\/9260","targetHints":{"allow":["GET"]}}],"collection":[{"href":"https:\/\/luba.de\/en\/wp-json\/wp\/v2\/product"}],"about":[{"href":"https:\/\/luba.de\/en\/wp-json\/wp\/v2\/types\/product"}],"replies":[{"embeddable":true,"href":"https:\/\/luba.de\/en\/wp-json\/wp\/v2\/comments?post=9260"}],"wp:featuredmedia":[{"embeddable":true,"href":"https:\/\/luba.de\/en\/wp-json\/wp\/v2\/media\/9261"}],"wp:attachment":[{"href":"https:\/\/luba.de\/en\/wp-json\/wp\/v2\/media?parent=9260"}],"wp:term":[{"taxonomy":"pwb-brand","embeddable":true,"href":"https:\/\/luba.de\/en\/wp-json\/wp\/v2\/pwb-brand?post=9260"},{"taxonomy":"product_brand","embeddable":true,"href":"https:\/\/luba.de\/en\/wp-json\/wp\/v2\/product_brand?post=9260"},{"taxonomy":"product_cat","embeddable":true,"href":"https:\/\/luba.de\/en\/wp-json\/wp\/v2\/product_cat?post=9260"},{"taxonomy":"product_tag","embeddable":true,"href":"https:\/\/luba.de\/en\/wp-json\/wp\/v2\/product_tag?post=9260"}],"curies":[{"name":"wp","href":"https:\/\/api.w.org\/{rel}","templated":true}]}}