{"id":9264,"date":"2020-03-14T10:15:34","date_gmt":"2020-03-14T09:15:34","guid":{"rendered":"https:\/\/luba.de\/product\/peddigrohrkoerbchen-lang-30-x14-x-9-cm-fuer-1-kg\/"},"modified":"2026-03-30T16:54:00","modified_gmt":"2026-03-30T14:54:00","slug":"gaerkorb-oval-lang-1-kg","status":"publish","type":"product","link":"https:\/\/luba.de\/en\/gaerkorb-oval-lang-1-kg\/","title":{"rendered":"G\u00e4rkorb, oval lang (1 kg)"},"content":{"rendered":"<h3>G\u00e4rkorb oval lang f\u00fcr 1 kg<\/h3>\n<p>G\u00e4rkorb aus Peddigrohr.<br \/>\nIn diesem K\u00f6rbchen erh\u00e4lt Ihr selbstgebackenes Brot w\u00e4hrend des G\u00e4rvorganges die richtige Form.<\/p>\n<p>Form: oval<\/p>\n<p>Teigling bis: 1 kg<\/p>\n<p>Ma\u00dfe (L\/B\/H): 30x14x9 cm<\/p>\n","protected":false},"excerpt":{"rendered":"<p>G\u00e4rkorb oval lang f\u00fcr 1 kg G\u00e4rkorb aus Peddigrohr. In diesem K\u00f6rbchen erh\u00e4lt Ihr selbstgebackenes Brot w\u00e4hrend des G\u00e4rvorganges die richtige Form. Form: oval Teigling bis: 1 kg Ma\u00dfe (L\/B\/H): 30x14x9 cm<\/p>\n","protected":false},"featured_media":11248,"comment_status":"closed","ping_status":"closed","template":"","meta":{"_acf_changed":false},"pwb-brand":[],"product_brand":[],"product_cat":[911],"product_tag":[1293,1311,1312],"class_list":{"0":"post-9264","1":"product","2":"type-product","3":"status-publish","4":"has-post-thumbnail","6":"product_cat-rattan-baskets","7":"product_tag-gaerkorb-en","8":"product_tag-gaerkorb-1-kg-en","9":"product_tag-gaerkorb-oval-en","11":"first","12":"instock","13":"taxable","14":"shipping-taxable","15":"purchasable","16":"product-type-simple"},"bundled_by":[],"bundle_stock_status":"instock","bundle_stock_quantity":34,"bundle_virtual":false,"bundle_layout":"","bundle_add_to_cart_form_location":"","bundle_editable_in_cart":false,"bundle_sold_individually_context":"","bundle_item_grouping":"","bundle_min_size":"","bundle_max_size":"","bundle_price":[],"bundled_items":[],"bundle_sell_ids":[],"exclude_global_add_ons":[],"addons":[],"acf":[],"brands":[],"_links":{"self":[{"href":"https:\/\/luba.de\/en\/wp-json\/wp\/v2\/product\/9264","targetHints":{"allow":["GET"]}}],"collection":[{"href":"https:\/\/luba.de\/en\/wp-json\/wp\/v2\/product"}],"about":[{"href":"https:\/\/luba.de\/en\/wp-json\/wp\/v2\/types\/product"}],"replies":[{"embeddable":true,"href":"https:\/\/luba.de\/en\/wp-json\/wp\/v2\/comments?post=9264"}],"wp:featuredmedia":[{"embeddable":true,"href":"https:\/\/luba.de\/en\/wp-json\/wp\/v2\/media\/11248"}],"wp:attachment":[{"href":"https:\/\/luba.de\/en\/wp-json\/wp\/v2\/media?parent=9264"}],"wp:term":[{"taxonomy":"pwb-brand","embeddable":true,"href":"https:\/\/luba.de\/en\/wp-json\/wp\/v2\/pwb-brand?post=9264"},{"taxonomy":"product_brand","embeddable":true,"href":"https:\/\/luba.de\/en\/wp-json\/wp\/v2\/product_brand?post=9264"},{"taxonomy":"product_cat","embeddable":true,"href":"https:\/\/luba.de\/en\/wp-json\/wp\/v2\/product_cat?post=9264"},{"taxonomy":"product_tag","embeddable":true,"href":"https:\/\/luba.de\/en\/wp-json\/wp\/v2\/product_tag?post=9264"}],"curies":[{"name":"wp","href":"https:\/\/api.w.org\/{rel}","templated":true}]}}