{"id":9270,"date":"2020-03-14T10:15:08","date_gmt":"2020-03-14T09:15:08","guid":{"rendered":"https:\/\/luba.de\/product\/hawos-handmuehle-rotare\/"},"modified":"2026-01-26T10:09:23","modified_gmt":"2026-01-26T09:09:23","slug":"hawos-handmuehle-rotare","status":"publish","type":"product","link":"https:\/\/luba.de\/en\/hawos-handmuehle-rotare\/","title":{"rendered":"hawos Handm\u00fchle Rotare"},"content":{"rendered":"<p>Die starke Handm\u00fchle f\u00fcr sanftes Mahlen. Unabh\u00e4ngig vom Strom und damit an jedem Ort der Welt einsetzbar ist die Handm\u00fchle Rotare. Der 3-fach \u00fcbersetzte Kettenantrieb sorgt in Verbindung mit den 125 mm gro\u00dfen Mahlsteinen ohne gro\u00dfen Kraftaufwand f\u00fcr lockeres und feines Mehl. Das Geh\u00e4use ist aus strapazierf\u00e4higem Multiplex in Buche gefertigt, die einfache Bedienung und die soliden Bedienelemente machen sie zum Star f\u00fcr all diejenigen, die gerne unabh\u00e4ngig bleiben m\u00f6chten. Sie erm\u00f6glicht ebenso einen Einsatz im Kindergarten genauso wie bei sozialen Projekten in Dritte-Welt-L\u00e4ndern.<\/p>\n","protected":false},"excerpt":{"rendered":"<p>Die starke Handm\u00fchle f\u00fcr sanftes Mahlen. Unabh\u00e4ngig vom Strom und damit an jedem Ort der Welt einsetzbar ist die Handm\u00fchle Rotare. Der 3-fach \u00fcbersetzte Kettenantrieb sorgt in Verbindung mit den 125 mm gro\u00dfen Mahlsteinen ohne gro\u00dfen Kraftaufwand f\u00fcr lockeres und feines Mehl. Das Geh\u00e4use ist aus strapazierf\u00e4higem Multiplex in Buche gefertigt, die einfache Bedienung und [&#8230;]\n","protected":false},"featured_media":9271,"comment_status":"closed","ping_status":"closed","template":"","meta":{"_acf_changed":false},"pwb-brand":[1125],"product_brand":[],"product_cat":[913,914],"product_tag":[],"class_list":{"0":"post-9270","1":"product","2":"type-product","3":"status-publish","4":"has-post-thumbnail","6":"pwb-brand-hawos-en","7":"product_cat-manually-operated-grain-mills","8":"product_cat-manually-operated","10":"first","11":"instock","12":"taxable","13":"shipping-taxable","14":"purchasable","15":"product-type-simple"},"bundled_by":[],"bundle_stock_status":"instock","bundle_stock_quantity":27,"bundle_virtual":false,"bundle_layout":"","bundle_add_to_cart_form_location":"","bundle_editable_in_cart":false,"bundle_sold_individually_context":"","bundle_item_grouping":"","bundle_min_size":"","bundle_max_size":"","bundle_price":[],"bundled_items":[],"bundle_sell_ids":[],"exclude_global_add_ons":[],"addons":[],"acf":[],"brands":[{"id":1125,"name":"hawos","slug":"hawos-en"}],"_links":{"self":[{"href":"https:\/\/luba.de\/en\/wp-json\/wp\/v2\/product\/9270","targetHints":{"allow":["GET"]}}],"collection":[{"href":"https:\/\/luba.de\/en\/wp-json\/wp\/v2\/product"}],"about":[{"href":"https:\/\/luba.de\/en\/wp-json\/wp\/v2\/types\/product"}],"replies":[{"embeddable":true,"href":"https:\/\/luba.de\/en\/wp-json\/wp\/v2\/comments?post=9270"}],"wp:featuredmedia":[{"embeddable":true,"href":"https:\/\/luba.de\/en\/wp-json\/wp\/v2\/media\/9271"}],"wp:attachment":[{"href":"https:\/\/luba.de\/en\/wp-json\/wp\/v2\/media?parent=9270"}],"wp:term":[{"taxonomy":"pwb-brand","embeddable":true,"href":"https:\/\/luba.de\/en\/wp-json\/wp\/v2\/pwb-brand?post=9270"},{"taxonomy":"product_brand","embeddable":true,"href":"https:\/\/luba.de\/en\/wp-json\/wp\/v2\/product_brand?post=9270"},{"taxonomy":"product_cat","embeddable":true,"href":"https:\/\/luba.de\/en\/wp-json\/wp\/v2\/product_cat?post=9270"},{"taxonomy":"product_tag","embeddable":true,"href":"https:\/\/luba.de\/en\/wp-json\/wp\/v2\/product_tag?post=9270"}],"curies":[{"name":"wp","href":"https:\/\/api.w.org\/{rel}","templated":true}]}}