{"id":9274,"date":"2020-03-14T10:15:08","date_gmt":"2020-03-14T09:15:08","guid":{"rendered":"https:\/\/luba.de\/product\/elektroantrieb-fuer-hawos-rotare-umbauset\/"},"modified":"2025-12-22T13:53:57","modified_gmt":"2025-12-22T12:53:57","slug":"elektroantrieb-fuer-hawos-rotare-umbauset","status":"publish","type":"product","link":"https:\/\/luba.de\/en\/elektroantrieb-fuer-hawos-rotare-umbauset\/","title":{"rendered":"Elektroantrieb f\u00fcr hawos Rotare (Umbauset)"},"content":{"rendered":"<p>Umr\u00fcsten von handbetrieben auf Elektroantrieb &#8211; mit hawos Rotare \u00fcberall und jederzeit m\u00f6glich. Durch Anstecken des Niedrig-Watt-Motorteils kann die Rotare an das Stromnetz mit 230 Volt angeschlossen werden.  Mit nur wenigen Handgriffen wird die Kurbel durch eine Riemenscheibe ersetzt und das Motorgeh\u00e4use befestigt. Lieferumfang nur der Elekroantrieb! Motorleistung: 45 Watt<\/p>\n","protected":false},"excerpt":{"rendered":"<p>Umr\u00fcsten von handbetrieben auf Elektroantrieb &#8211; mit hawos Rotare \u00fcberall und jederzeit m\u00f6glich. Durch Anstecken des Niedrig-Watt-Motorteils kann die Rotare an das Stromnetz mit 230 Volt angeschlossen werden. Mit nur wenigen Handgriffen wird die Kurbel durch eine Riemenscheibe ersetzt und das Motorgeh\u00e4use befestigt. Lieferumfang nur der Elekroantrieb! Motorleistung: 45 Watt<\/p>\n","protected":false},"featured_media":9275,"comment_status":"closed","ping_status":"closed","template":"","meta":{"_acf_changed":false},"pwb-brand":[1125],"product_brand":[],"product_cat":[913,914],"product_tag":[],"class_list":{"0":"post-9274","1":"product","2":"type-product","3":"status-publish","4":"has-post-thumbnail","6":"pwb-brand-hawos-en","7":"product_cat-manually-operated-grain-mills","8":"product_cat-manually-operated","10":"first","11":"instock","12":"taxable","13":"shipping-taxable","14":"purchasable","15":"product-type-simple"},"bundled_by":[],"bundle_stock_status":"instock","bundle_stock_quantity":61,"bundle_virtual":false,"bundle_layout":"","bundle_add_to_cart_form_location":"","bundle_editable_in_cart":false,"bundle_sold_individually_context":"","bundle_item_grouping":"","bundle_min_size":"","bundle_max_size":"","bundle_price":[],"bundled_items":[],"bundle_sell_ids":[],"exclude_global_add_ons":[],"addons":[],"acf":[],"brands":[{"id":1125,"name":"hawos","slug":"hawos-en"}],"_links":{"self":[{"href":"https:\/\/luba.de\/en\/wp-json\/wp\/v2\/product\/9274","targetHints":{"allow":["GET"]}}],"collection":[{"href":"https:\/\/luba.de\/en\/wp-json\/wp\/v2\/product"}],"about":[{"href":"https:\/\/luba.de\/en\/wp-json\/wp\/v2\/types\/product"}],"replies":[{"embeddable":true,"href":"https:\/\/luba.de\/en\/wp-json\/wp\/v2\/comments?post=9274"}],"wp:featuredmedia":[{"embeddable":true,"href":"https:\/\/luba.de\/en\/wp-json\/wp\/v2\/media\/9275"}],"wp:attachment":[{"href":"https:\/\/luba.de\/en\/wp-json\/wp\/v2\/media?parent=9274"}],"wp:term":[{"taxonomy":"pwb-brand","embeddable":true,"href":"https:\/\/luba.de\/en\/wp-json\/wp\/v2\/pwb-brand?post=9274"},{"taxonomy":"product_brand","embeddable":true,"href":"https:\/\/luba.de\/en\/wp-json\/wp\/v2\/product_brand?post=9274"},{"taxonomy":"product_cat","embeddable":true,"href":"https:\/\/luba.de\/en\/wp-json\/wp\/v2\/product_cat?post=9274"},{"taxonomy":"product_tag","embeddable":true,"href":"https:\/\/luba.de\/en\/wp-json\/wp\/v2\/product_tag?post=9274"}],"curies":[{"name":"wp","href":"https:\/\/api.w.org\/{rel}","templated":true}]}}