{"id":9280,"date":"2020-03-14T10:15:08","date_gmt":"2020-03-14T09:15:08","guid":{"rendered":"https:\/\/luba.de\/product\/hs-getreidespender-3-kg-ohne-wandhalter\/"},"modified":"2024-07-23T14:29:41","modified_gmt":"2024-07-23T12:29:41","slug":"hs-getreidespender-getreidesaecke-ohne-wandhalter","status":"publish","type":"product","link":"https:\/\/luba.de\/en\/hs-getreidespender-getreidesaecke-ohne-wandhalter\/","title":{"rendered":"HS-Getreidespender Getreides\u00e4cke ohne Wandhalter"},"content":{"rendered":"<p>In diesen Getreides\u00e4cken k\u00f6nnen alle Getreidearten optimal f\u00fcr lange Zeit lagern.<br \/>\nDie S\u00e4cke sind aus naturbelassener Baumwolle. Bei der Entnahme rieselt das Korn nach, es kommt in Bewegung, was f\u00fcr eine gesunde, bel\u00fcftete Lagerung sorgt.<\/p>\n<p>Nur der Getreidesack ist bei Lieferung enthalten. Wandhalter ist nicht enthalten.<\/p>\n","protected":false},"excerpt":{"rendered":"<p>In diesen Getreides\u00e4cken k\u00f6nnen alle Getreidearten optimal f\u00fcr lange Zeit lagern. Die S\u00e4cke sind aus naturbelassener Baumwolle. Bei der Entnahme rieselt das Korn nach, es kommt in Bewegung, was f\u00fcr eine gesunde, bel\u00fcftete Lagerung sorgt. Nur der Getreidesack ist bei Lieferung enthalten. Wandhalter ist nicht enthalten.<\/p>\n","protected":false},"featured_media":9281,"comment_status":"closed","ping_status":"closed","template":"","meta":{"_acf_changed":false},"pwb-brand":[1166],"product_brand":[],"product_cat":[922],"product_tag":[],"class_list":{"0":"post-9280","1":"product","2":"type-product","3":"status-publish","4":"has-post-thumbnail","6":"pwb-brand-luba-en","7":"product_cat-grain-storage","9":"first","10":"instock","11":"taxable","12":"shipping-taxable","13":"purchasable","14":"product-type-variable"},"bundled_by":[],"bundle_stock_status":"instock","bundle_stock_quantity":5,"bundle_virtual":false,"bundle_layout":"","bundle_add_to_cart_form_location":"","bundle_editable_in_cart":false,"bundle_sold_individually_context":"","bundle_item_grouping":"","bundle_min_size":"","bundle_max_size":"","bundle_price":[],"bundled_items":[],"bundle_sell_ids":[],"exclude_global_add_ons":[],"addons":[],"acf":[],"brands":[{"id":1166,"name":"LUBA","slug":"luba-en"}],"_links":{"self":[{"href":"https:\/\/luba.de\/en\/wp-json\/wp\/v2\/product\/9280","targetHints":{"allow":["GET"]}}],"collection":[{"href":"https:\/\/luba.de\/en\/wp-json\/wp\/v2\/product"}],"about":[{"href":"https:\/\/luba.de\/en\/wp-json\/wp\/v2\/types\/product"}],"replies":[{"embeddable":true,"href":"https:\/\/luba.de\/en\/wp-json\/wp\/v2\/comments?post=9280"}],"wp:featuredmedia":[{"embeddable":true,"href":"https:\/\/luba.de\/en\/wp-json\/wp\/v2\/media\/9281"}],"wp:attachment":[{"href":"https:\/\/luba.de\/en\/wp-json\/wp\/v2\/media?parent=9280"}],"wp:term":[{"taxonomy":"pwb-brand","embeddable":true,"href":"https:\/\/luba.de\/en\/wp-json\/wp\/v2\/pwb-brand?post=9280"},{"taxonomy":"product_brand","embeddable":true,"href":"https:\/\/luba.de\/en\/wp-json\/wp\/v2\/product_brand?post=9280"},{"taxonomy":"product_cat","embeddable":true,"href":"https:\/\/luba.de\/en\/wp-json\/wp\/v2\/product_cat?post=9280"},{"taxonomy":"product_tag","embeddable":true,"href":"https:\/\/luba.de\/en\/wp-json\/wp\/v2\/product_tag?post=9280"}],"curies":[{"name":"wp","href":"https:\/\/api.w.org\/{rel}","templated":true}]}}