{"id":9288,"date":"2020-03-14T10:15:08","date_gmt":"2020-03-14T09:15:08","guid":{"rendered":"https:\/\/luba.de\/product\/hawos-tonkeimgeraet\/"},"modified":"2026-04-02T15:09:30","modified_gmt":"2026-04-02T13:09:30","slug":"hawos-tonkeimgeraet","status":"publish","type":"product","link":"https:\/\/luba.de\/en\/hawos-tonkeimgeraet\/","title":{"rendered":"hawos Tonkeimger\u00e4t"},"content":{"rendered":"<p>T\u00e4gliche Ernte von frischen Sprossen und Keimen, im Kreislauf der Natur: In dem etwas gr\u00f6\u00dferen hawos Tonkeimer wachsen die Samenk\u00f6rner in einem dunkel-feuchten Klima. Wenn die Keimlinge zu sprie\u00dfen beginnen, haben sie den h\u00f6chsten Vitalstoffgehalt und k\u00f6nnen geerntet werden. T\u00e4glich aufs Neue, Stufe f\u00fcr Stufe. H 24 cm, \u00d8 18 cm<\/p>\n","protected":false},"excerpt":{"rendered":"<p>T\u00e4gliche Ernte von frischen Sprossen und Keimen, im Kreislauf der Natur: In dem etwas gr\u00f6\u00dferen hawos Tonkeimer wachsen die Samenk\u00f6rner in einem dunkel-feuchten Klima. Wenn die Keimlinge zu sprie\u00dfen beginnen, haben sie den h\u00f6chsten Vitalstoffgehalt und k\u00f6nnen geerntet werden. T\u00e4glich aufs Neue, Stufe f\u00fcr Stufe. H 24 cm, \u00d8 18 cm<\/p>\n","protected":false},"featured_media":11511,"comment_status":"closed","ping_status":"closed","template":"","meta":{"_acf_changed":false},"pwb-brand":[1125],"product_brand":[],"product_cat":[1024],"product_tag":[1019],"class_list":{"0":"post-9288","1":"product","2":"type-product","3":"status-publish","4":"has-post-thumbnail","6":"pwb-brand-hawos-en","7":"product_cat-hawos-en","8":"product_tag-keimgeraete-en","10":"first","11":"instock","12":"taxable","13":"shipping-taxable","14":"purchasable","15":"product-type-simple"},"bundled_by":[],"bundle_stock_status":"instock","bundle_stock_quantity":53,"bundle_virtual":false,"bundle_layout":"","bundle_add_to_cart_form_location":"","bundle_editable_in_cart":false,"bundle_sold_individually_context":"","bundle_item_grouping":"","bundle_min_size":"","bundle_max_size":"","bundle_price":[],"bundled_items":[],"bundle_sell_ids":[],"exclude_global_add_ons":[],"addons":[],"acf":[],"brands":[{"id":1125,"name":"hawos","slug":"hawos-en"}],"_links":{"self":[{"href":"https:\/\/luba.de\/en\/wp-json\/wp\/v2\/product\/9288","targetHints":{"allow":["GET"]}}],"collection":[{"href":"https:\/\/luba.de\/en\/wp-json\/wp\/v2\/product"}],"about":[{"href":"https:\/\/luba.de\/en\/wp-json\/wp\/v2\/types\/product"}],"replies":[{"embeddable":true,"href":"https:\/\/luba.de\/en\/wp-json\/wp\/v2\/comments?post=9288"}],"wp:featuredmedia":[{"embeddable":true,"href":"https:\/\/luba.de\/en\/wp-json\/wp\/v2\/media\/11511"}],"wp:attachment":[{"href":"https:\/\/luba.de\/en\/wp-json\/wp\/v2\/media?parent=9288"}],"wp:term":[{"taxonomy":"pwb-brand","embeddable":true,"href":"https:\/\/luba.de\/en\/wp-json\/wp\/v2\/pwb-brand?post=9288"},{"taxonomy":"product_brand","embeddable":true,"href":"https:\/\/luba.de\/en\/wp-json\/wp\/v2\/product_brand?post=9288"},{"taxonomy":"product_cat","embeddable":true,"href":"https:\/\/luba.de\/en\/wp-json\/wp\/v2\/product_cat?post=9288"},{"taxonomy":"product_tag","embeddable":true,"href":"https:\/\/luba.de\/en\/wp-json\/wp\/v2\/product_tag?post=9288"}],"curies":[{"name":"wp","href":"https:\/\/api.w.org\/{rel}","templated":true}]}}