{"id":9290,"date":"2020-03-14T10:15:08","date_gmt":"2020-03-14T09:15:08","guid":{"rendered":"https:\/\/luba.de\/product\/wandhalter-fuer-2-hs-saecke\/"},"modified":"2026-04-01T14:24:50","modified_gmt":"2026-04-01T12:24:50","slug":"wandhalter-fuer-2-hs-saecke","status":"publish","type":"product","link":"https:\/\/luba.de\/en\/wandhalter-fuer-2-hs-saecke\/","title":{"rendered":"Wandhalter f\u00fcr 2 HS S\u00e4cke"},"content":{"rendered":"<p>hawos Getreidesack-Halter f\u00fcr zwei S\u00e4cke: ged\u00e4mpftes Buchenholz, zur Aufnahme der HS-S\u00e4cke f\u00fcr 3 kg, 5 kg, 10 kg oder 25 kg.<\/p>\n<p>Ma\u00dfe BxTxH: 300 x 75 x 165 mm (Tiefe inkl. Bolzen).<\/p>\n<p><strong>Lieferumfang:<\/strong><\/p>\n<ul>\n<li>Wandhalter ohne Getreides\u00e4cke<\/li>\n<li>Lieferumfang: Wandhalter ohne Getreides\u00e4cke<\/li>\n<\/ul>\n","protected":false},"excerpt":{"rendered":"<p>hawos Getreidesack-Halter f\u00fcr zwei S\u00e4cke: ged\u00e4mpftes Buchenholz, zur Aufnahme der HS-S\u00e4cke f\u00fcr 3 kg, 5 kg, 10 kg oder 25 kg. Ma\u00dfe BxTxH: 300 x 75 x 165 mm (Tiefe inkl. Bolzen). Lieferumfang: Wandhalter ohne Getreides\u00e4cke Lieferumfang: Wandhalter ohne Getreides\u00e4cke<\/p>\n","protected":false},"featured_media":9291,"comment_status":"closed","ping_status":"closed","template":"","meta":{"_acf_changed":false},"pwb-brand":[1125],"product_brand":[],"product_cat":[922],"product_tag":[],"class_list":{"0":"post-9290","1":"product","2":"type-product","3":"status-publish","4":"has-post-thumbnail","6":"pwb-brand-hawos-en","7":"product_cat-grain-storage","9":"first","10":"outofstock","11":"taxable","12":"shipping-taxable","13":"purchasable","14":"product-type-simple"},"bundled_by":[],"bundle_stock_status":"outofstock","bundle_stock_quantity":-3,"bundle_virtual":false,"bundle_layout":"","bundle_add_to_cart_form_location":"","bundle_editable_in_cart":false,"bundle_sold_individually_context":"","bundle_item_grouping":"","bundle_min_size":"","bundle_max_size":"","bundle_price":[],"bundled_items":[],"bundle_sell_ids":[],"exclude_global_add_ons":[],"addons":[],"acf":[],"brands":[{"id":1125,"name":"hawos","slug":"hawos-en"}],"_links":{"self":[{"href":"https:\/\/luba.de\/en\/wp-json\/wp\/v2\/product\/9290","targetHints":{"allow":["GET"]}}],"collection":[{"href":"https:\/\/luba.de\/en\/wp-json\/wp\/v2\/product"}],"about":[{"href":"https:\/\/luba.de\/en\/wp-json\/wp\/v2\/types\/product"}],"replies":[{"embeddable":true,"href":"https:\/\/luba.de\/en\/wp-json\/wp\/v2\/comments?post=9290"}],"wp:featuredmedia":[{"embeddable":true,"href":"https:\/\/luba.de\/en\/wp-json\/wp\/v2\/media\/9291"}],"wp:attachment":[{"href":"https:\/\/luba.de\/en\/wp-json\/wp\/v2\/media?parent=9290"}],"wp:term":[{"taxonomy":"pwb-brand","embeddable":true,"href":"https:\/\/luba.de\/en\/wp-json\/wp\/v2\/pwb-brand?post=9290"},{"taxonomy":"product_brand","embeddable":true,"href":"https:\/\/luba.de\/en\/wp-json\/wp\/v2\/product_brand?post=9290"},{"taxonomy":"product_cat","embeddable":true,"href":"https:\/\/luba.de\/en\/wp-json\/wp\/v2\/product_cat?post=9290"},{"taxonomy":"product_tag","embeddable":true,"href":"https:\/\/luba.de\/en\/wp-json\/wp\/v2\/product_tag?post=9290"}],"curies":[{"name":"wp","href":"https:\/\/api.w.org\/{rel}","templated":true}]}}