{"id":9302,"date":"2020-03-14T10:15:08","date_gmt":"2020-03-14T09:15:08","guid":{"rendered":"https:\/\/luba.de\/product\/abtropf-gestell-fuer-3-sprossenglaeser-edelstahl\/"},"modified":"2026-03-30T15:24:13","modified_gmt":"2026-03-30T13:24:13","slug":"abtropf-gestell-fuer-3-sprossenglaeser-750-1000-ml","status":"publish","type":"product","link":"https:\/\/luba.de\/en\/abtropf-gestell-fuer-3-sprossenglaeser-750-1000-ml\/","title":{"rendered":"Abtropf-Gestell f\u00fcr 3 Sprossengl\u00e4ser 750\/1000 ml"},"content":{"rendered":"<p>Abtropfgestell aus Edelstahl zur Verwendung von drei Sprossengl\u00e4sern der Gr\u00f6\u00dfe 750 ml oder 1000 ml.<\/p>\n<p>Das Abtropfgestell sorgt f\u00fcr eine schr\u00e4ge Position des Glases und garantiert die fortw\u00e4hrende Frische der Sprossen, da das Wasser ablaufen (Vermeidung von Staun\u00e4sse) und Luft zirkulieren kann (feinmaschiges Sieb). Die Saaten werden im Sprossenglas eingeweicht, gesp\u00fclt und bis zur Ernte gezogen.<\/p>\n<p>Das Abtropfgestell ist sp\u00fclmaschinenfest.<\/p>\n","protected":false},"excerpt":{"rendered":"<p>Hochwertiges Edelstahlgestell, als Abtropfhilfe f\u00fcr 3 Sprossengl\u00e4ser.<\/p>\n","protected":false},"featured_media":9303,"comment_status":"closed","ping_status":"closed","template":"","meta":{"_acf_changed":false},"pwb-brand":[1183],"product_brand":[],"product_cat":[884],"product_tag":[1402],"class_list":{"0":"post-9302","1":"product","2":"type-product","3":"status-publish","4":"has-post-thumbnail","6":"pwb-brand-eschenfelder-en","7":"product_cat-eschenfelder-ersatzteile-en","8":"product_tag-ersatzteile-eschenfelder-en","10":"first","11":"instock","12":"taxable","13":"shipping-taxable","14":"purchasable","15":"product-type-simple"},"bundled_by":[],"bundle_stock_status":"instock","bundle_stock_quantity":10,"bundle_virtual":false,"bundle_layout":"","bundle_add_to_cart_form_location":"","bundle_editable_in_cart":false,"bundle_sold_individually_context":"","bundle_item_grouping":"","bundle_min_size":"","bundle_max_size":"","bundle_price":[],"bundled_items":[],"bundle_sell_ids":[],"exclude_global_add_ons":[],"addons":[],"acf":[],"brands":[{"id":1183,"name":"Eschenfelder","slug":"eschenfelder-en"}],"_links":{"self":[{"href":"https:\/\/luba.de\/en\/wp-json\/wp\/v2\/product\/9302","targetHints":{"allow":["GET"]}}],"collection":[{"href":"https:\/\/luba.de\/en\/wp-json\/wp\/v2\/product"}],"about":[{"href":"https:\/\/luba.de\/en\/wp-json\/wp\/v2\/types\/product"}],"replies":[{"embeddable":true,"href":"https:\/\/luba.de\/en\/wp-json\/wp\/v2\/comments?post=9302"}],"wp:featuredmedia":[{"embeddable":true,"href":"https:\/\/luba.de\/en\/wp-json\/wp\/v2\/media\/9303"}],"wp:attachment":[{"href":"https:\/\/luba.de\/en\/wp-json\/wp\/v2\/media?parent=9302"}],"wp:term":[{"taxonomy":"pwb-brand","embeddable":true,"href":"https:\/\/luba.de\/en\/wp-json\/wp\/v2\/pwb-brand?post=9302"},{"taxonomy":"product_brand","embeddable":true,"href":"https:\/\/luba.de\/en\/wp-json\/wp\/v2\/product_brand?post=9302"},{"taxonomy":"product_cat","embeddable":true,"href":"https:\/\/luba.de\/en\/wp-json\/wp\/v2\/product_cat?post=9302"},{"taxonomy":"product_tag","embeddable":true,"href":"https:\/\/luba.de\/en\/wp-json\/wp\/v2\/product_tag?post=9302"}],"curies":[{"name":"wp","href":"https:\/\/api.w.org\/{rel}","templated":true}]}}