{"id":9304,"date":"2020-03-14T10:15:08","date_gmt":"2020-03-14T09:15:08","guid":{"rendered":"https:\/\/luba.de\/product\/eschenfelder-kresse-sieb-keramik-weiss-12-cmoe\/"},"modified":"2026-04-02T08:23:39","modified_gmt":"2026-04-02T06:23:39","slug":"eschenfelder-kresse-sieb-keramik-weiss-12-cmoe","status":"publish","type":"product","link":"https:\/\/luba.de\/en\/eschenfelder-kresse-sieb-keramik-weiss-12-cmoe\/","title":{"rendered":"Eschenfelder Kressesieb, Keramik Wei\u00df, 12 cm \u00f8"},"content":{"rendered":"<h2>Kressesieb 12 cm mit Edelstahlsieb und Keramikschale in Wei\u00df<\/h2>\n<p>Speziell f\u00fcr das Anziehen der schleimbildenden Saaten wie Kresse, Rucola, Senfsaat, Basilikum etc. So haben die Wurzeln gen\u00fcgend Platz zur Erde hin zu wachsen und werden mitgeerntet, die gr\u00fcnen Bl\u00e4ttchen k\u00f6nnen dem Licht entgegenstreben.<\/p>\n<p>Hochwertige wei\u00df-glasierte Keramikschale mit Edelstahlsieb.<\/p>\n<p>Ma\u00df \u00d8 12 cm<\/p>\n<p>Hochgebrannte Keramikschale in Sptzenqualit\u00e4t. Deutsche Handarbeit aus Bayern. \u00dcber 1200 \u00b0C gebrannt und lebensmittelecht &#8211; durch Glasur optisch veredelt und sehr pflegeleicht. Auf einer Stufe am Innenrand der Keramikschale liegt das Edelstahlsieb immer waagerecht in einem definierten Abstand zum Schalenboden. Die Wurzeln haben den n\u00f6tigen Platz, k\u00f6nnen sich gesund entwickeln und mit geerntet werden.<\/p>\n<h3>Hinweis<\/h3>\n<p>Schleimbildende Saaten m\u00fcssen w\u00e4hrend der Keimung ruhig liegen. Bis zur Wurzelbildung \u00a0(2-3 Tage) werden sie zweimal t\u00e4glich mit Wasser benetzt.<\/p>\n<div class=\"message-box relative\" style=\"padding-top:15px;padding-bottom:15px;\"><div class=\"message-box-bg-image bg-fill fill\" ><\/div><div class=\"message-box-bg-overlay bg-fill fill\" style=\"background-color:rgb(171, 237, 190);\"><\/div><div class=\"container relative\"><div class=\"inner last-reset\">\n<div class=\"row align-middle align-center\"  id=\"row-239135542\">\n\n\t<div id=\"col-247890862\" class=\"col medium-9 small-12 large-9\"  >\n\t\t\t\t<div class=\"col-inner\"  >\n\t\t\t\n\t\t\t\n<p><strong>Da in dem Edelstahl Sieb der Kressesiebe kein Nickel enthalten ist, darf das Sieb nicht in den Geschirrsp\u00fcler. Andernfalls kann es passieren, dass das Kressesieb rostet!\u00a0<\/strong><\/p>\n\t\t<\/div>\n\t\t\t\t\t<\/div>\n\n\t\n<\/div>\n<\/div><\/div><\/div>\n","protected":false},"excerpt":{"rendered":"<ul>\n<li>Keramikschale glasiert, wasserdicht<\/li>\n<li>Sieb komplett aus nickelfreiem Edelstahl<\/li>\n<li>Durchmesser 12 cm<\/li>\n<li>pflegeleicht, robust<\/li>\n<li>Farbe der Keramikschale: Wei\u00df<\/li>\n<\/ul>\n","protected":false},"featured_media":16692,"comment_status":"closed","ping_status":"closed","template":"","meta":{"_acf_changed":false},"pwb-brand":[1183],"product_brand":[],"product_cat":[1400],"product_tag":[1019,1399],"class_list":{"0":"post-9304","1":"product","2":"type-product","3":"status-publish","4":"has-post-thumbnail","6":"pwb-brand-eschenfelder-en","7":"product_cat-cress-strainers","8":"product_tag-keimgeraete-en","9":"product_tag-kressesieb-en","11":"first","12":"instock","13":"taxable","14":"shipping-taxable","15":"purchasable","16":"product-type-simple"},"bundled_by":[],"bundle_stock_status":"instock","bundle_stock_quantity":100,"bundle_virtual":false,"bundle_layout":"","bundle_add_to_cart_form_location":"","bundle_editable_in_cart":false,"bundle_sold_individually_context":"","bundle_item_grouping":"","bundle_min_size":"","bundle_max_size":"","bundle_price":[],"bundled_items":[],"bundle_sell_ids":[],"exclude_global_add_ons":[],"addons":[],"acf":[],"brands":[{"id":1183,"name":"Eschenfelder","slug":"eschenfelder-en"}],"_links":{"self":[{"href":"https:\/\/luba.de\/en\/wp-json\/wp\/v2\/product\/9304","targetHints":{"allow":["GET"]}}],"collection":[{"href":"https:\/\/luba.de\/en\/wp-json\/wp\/v2\/product"}],"about":[{"href":"https:\/\/luba.de\/en\/wp-json\/wp\/v2\/types\/product"}],"replies":[{"embeddable":true,"href":"https:\/\/luba.de\/en\/wp-json\/wp\/v2\/comments?post=9304"}],"wp:featuredmedia":[{"embeddable":true,"href":"https:\/\/luba.de\/en\/wp-json\/wp\/v2\/media\/16692"}],"wp:attachment":[{"href":"https:\/\/luba.de\/en\/wp-json\/wp\/v2\/media?parent=9304"}],"wp:term":[{"taxonomy":"pwb-brand","embeddable":true,"href":"https:\/\/luba.de\/en\/wp-json\/wp\/v2\/pwb-brand?post=9304"},{"taxonomy":"product_brand","embeddable":true,"href":"https:\/\/luba.de\/en\/wp-json\/wp\/v2\/product_brand?post=9304"},{"taxonomy":"product_cat","embeddable":true,"href":"https:\/\/luba.de\/en\/wp-json\/wp\/v2\/product_cat?post=9304"},{"taxonomy":"product_tag","embeddable":true,"href":"https:\/\/luba.de\/en\/wp-json\/wp\/v2\/product_tag?post=9304"}],"curies":[{"name":"wp","href":"https:\/\/api.w.org\/{rel}","templated":true}]}}