{"id":9311,"date":"2020-03-14T10:14:49","date_gmt":"2020-03-14T09:14:49","guid":{"rendered":"https:\/\/luba.de\/product\/solis-vakuumierbeutel-50-stueck-20-x-30-cm\/"},"modified":"2025-10-12T01:42:37","modified_gmt":"2025-10-11T23:42:37","slug":"solis-vakuumierbeutel-50-stueck-20-x-30-cm","status":"publish","type":"product","link":"https:\/\/luba.de\/en\/solis-vakuumierbeutel-50-stueck-20-x-30-cm\/","title":{"rendered":"Solis Vakuumierbeutel (50 St\u00fcck) 20 x 30 cm"},"content":{"rendered":"<h2>Vakuumierbeutel, 20 x 30 cm<\/h2>\n<p>Entdecken Sie die hochwertigen Vakuumierer Beutel von Solis, die perfekte L\u00f6sung f\u00fcr die langfristige Aufbewahrung und Zubereitung Ihrer Lebensmittel. Diese vielseitig einsetzbaren Vacuum Beutel bieten zahlreiche Vorteile, die sie zur idealen Wahl f\u00fcr jede K\u00fcche machen.<br \/>\nOb zum Kochen oder Einfrieren, die Vakuum T\u00fcten von Solis sind extrem anpassungsf\u00e4hig. Sie sind ideal als Sous Vide Beutel bei Temperaturen unter 100\u00b0C geeignet und k\u00f6nnen in der Mikrowelle verwendet werden, solange die Temperatur unter 100\u00b0C bleibt. Auch das Erhitzen in kochendem Wasser f\u00fcr bis zu vier Stunden ist kein Problem. Ihre Lebensmittel bleiben sicher und gesch\u00fctzt, selbst bei der Lagerung im Gefrierschrank bei Temperaturen unter -20\u00b0C, ohne dass Gefrierbrand entsteht. Des Weiteren bieten sich diese T\u00fcten auch als Vakuumbeutel f\u00fcr Kleidung und M\u00fcnzen an.<\/p>\n<p>Die Folienbeutel sind lebensmittelecht und frei von BPA. Sie wurden von der schweizerischen SQTS (Swiss Quality Testing Services) getestet und zugelassen, was Ihnen die Sicherheit gibt, dass Ihre Lebensmittel in den besten H\u00e4nden sind. Dank der dreischichtigen Folienstruktur mit einer Dicke von 110 \u00b5m wird das Eindringen von Feuchtigkeit und Sauerstoff zuverl\u00e4ssig verhindert. Dies sorgt f\u00fcr eine langanhaltende Frische und sch\u00fctzt Ihre Lebensmittel optimal vor Aromaverlust.<\/p>\n<p>Die Vakumiererger\u00e4t Beutel messen 20 x 30 cm und kann individuell auf die gew\u00fcnschte L\u00e4nge zugeschnitten werden. Zudem sind die Einschwei\u00dfbeutel robust und widerstandsf\u00e4hig, was eine mehrfache Wiederverwendung erm\u00f6glicht. Dies macht sie nicht nur \u00f6konomisch, sondern auch umweltfreundlich.<\/p>\n<p>Egal ob Sie Lebensmittel f\u00fcr die Langzeitlagerung im Gefrierschrank vorbereiten, Mahlzeiten f\u00fcr die Woche vorkochen oder die Aromen von frischen Zutaten bewahren m\u00f6chten \u2013 die Solis Vakuumierbeutel bieten Ihnen die perfekte L\u00f6sung. Ihre robusten und langlebigen Eigenschaften machen sie zu einem unverzichtbaren Hilfsmittel in jeder K\u00fcche.<\/p>\n<h3>Bewahrt die Frische von Lebensmitteln<\/h3>\n<p>H\u00e4lt Lebensmittel bis zu 8-mal l\u00e4nger frisch, reduziert Lebensmittelabf\u00e4lle und spart Geld.<\/p>\n<h3>Sch\u00fctzt vor Aromaverlust<\/h3>\n<p>Schlie\u00dft das Aroma ein und sch\u00fctzt die Lebensmittel vor der Annahme unerw\u00fcnschter Ger\u00fcche.<\/p>\n<h3>Wiederverwendbar<\/h3>\n<p>Erm\u00f6glicht es Ihnen, nur so wenig Plastik wie n\u00f6tig zu verwenden und zu entsorgen.<\/p>\n<h3>Widerstandsf\u00e4higes Material<\/h3>\n<p>Bestehend aus einer dicken, dreilagigen Folie, die stich- und rei\u00dffest ist.<\/p>\n<h3>Ideal zum Kochen &amp; Einfrieren<\/h3>\n<p>Geeignet f\u00fcr Sous-Vide-Garen, Mikrowellen, kochendes Wasser und Einfrieren.<\/p>\n<h3>Lebensmittelecht &amp; frei von BPA<\/h3>\n<p>Hergestellt aus lebensmittelechtem, BPA-freiem Kunststoff f\u00fcr garantierte Sicherheit und Qualit\u00e4t.<\/p>\n<h3>Lieferumfang:<\/h3>\n<ul>\n<li>50 Vakuumierbeutel 20&#215;30 cm<\/li>\n<li>deutsche Bedienungsanleitung<\/li>\n<\/ul>\n","protected":false},"excerpt":{"rendered":"<ul>\n<li>Sch\u00fctzt vor Aromaverlust<\/li>\n<li>Wiederverwendbar<\/li>\n<li>Widerstandsf\u00e4higes Material<\/li>\n<li>Ideal zum Kochen &amp; Einfrieren<\/li>\n<li>Lebensmittelecht &amp; frei von BPA<\/li>\n<\/ul>\n","protected":false},"featured_media":24760,"comment_status":"closed","ping_status":"closed","template":"","meta":{"_acf_changed":false},"pwb-brand":[1190],"product_brand":[],"product_cat":[871],"product_tag":[],"class_list":{"0":"post-9311","1":"product","2":"type-product","3":"status-publish","4":"has-post-thumbnail","6":"pwb-brand-solis-en","7":"product_cat-solis-en","9":"first","10":"outofstock","11":"taxable","12":"shipping-taxable","13":"purchasable","14":"product-type-simple"},"bundled_by":[],"bundle_stock_status":"outofstock","bundle_stock_quantity":0,"bundle_virtual":false,"bundle_layout":"","bundle_add_to_cart_form_location":"","bundle_editable_in_cart":false,"bundle_sold_individually_context":"","bundle_item_grouping":"","bundle_min_size":"","bundle_max_size":"","bundle_price":[],"bundled_items":[],"bundle_sell_ids":[],"exclude_global_add_ons":[],"addons":[],"acf":[],"brands":[{"id":1190,"name":"Solis","slug":"solis-en"}],"_links":{"self":[{"href":"https:\/\/luba.de\/en\/wp-json\/wp\/v2\/product\/9311","targetHints":{"allow":["GET"]}}],"collection":[{"href":"https:\/\/luba.de\/en\/wp-json\/wp\/v2\/product"}],"about":[{"href":"https:\/\/luba.de\/en\/wp-json\/wp\/v2\/types\/product"}],"replies":[{"embeddable":true,"href":"https:\/\/luba.de\/en\/wp-json\/wp\/v2\/comments?post=9311"}],"wp:featuredmedia":[{"embeddable":true,"href":"https:\/\/luba.de\/en\/wp-json\/wp\/v2\/media\/24760"}],"wp:attachment":[{"href":"https:\/\/luba.de\/en\/wp-json\/wp\/v2\/media?parent=9311"}],"wp:term":[{"taxonomy":"pwb-brand","embeddable":true,"href":"https:\/\/luba.de\/en\/wp-json\/wp\/v2\/pwb-brand?post=9311"},{"taxonomy":"product_brand","embeddable":true,"href":"https:\/\/luba.de\/en\/wp-json\/wp\/v2\/product_brand?post=9311"},{"taxonomy":"product_cat","embeddable":true,"href":"https:\/\/luba.de\/en\/wp-json\/wp\/v2\/product_cat?post=9311"},{"taxonomy":"product_tag","embeddable":true,"href":"https:\/\/luba.de\/en\/wp-json\/wp\/v2\/product_tag?post=9311"}],"curies":[{"name":"wp","href":"https:\/\/api.w.org\/{rel}","templated":true}]}}