{"id":9323,"date":"2020-03-14T10:14:49","date_gmt":"2020-03-14T09:14:49","guid":{"rendered":"https:\/\/luba.de\/product\/untergestell-fuer-hawos-pegasus\/"},"modified":"2025-10-11T23:43:30","modified_gmt":"2025-10-11T21:43:30","slug":"untergestell-fuer-hawos-pegasus","status":"publish","type":"product","link":"https:\/\/luba.de\/en\/untergestell-fuer-hawos-pegasus\/","title":{"rendered":"Untergestell f\u00fcr hawos Pegasus"},"content":{"rendered":"<p>Durch das verstellbare Ablagefach des Untergestelles ist die sichere Verwendung von verschieden gro\u00dfen T\u00fcten oder Beh\u00e4ltern gew\u00e4hrleistet. Das Untergestell ist aus Buchen-Multiplex-Holz.<\/p>\n","protected":false},"excerpt":{"rendered":"<p>Durch das verstellbare Ablagefach des Untergestelles ist die sichere Verwendung von verschieden gro\u00dfen T\u00fcten oder Beh\u00e4ltern gew\u00e4hrleistet. Das Untergestell ist aus Buchen-Multiplex-Holz.<\/p>\n","protected":false},"featured_media":9324,"comment_status":"closed","ping_status":"closed","template":"","meta":{"_acf_changed":false},"pwb-brand":[1125],"product_brand":[],"product_cat":[850,849],"product_tag":[],"class_list":{"0":"post-9323","1":"product","2":"type-product","3":"status-publish","4":"has-post-thumbnail","6":"pwb-brand-hawos-en","7":"product_cat-commercial-equipment","8":"product_cat-flour-mills","10":"first","11":"instock","12":"taxable","13":"shipping-taxable","14":"purchasable","15":"product-type-simple"},"bundled_by":[],"bundle_stock_status":"instock","bundle_stock_quantity":2,"bundle_virtual":false,"bundle_layout":"","bundle_add_to_cart_form_location":"","bundle_editable_in_cart":false,"bundle_sold_individually_context":"","bundle_item_grouping":"","bundle_min_size":"","bundle_max_size":"","bundle_price":[],"bundled_items":[],"bundle_sell_ids":[],"exclude_global_add_ons":[],"addons":[],"acf":[],"brands":[{"id":1125,"name":"hawos","slug":"hawos-en"}],"_links":{"self":[{"href":"https:\/\/luba.de\/en\/wp-json\/wp\/v2\/product\/9323","targetHints":{"allow":["GET"]}}],"collection":[{"href":"https:\/\/luba.de\/en\/wp-json\/wp\/v2\/product"}],"about":[{"href":"https:\/\/luba.de\/en\/wp-json\/wp\/v2\/types\/product"}],"replies":[{"embeddable":true,"href":"https:\/\/luba.de\/en\/wp-json\/wp\/v2\/comments?post=9323"}],"wp:featuredmedia":[{"embeddable":true,"href":"https:\/\/luba.de\/en\/wp-json\/wp\/v2\/media\/9324"}],"wp:attachment":[{"href":"https:\/\/luba.de\/en\/wp-json\/wp\/v2\/media?parent=9323"}],"wp:term":[{"taxonomy":"pwb-brand","embeddable":true,"href":"https:\/\/luba.de\/en\/wp-json\/wp\/v2\/pwb-brand?post=9323"},{"taxonomy":"product_brand","embeddable":true,"href":"https:\/\/luba.de\/en\/wp-json\/wp\/v2\/product_brand?post=9323"},{"taxonomy":"product_cat","embeddable":true,"href":"https:\/\/luba.de\/en\/wp-json\/wp\/v2\/product_cat?post=9323"},{"taxonomy":"product_tag","embeddable":true,"href":"https:\/\/luba.de\/en\/wp-json\/wp\/v2\/product_tag?post=9323"}],"curies":[{"name":"wp","href":"https:\/\/api.w.org\/{rel}","templated":true}]}}