{"id":9333,"date":"2020-03-14T10:14:49","date_gmt":"2020-03-14T09:14:49","guid":{"rendered":"https:\/\/luba.de\/product\/kornkraft-fabula\/"},"modified":"2024-07-10T08:51:03","modified_gmt":"2024-07-10T06:51:03","slug":"kornkraft-fabula","status":"publish","type":"product","link":"https:\/\/luba.de\/en\/kornkraft-fabula\/","title":{"rendered":"Kornkraft Fabula Handm\u00fchle"},"content":{"rendered":"<p>Ob f\u00fcr M\u00fcsli oder f\u00fcr feines Mehl, je nach Bedarf erm\u00f6glicht die M\u00fchle bequemes Mahlen, auch im Sitzen &#8211; die M\u00fchle liegt stabil in der Hand. Sie mahlt alle Getreidesorten au\u00dfer Mais. \u00d6lsaaten nur unter Beimischung von Getreide.<\/p>\n<p><strong>Intelligenz wirkt:<\/strong> Die sieht nicht nur gut aus, da steckt auch noch was dahinter: die geschwungene Kurbel mit dem tiefer liegenden Knauf erm\u00f6glicht bequemes Mahlen, auch im Sitzen &#8211; die M\u00fchle liegt stabil in der Hand.<\/p>\n<p><strong>Mahlfeinheit:<\/strong>\u00a0Stufenlos einstellbar von M\u00fcsli bis mehlfein<br \/>\n<strong><br \/>\nKurbel:<\/strong>\u00a0Edelstahl, geschliffen und poliert<\/p>\n<p><strong>Mahlt und mahlt:<\/strong>\u00a0Das Kegel-Mahlwerk aus Naturmaterialien sch\u00e4rft und zentriert sich selbst und arbeitet r\u00fcckstandsfrei. Deshalb hat es sich auch seit Jahren immer wieder aufs Neue bew\u00e4hrt. Die Zeit zum Reinigen k\u00f6nnen Sie sich also getrost sparen&#8230;<\/p>\n<p><strong>Mahlstein:<\/strong>\u00a0Naxos-Basalt, in Magnesit-Salz-Bindung<br \/>\n<strong><br \/>\n<\/strong><strong>Natur pur:<\/strong>\u00a0Das Holz stammt aus heimischer Forstwirtschaft. Die Oberfl\u00e4chen sind gewachst und poliert.<br \/>\n<strong><br \/>\nGeh\u00e4use:<\/strong>\u00a0Buche<br \/>\n<strong><br \/>\nOberfl\u00e4che:<\/strong>\u00a0mit biologischem Auro-Bienenwachsbalsam behandelt<\/p>\n<p><a href=\"http:\/\/www.kornkraft.de\/images\/shop\/fabula\/einschliffe_gross.jpg\" target=\"_blank\" rel=\"noopener noreferrer\"><img decoding=\"async\" src=\"http:\/\/www.kornkraft.de\/images\/shop\/fabula\/einschliffe_klein.jpg\" alt=\" \" width=\"120\" height=\"120\" align=\"right\" border=\"1\" hspace=\"20\" vspace=\"5\" title=\"\"><\/a><strong>Details, die z\u00e4hlen:<\/strong>\u00a0Den Auffangbecher k\u00f6nnen Sie mit einem Vierteldreh an- und absetzen. Die seitlichen Einschliffe erleichtern es, die M\u00fchle im Sitzen zu halten. Wenn sie lieber an einem festen Ort mahlen, ist die zus\u00e4tzlich lieferbare Tischhalterung das Zubeh\u00f6r Ihrer Wahl.<\/p>\n<p><strong>Leistung:<\/strong><br \/>\nGrob: 80 Gramm Weizen\/Minute (entspricht zwei Portionen M\u00fcsli),<br \/>\nFein: 25 Gramm Weizen\/Minute,<\/p>\n<p><strong>F\u00fcllmenge:<\/strong> 270 Gramm<\/p>\n<p><strong>Ma\u00dfe:<br \/>\n<\/strong>H\u00f6he: 37 cm<br \/>\nDurchmesser: 87 mm<br \/>\nKurbelradius: 12 cm<\/p>\n<p><strong>Gewicht:<\/strong>\u00a0900 Gramm<\/p>\n<p><strong>Beh\u00e4lter:<\/strong>\u00a0Durch Drehen abnehmbarer Auffangbecher f\u00fcr Mehl und Schrot<br \/>\n<strong><br \/>\n<\/strong><strong>Da sind Sie sicher:<\/strong> Kornkraft steht f\u00fcr Qualit\u00e4t.<br \/>\n<strong><br \/>\n<\/strong><strong>Hersteller-Garantie:<\/strong>\u00a010 Jahre<\/p>\n<p>&nbsp;<\/p>\n<p><strong>Optionales Zubeh\u00f6r:<\/strong> <span style=\"font-size: 14.4px;\"><br \/>\n<\/span><a style=\"font-size: 14.4px;\" href=\"https:\/\/luba.de\/produkt\/tischbefestigung-kornkraft-fabula\/\">Tischhalterung<\/a><br \/>\n<a href=\"https:\/\/luba.de\/produkt\/tischbefestigung-kornkraft-fabula\/\"><img decoding=\"async\" class=\"alignnone wp-image-11310\" style=\"color: #333333; font-size: 14.4px;\" src=\"https:\/\/luba.de\/wp-content\/uploads\/2020\/03\/halterung_fabula_gross-374x400.jpg\" alt=\"\" width=\"109\" height=\"117\" title=\"\" srcset=\"https:\/\/luba.de\/wp-content\/uploads\/2020\/03\/halterung_fabula_gross-374x400.jpg 374w, https:\/\/luba.de\/wp-content\/uploads\/2020\/03\/halterung_fabula_gross-510x545.jpg 510w, https:\/\/luba.de\/wp-content\/uploads\/2020\/03\/halterung_fabula_gross.jpg 561w\" sizes=\"(max-width: 109px) 100vw, 109px\" \/><\/a><\/p>\n<p>&nbsp;<\/p>\n","protected":false},"excerpt":{"rendered":"<p>Ob f\u00fcr M\u00fcsli oder f\u00fcr feines Mehl, je nach Bedarf erm\u00f6glicht die M\u00fchle bequemes Mahlen, auch im Sitzen &#8211; die M\u00fchle liegt stabil in der Hand. Sie mahlt alle Getreidesorten au\u00dfer Mais. \u00d6lsaaten nur unter Beimischung von Getreide. Intelligenz wirkt: Die sieht nicht nur gut aus, da steckt auch noch was dahinter: die geschwungene Kurbel [&#8230;]\n","protected":false},"featured_media":11275,"comment_status":"closed","ping_status":"closed","template":"","meta":{"_acf_changed":false},"pwb-brand":[1189],"product_brand":[],"product_cat":[913,914],"product_tag":[],"class_list":{"0":"post-9333","1":"product","2":"type-product","3":"status-publish","4":"has-post-thumbnail","6":"pwb-brand-kornkraft-en","7":"product_cat-manually-operated-grain-mills","8":"product_cat-manually-operated","10":"first","11":"instock","12":"taxable","13":"shipping-taxable","14":"purchasable","15":"product-type-simple"},"bundled_by":[],"bundle_stock_status":"instock","bundle_stock_quantity":10,"bundle_virtual":false,"bundle_layout":"","bundle_add_to_cart_form_location":"","bundle_editable_in_cart":false,"bundle_sold_individually_context":"","bundle_item_grouping":"","bundle_min_size":"","bundle_max_size":"","bundle_price":[],"bundled_items":[],"bundle_sell_ids":[],"exclude_global_add_ons":[],"addons":[],"acf":[],"brands":[{"id":1189,"name":"Kornkraft","slug":"kornkraft-en"}],"_links":{"self":[{"href":"https:\/\/luba.de\/en\/wp-json\/wp\/v2\/product\/9333","targetHints":{"allow":["GET"]}}],"collection":[{"href":"https:\/\/luba.de\/en\/wp-json\/wp\/v2\/product"}],"about":[{"href":"https:\/\/luba.de\/en\/wp-json\/wp\/v2\/types\/product"}],"replies":[{"embeddable":true,"href":"https:\/\/luba.de\/en\/wp-json\/wp\/v2\/comments?post=9333"}],"wp:featuredmedia":[{"embeddable":true,"href":"https:\/\/luba.de\/en\/wp-json\/wp\/v2\/media\/11275"}],"wp:attachment":[{"href":"https:\/\/luba.de\/en\/wp-json\/wp\/v2\/media?parent=9333"}],"wp:term":[{"taxonomy":"pwb-brand","embeddable":true,"href":"https:\/\/luba.de\/en\/wp-json\/wp\/v2\/pwb-brand?post=9333"},{"taxonomy":"product_brand","embeddable":true,"href":"https:\/\/luba.de\/en\/wp-json\/wp\/v2\/product_brand?post=9333"},{"taxonomy":"product_cat","embeddable":true,"href":"https:\/\/luba.de\/en\/wp-json\/wp\/v2\/product_cat?post=9333"},{"taxonomy":"product_tag","embeddable":true,"href":"https:\/\/luba.de\/en\/wp-json\/wp\/v2\/product_tag?post=9333"}],"curies":[{"name":"wp","href":"https:\/\/api.w.org\/{rel}","templated":true}]}}