{"id":9337,"date":"2020-03-14T10:14:49","date_gmt":"2020-03-14T09:14:49","guid":{"rendered":"https:\/\/luba.de\/product\/tischbefestigung-kornkraft-fabula\/"},"modified":"2026-04-15T08:27:39","modified_gmt":"2026-04-15T06:27:39","slug":"tischbefestigung-kornkraft-fabula","status":"publish","type":"product","link":"https:\/\/luba.de\/en\/tischbefestigung-kornkraft-fabula\/","title":{"rendered":"Tischbefestigung Kornkraft Fabula"},"content":{"rendered":"<h2>Tischbefestigung f\u00fcr Kornkraft Fabula Getreidem\u00fchle<\/h2>\n<p>Die Tischbefestigung aus Buche zur Kornkraft Fabula wird am Tisch mittels einer Zwinge montiert. Die M\u00fchle kann durch L\u00f6sen der Klemmschraube entnommen werden, so k\u00f6nnen Sie auch jederzeit ohne Tischbefestigung mahlen. Ma\u00dfe L\/B\/H ca. 17,5\/14\/2,5 cm.<\/p>\n","protected":false},"excerpt":{"rendered":"<p>Tischbefestigung f\u00fcr Kornkraft Fabula Getreidem\u00fchle Die Tischbefestigung aus Buche zur Kornkraft Fabula wird am Tisch mittels einer Zwinge montiert. Die M\u00fchle kann durch L\u00f6sen der Klemmschraube entnommen werden, so k\u00f6nnen Sie auch jederzeit ohne Tischbefestigung mahlen. Ma\u00dfe L\/B\/H ca. 17,5\/14\/2,5 cm.<\/p>\n","protected":false},"featured_media":19535,"comment_status":"closed","ping_status":"closed","template":"","meta":{"_acf_changed":false},"pwb-brand":[1189],"product_brand":[],"product_cat":[913,914],"product_tag":[],"class_list":{"0":"post-9337","1":"product","2":"type-product","3":"status-publish","4":"has-post-thumbnail","6":"pwb-brand-kornkraft-en","7":"product_cat-manually-operated-grain-mills","8":"product_cat-manually-operated","10":"first","11":"instock","12":"taxable","13":"shipping-taxable","14":"purchasable","15":"product-type-simple"},"bundled_by":[],"bundle_stock_status":"instock","bundle_stock_quantity":5,"bundle_virtual":false,"bundle_layout":"","bundle_add_to_cart_form_location":"","bundle_editable_in_cart":false,"bundle_sold_individually_context":"","bundle_item_grouping":"","bundle_min_size":"","bundle_max_size":"","bundle_price":[],"bundled_items":[],"bundle_sell_ids":[],"exclude_global_add_ons":[],"addons":[],"acf":[],"brands":[{"id":1189,"name":"Kornkraft","slug":"kornkraft-en"}],"_links":{"self":[{"href":"https:\/\/luba.de\/en\/wp-json\/wp\/v2\/product\/9337","targetHints":{"allow":["GET"]}}],"collection":[{"href":"https:\/\/luba.de\/en\/wp-json\/wp\/v2\/product"}],"about":[{"href":"https:\/\/luba.de\/en\/wp-json\/wp\/v2\/types\/product"}],"replies":[{"embeddable":true,"href":"https:\/\/luba.de\/en\/wp-json\/wp\/v2\/comments?post=9337"}],"wp:featuredmedia":[{"embeddable":true,"href":"https:\/\/luba.de\/en\/wp-json\/wp\/v2\/media\/19535"}],"wp:attachment":[{"href":"https:\/\/luba.de\/en\/wp-json\/wp\/v2\/media?parent=9337"}],"wp:term":[{"taxonomy":"pwb-brand","embeddable":true,"href":"https:\/\/luba.de\/en\/wp-json\/wp\/v2\/pwb-brand?post=9337"},{"taxonomy":"product_brand","embeddable":true,"href":"https:\/\/luba.de\/en\/wp-json\/wp\/v2\/product_brand?post=9337"},{"taxonomy":"product_cat","embeddable":true,"href":"https:\/\/luba.de\/en\/wp-json\/wp\/v2\/product_cat?post=9337"},{"taxonomy":"product_tag","embeddable":true,"href":"https:\/\/luba.de\/en\/wp-json\/wp\/v2\/product_tag?post=9337"}],"curies":[{"name":"wp","href":"https:\/\/api.w.org\/{rel}","templated":true}]}}