{"id":9339,"date":"2020-03-14T10:14:49","date_gmt":"2020-03-14T09:14:49","guid":{"rendered":"https:\/\/luba.de\/product\/kornkraft-vagabund-bunt\/"},"modified":"2022-09-14T10:52:22","modified_gmt":"2022-09-14T08:52:22","slug":"kornkraft-vagabund-bunt","status":"publish","type":"product","link":"https:\/\/luba.de\/en\/kornkraft-vagabund-bunt\/","title":{"rendered":"Kornkraft Vagabund bunt"},"content":{"rendered":"<h2>Kornkraft Vagabund bunt Handm\u00fchle<\/h2>\n<p>Ob als Zweit- oder als Einstiegsm\u00fchle, ob im Rucksack oder in der Aktentasche &#8211; die kommt mit. F\u00fcr M\u00fcsli oder auch mal f\u00fcr feines Mehl h\u00e4lt das kleine Energieb\u00fcndel jedem Test stand und mahlt alle Getreidesorten &#8211; au\u00dfer Mais &#8211; im Handumdrehen. \u00d6lsaaten nur unter Beimischung von Getreide.<\/p>\n<p>Gegen\u00fcber der Vagabund classic ist diese mit 3 farbigen Rillen am Mehlbeh\u00e4lter und einer farbigen Rille am Kurbelknauf versehen.<\/p>\n<p>Geh\u00e4use: Buche<br \/>\nOberfl\u00e4che: Mit nat\u00fcrlichem Auro-Bienenwachsbalsam behandelt.<\/p>\n<p>Leistung:<br \/>\nGrob: 90 Gramm Weizen\/Minute (entspricht zwei Portionen M\u00fcsli)<br \/>\nFein: 30 Gramm Weizen \/ Minute<\/p>\n<p>F\u00fcllmenge: 150 Gramm<\/p>\n<p>Ma\u00dfe: H\u00f6he: 35 cm<\/p>\n<p>Durchmesser: 7,5 cm<\/p>\n<p>Kurbelradius: 11 cm<\/p>\n<p>Gewicht: 650 Gramm<\/p>\n<p>Garantie: 10 Jahre.<\/p>\n","protected":false},"excerpt":{"rendered":"<p><strong>Expected to be available again at the end of February 2023.<\/strong><\/p>\n","protected":false},"featured_media":16891,"comment_status":"closed","ping_status":"closed","template":"","meta":{"_acf_changed":false},"pwb-brand":[1189],"product_brand":[],"product_cat":[913,914],"product_tag":[],"class_list":{"0":"post-9339","1":"product","2":"type-product","3":"status-publish","4":"has-post-thumbnail","6":"pwb-brand-kornkraft-en","7":"product_cat-manually-operated-grain-mills","8":"product_cat-manually-operated","10":"first","11":"instock","12":"taxable","13":"shipping-taxable","14":"purchasable","15":"product-type-simple"},"bundled_by":[],"bundle_stock_status":"instock","bundle_stock_quantity":3,"bundle_virtual":false,"bundle_layout":"","bundle_add_to_cart_form_location":"","bundle_editable_in_cart":false,"bundle_sold_individually_context":"","bundle_item_grouping":"","bundle_min_size":"","bundle_max_size":"","bundle_price":[],"bundled_items":[],"bundle_sell_ids":[],"exclude_global_add_ons":[],"addons":[],"acf":[],"brands":[{"id":1189,"name":"Kornkraft","slug":"kornkraft-en"}],"_links":{"self":[{"href":"https:\/\/luba.de\/en\/wp-json\/wp\/v2\/product\/9339","targetHints":{"allow":["GET"]}}],"collection":[{"href":"https:\/\/luba.de\/en\/wp-json\/wp\/v2\/product"}],"about":[{"href":"https:\/\/luba.de\/en\/wp-json\/wp\/v2\/types\/product"}],"replies":[{"embeddable":true,"href":"https:\/\/luba.de\/en\/wp-json\/wp\/v2\/comments?post=9339"}],"wp:featuredmedia":[{"embeddable":true,"href":"https:\/\/luba.de\/en\/wp-json\/wp\/v2\/media\/16891"}],"wp:attachment":[{"href":"https:\/\/luba.de\/en\/wp-json\/wp\/v2\/media?parent=9339"}],"wp:term":[{"taxonomy":"pwb-brand","embeddable":true,"href":"https:\/\/luba.de\/en\/wp-json\/wp\/v2\/pwb-brand?post=9339"},{"taxonomy":"product_brand","embeddable":true,"href":"https:\/\/luba.de\/en\/wp-json\/wp\/v2\/product_brand?post=9339"},{"taxonomy":"product_cat","embeddable":true,"href":"https:\/\/luba.de\/en\/wp-json\/wp\/v2\/product_cat?post=9339"},{"taxonomy":"product_tag","embeddable":true,"href":"https:\/\/luba.de\/en\/wp-json\/wp\/v2\/product_tag?post=9339"}],"curies":[{"name":"wp","href":"https:\/\/api.w.org\/{rel}","templated":true}]}}