{"id":9341,"date":"2020-03-14T10:14:49","date_gmt":"2020-03-14T09:14:49","guid":{"rendered":"https:\/\/luba.de\/product\/kornkraft-pfeffermuehle\/"},"modified":"2026-02-16T10:24:00","modified_gmt":"2026-02-16T09:24:00","slug":"kornkraft-pfeffermuehle","status":"publish","type":"product","link":"https:\/\/luba.de\/en\/kornkraft-pfeffermuehle\/","title":{"rendered":"Kornkraft Pfefferm\u00fchle"},"content":{"rendered":"<h2>Kornkraft Pfefferm\u00fchle mit Korund Steinmahlwerk<\/h2>\n<p>Die Pfefferm\u00fchle hat ein Naturkorund-Steinmahlwerk. Mit diesem Steinmahlwerk erhalten Sie flockig gemahlenen Pfeffer. Dadurch entfaltet sich das Aroma des Pfeffers besonders gut. Die M\u00fchle hat eine sehr gute Mahlleistung.<\/p>\n<p>Das Geh\u00e4use ist im Buchenholz-Design mit biologischem Auro-Bienenwachsbalsam behandelt.<\/p>\n<p>Trichterf\u00fcllmeng: 150 Gramm<br \/>\nH\u00f6he: 28,5 cm<br \/>\nDurchmesser: 7 cm<br \/>\nKurbelradius: 11 cm<br \/>\nGarantie: 5 Jahre<\/p>\n","protected":false},"excerpt":{"rendered":"<p>Kornkraft Pfefferm\u00fchle mit Korund Steinmahlwerk Die Pfefferm\u00fchle hat ein Naturkorund-Steinmahlwerk. Mit diesem Steinmahlwerk erhalten Sie flockig gemahlenen Pfeffer. Dadurch entfaltet sich das Aroma des Pfeffers besonders gut. Die M\u00fchle hat eine sehr gute Mahlleistung. Das Geh\u00e4use ist im Buchenholz-Design mit biologischem Auro-Bienenwachsbalsam behandelt. Trichterf\u00fcllmeng: 150 Gramm H\u00f6he: 28,5 cm Durchmesser: 7 cm Kurbelradius: 11 cm [&#8230;]\n","protected":false},"featured_media":13328,"comment_status":"closed","ping_status":"closed","template":"","meta":{"_acf_changed":false},"pwb-brand":[1189],"product_brand":[],"product_cat":[1407],"product_tag":[1279,1419],"class_list":{"0":"post-9341","1":"product","2":"type-product","3":"status-publish","4":"has-post-thumbnail","6":"pwb-brand-kornkraft-en","7":"product_cat-spice-mills","8":"product_tag-kornkraft-en","9":"product_tag-pfeffermuehle-en","11":"first","12":"instock","13":"taxable","14":"shipping-taxable","15":"purchasable","16":"product-type-simple"},"bundled_by":[],"bundle_stock_status":"instock","bundle_stock_quantity":4,"bundle_virtual":false,"bundle_layout":"","bundle_add_to_cart_form_location":"","bundle_editable_in_cart":false,"bundle_sold_individually_context":"","bundle_item_grouping":"","bundle_min_size":"","bundle_max_size":"","bundle_price":[],"bundled_items":[],"bundle_sell_ids":[],"exclude_global_add_ons":[],"addons":[],"acf":[],"brands":[{"id":1189,"name":"Kornkraft","slug":"kornkraft-en"}],"_links":{"self":[{"href":"https:\/\/luba.de\/en\/wp-json\/wp\/v2\/product\/9341","targetHints":{"allow":["GET"]}}],"collection":[{"href":"https:\/\/luba.de\/en\/wp-json\/wp\/v2\/product"}],"about":[{"href":"https:\/\/luba.de\/en\/wp-json\/wp\/v2\/types\/product"}],"replies":[{"embeddable":true,"href":"https:\/\/luba.de\/en\/wp-json\/wp\/v2\/comments?post=9341"}],"wp:featuredmedia":[{"embeddable":true,"href":"https:\/\/luba.de\/en\/wp-json\/wp\/v2\/media\/13328"}],"wp:attachment":[{"href":"https:\/\/luba.de\/en\/wp-json\/wp\/v2\/media?parent=9341"}],"wp:term":[{"taxonomy":"pwb-brand","embeddable":true,"href":"https:\/\/luba.de\/en\/wp-json\/wp\/v2\/pwb-brand?post=9341"},{"taxonomy":"product_brand","embeddable":true,"href":"https:\/\/luba.de\/en\/wp-json\/wp\/v2\/product_brand?post=9341"},{"taxonomy":"product_cat","embeddable":true,"href":"https:\/\/luba.de\/en\/wp-json\/wp\/v2\/product_cat?post=9341"},{"taxonomy":"product_tag","embeddable":true,"href":"https:\/\/luba.de\/en\/wp-json\/wp\/v2\/product_tag?post=9341"}],"curies":[{"name":"wp","href":"https:\/\/api.w.org\/{rel}","templated":true}]}}