{"id":9351,"date":"2020-03-14T10:14:29","date_gmt":"2020-03-14T09:14:29","guid":{"rendered":"https:\/\/luba.de\/product\/champion-siebplatte-grob-zubehoer-schwarz\/"},"modified":"2025-10-12T00:32:58","modified_gmt":"2025-10-11T22:32:58","slug":"champion-siebplatte-grob-zubehoer-schwarz","status":"publish","type":"product","link":"https:\/\/luba.de\/en\/champion-siebplatte-grob-zubehoer-schwarz\/","title":{"rendered":"Champion Siebplatte grob (Zubeh\u00f6r) schwarz"},"content":{"rendered":"<p>Der Siebeinsatz f\u00fcr alle dickfl\u00fcssigen S\u00e4fte.<\/p>\n","protected":false},"excerpt":{"rendered":"<p>Der Siebeinsatz f\u00fcr alle dickfl\u00fcssigen S\u00e4fte.<\/p>\n","protected":false},"featured_media":9352,"comment_status":"closed","ping_status":"closed","template":"","meta":{"_acf_changed":false},"pwb-brand":[1240],"product_brand":[],"product_cat":[886],"product_tag":[],"class_list":{"0":"post-9351","1":"product","2":"type-product","3":"status-publish","4":"has-post-thumbnail","6":"pwb-brand-plasterkit-en","7":"product_cat-accessories-for-champion-entsafter","9":"first","10":"instock","11":"taxable","12":"shipping-taxable","13":"purchasable","14":"product-type-simple"},"bundled_by":[],"bundle_stock_status":"instock","bundle_stock_quantity":14,"bundle_virtual":false,"bundle_layout":"","bundle_add_to_cart_form_location":"","bundle_editable_in_cart":false,"bundle_sold_individually_context":"","bundle_item_grouping":"","bundle_min_size":"","bundle_max_size":"","bundle_price":[],"bundled_items":[],"bundle_sell_ids":[],"exclude_global_add_ons":[],"addons":[],"acf":[],"brands":[{"id":1240,"name":"Plasterkit","slug":"plasterkit-en"}],"_links":{"self":[{"href":"https:\/\/luba.de\/en\/wp-json\/wp\/v2\/product\/9351","targetHints":{"allow":["GET"]}}],"collection":[{"href":"https:\/\/luba.de\/en\/wp-json\/wp\/v2\/product"}],"about":[{"href":"https:\/\/luba.de\/en\/wp-json\/wp\/v2\/types\/product"}],"replies":[{"embeddable":true,"href":"https:\/\/luba.de\/en\/wp-json\/wp\/v2\/comments?post=9351"}],"wp:featuredmedia":[{"embeddable":true,"href":"https:\/\/luba.de\/en\/wp-json\/wp\/v2\/media\/9352"}],"wp:attachment":[{"href":"https:\/\/luba.de\/en\/wp-json\/wp\/v2\/media?parent=9351"}],"wp:term":[{"taxonomy":"pwb-brand","embeddable":true,"href":"https:\/\/luba.de\/en\/wp-json\/wp\/v2\/pwb-brand?post=9351"},{"taxonomy":"product_brand","embeddable":true,"href":"https:\/\/luba.de\/en\/wp-json\/wp\/v2\/product_brand?post=9351"},{"taxonomy":"product_cat","embeddable":true,"href":"https:\/\/luba.de\/en\/wp-json\/wp\/v2\/product_cat?post=9351"},{"taxonomy":"product_tag","embeddable":true,"href":"https:\/\/luba.de\/en\/wp-json\/wp\/v2\/product_tag?post=9351"}],"curies":[{"name":"wp","href":"https:\/\/api.w.org\/{rel}","templated":true}]}}