{"id":9355,"date":"2020-03-14T10:14:29","date_gmt":"2020-03-14T09:14:29","guid":{"rendered":"https:\/\/luba.de\/product\/teigschaber-kunststoff-24-cm-anthrazit-grau\/"},"modified":"2025-10-12T00:45:14","modified_gmt":"2025-10-11T22:45:14","slug":"teigschaber-kunststoff-24-cm-anthrazit-grau","status":"publish","type":"product","link":"https:\/\/luba.de\/en\/teigschaber-kunststoff-24-cm-anthrazit-grau\/","title":{"rendered":"Teigschaber Kunststoff 24 cm, anthrazit\/grau"},"content":{"rendered":"<p>Der Silikonteigschaber macht Schluss mit Kratzern in beschichteten Pfannen und Formen! Weich und flexibel passt er sich optimal Sch\u00fcsseln, hei\u00dfen Pfannen und beschichteten Formen an. Praktisch auch zum sorgf\u00e4ltigen Leeren von Bechern, T\u00f6pfen und anderen Gef\u00e4\u00dfen.<\/p>\n","protected":false},"excerpt":{"rendered":"<p>Der Silikonteigschaber macht Schluss mit Kratzern in beschichteten Pfannen und Formen! Weich und flexibel passt er sich optimal Sch\u00fcsseln, hei\u00dfen Pfannen und beschichteten Formen an. Praktisch auch zum sorgf\u00e4ltigen Leeren von Bechern, T\u00f6pfen und anderen Gef\u00e4\u00dfen.<\/p>\n","protected":false},"featured_media":9356,"comment_status":"closed","ping_status":"closed","template":"","meta":{"_acf_changed":false},"pwb-brand":[1163],"product_brand":[],"product_cat":[857],"product_tag":[1029],"class_list":{"0":"post-9355","1":"product","2":"type-product","3":"status-publish","4":"has-post-thumbnail","6":"pwb-brand-messerschmidt-en","7":"product_cat-kitchen-utensils","8":"product_tag-baking-tools","10":"first","11":"instock","12":"taxable","13":"shipping-taxable","14":"purchasable","15":"product-type-simple"},"bundled_by":[],"bundle_stock_status":"instock","bundle_stock_quantity":44,"bundle_virtual":false,"bundle_layout":"","bundle_add_to_cart_form_location":"","bundle_editable_in_cart":false,"bundle_sold_individually_context":"","bundle_item_grouping":"","bundle_min_size":"","bundle_max_size":"","bundle_price":[],"bundled_items":[],"bundle_sell_ids":[],"exclude_global_add_ons":[],"addons":[],"acf":[],"brands":[{"id":1163,"name":"Messerschmidt","slug":"messerschmidt-en"}],"_links":{"self":[{"href":"https:\/\/luba.de\/en\/wp-json\/wp\/v2\/product\/9355","targetHints":{"allow":["GET"]}}],"collection":[{"href":"https:\/\/luba.de\/en\/wp-json\/wp\/v2\/product"}],"about":[{"href":"https:\/\/luba.de\/en\/wp-json\/wp\/v2\/types\/product"}],"replies":[{"embeddable":true,"href":"https:\/\/luba.de\/en\/wp-json\/wp\/v2\/comments?post=9355"}],"wp:featuredmedia":[{"embeddable":true,"href":"https:\/\/luba.de\/en\/wp-json\/wp\/v2\/media\/9356"}],"wp:attachment":[{"href":"https:\/\/luba.de\/en\/wp-json\/wp\/v2\/media?parent=9355"}],"wp:term":[{"taxonomy":"pwb-brand","embeddable":true,"href":"https:\/\/luba.de\/en\/wp-json\/wp\/v2\/pwb-brand?post=9355"},{"taxonomy":"product_brand","embeddable":true,"href":"https:\/\/luba.de\/en\/wp-json\/wp\/v2\/product_brand?post=9355"},{"taxonomy":"product_cat","embeddable":true,"href":"https:\/\/luba.de\/en\/wp-json\/wp\/v2\/product_cat?post=9355"},{"taxonomy":"product_tag","embeddable":true,"href":"https:\/\/luba.de\/en\/wp-json\/wp\/v2\/product_tag?post=9355"}],"curies":[{"name":"wp","href":"https:\/\/api.w.org\/{rel}","templated":true}]}}