{"id":9367,"date":"2020-03-14T10:14:29","date_gmt":"2020-03-14T09:14:29","guid":{"rendered":"https:\/\/luba.de\/product\/rohkostvorsatz-mit-trommel-1-2-3\/"},"modified":"2026-04-21T14:54:01","modified_gmt":"2026-04-21T12:54:01","slug":"rohkostvorsatz-mit-trommel-1-2-3","status":"publish","type":"product","link":"https:\/\/luba.de\/en\/rohkostvorsatz-mit-trommel-1-2-3\/","title":{"rendered":"Rohkostvorsatz mit Trommel 1, 2, 3"},"content":{"rendered":"<h2>Gem\u00fcseschneider Vorsatz \u2013 mit Original Messerschmidt Anschluss<\/h2>\n<p>Wirklich gesunde Ern\u00e4hrung ist ohne Obst und Gem\u00fcse nicht denkbar. Die wichtigen Inhaltsstoffe wie Vitamine, Mineralstoffe und nat\u00fcrlich auch die aromatischen Substanzen bereichern Ihre Ern\u00e4hrung substantiell. Der Gem\u00fcseschneider Vorsatz \u2013 Original Messerschmidt Anschluss\u00a0 (Raffel-Vorsatz) von Messerschmidt ist ein seit Jahrzehnten bew\u00e4hrtes und beliebtes K\u00fcchenger\u00e4t. Sie k\u00f6nnen damit einfach und schnell frische Kost schnitzeln, schneiden, raspeln und reiben. Zum Beispiel f\u00fcr leckere Salate und viele herrliche Gem\u00fcsegerichte. Den Gem\u00fcseschneider liefern wir komplett mit den Trommeln 1 (Birchertrommel), 2 (Scheibentrommel) und 3 (Grobtrommel).<\/p>\n<p>Bew\u00e4hrtes Zubeh\u00f6r f\u00fcr die meisten K\u00fcchenmaschinen und die Antriebe von Messerschmidt<br \/>\nDie Vors\u00e4tze von Messerschmidt k\u00f6nnen Sie mit den Motor-Antrieben Culina und Varius sowie dem Handantrieb von Messerschmidt verwenden. Mit einem entsprechenden Adapter (ebenfalls bei uns erh\u00e4ltlich) passen die Vors\u00e4tze auch auf viele andere K\u00fcchenmaschinen, z.B. von Bosch, Bauknecht, Braun, Elektrolux, Elektro-AS, Kenwood, Ritter und Starmix.<\/p>\n<p>Hinweis: Bitte beachten Sie, dass der Gem\u00fcseschneider nur f\u00fcr den Haushaltsgebrauch konzipiert und geeignet ist.<\/p>\n","protected":false},"excerpt":{"rendered":"<p>Gem\u00fcseschneider Vorsatz \u2013 mit Original Messerschmidt Anschluss Wirklich gesunde Ern\u00e4hrung ist ohne Obst und Gem\u00fcse nicht denkbar. Die wichtigen Inhaltsstoffe wie Vitamine, Mineralstoffe und nat\u00fcrlich auch die aromatischen Substanzen bereichern Ihre Ern\u00e4hrung substantiell. Der Gem\u00fcseschneider Vorsatz \u2013 Original Messerschmidt Anschluss\u00a0 (Raffel-Vorsatz) von Messerschmidt ist ein seit Jahrzehnten bew\u00e4hrtes und beliebtes K\u00fcchenger\u00e4t. Sie k\u00f6nnen damit einfach [&#8230;]\n","protected":false},"featured_media":19528,"comment_status":"closed","ping_status":"closed","template":"","meta":{"_acf_changed":false},"pwb-brand":[1163],"product_brand":[],"product_cat":[1057],"product_tag":[],"class_list":{"0":"post-9367","1":"product","2":"type-product","3":"status-publish","4":"has-post-thumbnail","6":"pwb-brand-messerschmidt-en","7":"product_cat-attachments","9":"first","10":"instock","11":"taxable","12":"shipping-taxable","13":"purchasable","14":"product-type-simple"},"bundled_by":[],"bundle_stock_status":"instock","bundle_stock_quantity":38,"bundle_virtual":false,"bundle_layout":"","bundle_add_to_cart_form_location":"","bundle_editable_in_cart":false,"bundle_sold_individually_context":"","bundle_item_grouping":"","bundle_min_size":"","bundle_max_size":"","bundle_price":[],"bundled_items":[],"bundle_sell_ids":[],"exclude_global_add_ons":[],"addons":[],"acf":[],"brands":[{"id":1163,"name":"Messerschmidt","slug":"messerschmidt-en"}],"_links":{"self":[{"href":"https:\/\/luba.de\/en\/wp-json\/wp\/v2\/product\/9367","targetHints":{"allow":["GET"]}}],"collection":[{"href":"https:\/\/luba.de\/en\/wp-json\/wp\/v2\/product"}],"about":[{"href":"https:\/\/luba.de\/en\/wp-json\/wp\/v2\/types\/product"}],"replies":[{"embeddable":true,"href":"https:\/\/luba.de\/en\/wp-json\/wp\/v2\/comments?post=9367"}],"wp:featuredmedia":[{"embeddable":true,"href":"https:\/\/luba.de\/en\/wp-json\/wp\/v2\/media\/19528"}],"wp:attachment":[{"href":"https:\/\/luba.de\/en\/wp-json\/wp\/v2\/media?parent=9367"}],"wp:term":[{"taxonomy":"pwb-brand","embeddable":true,"href":"https:\/\/luba.de\/en\/wp-json\/wp\/v2\/pwb-brand?post=9367"},{"taxonomy":"product_brand","embeddable":true,"href":"https:\/\/luba.de\/en\/wp-json\/wp\/v2\/product_brand?post=9367"},{"taxonomy":"product_cat","embeddable":true,"href":"https:\/\/luba.de\/en\/wp-json\/wp\/v2\/product_cat?post=9367"},{"taxonomy":"product_tag","embeddable":true,"href":"https:\/\/luba.de\/en\/wp-json\/wp\/v2\/product_tag?post=9367"}],"curies":[{"name":"wp","href":"https:\/\/api.w.org\/{rel}","templated":true}]}}