{"id":9381,"date":"2020-03-14T10:14:29","date_gmt":"2020-03-14T09:14:29","guid":{"rendered":"https:\/\/luba.de\/product\/solis-vakuumierfolie-2-rollen-30-x-600-cm\/"},"modified":"2026-04-20T14:23:49","modified_gmt":"2026-04-20T12:23:49","slug":"solis-vakuumierfolie-2-rollen-30-x-600-cm","status":"publish","type":"product","link":"https:\/\/luba.de\/en\/solis-vakuumierfolie-2-rollen-30-x-600-cm\/","title":{"rendered":"Solis Vakuumierfolie, 2 Rollen, 30 x 600 cm"},"content":{"rendered":"<h2>Vakuumierfolie, 30 x 600 cm<\/h2>\n<p>Entdecken Sie die hochwertigen Vakuumierfolien-Rollen von Solis, die perfekte L\u00f6sung f\u00fcr die langfristige Aufbewahrung und Zubereitung Ihrer Lebensmittel. Diese vielseitig einsetzbaren Folien bieten zahlreiche Vorteile, die sie zur idealen Wahl f\u00fcr jede K\u00fcche machen.<br \/>\nOb zum Kochen oder Einfrieren, die Vakumierfolienrollen 30cm von Solis sind extrem anpassungsf\u00e4hig. Sie sind ideal als Sous Vide Beutel bei Temperaturen unter 100\u00b0C geeignet und k\u00f6nnen in der Mikrowelle verwendet werden, solange die Temperatur unter 100\u00b0C bleibt. Auch das Erhitzen in kochendem Wasser f\u00fcr bis zu vier Stunden ist kein Problem. Ihre Lebensmittel bleiben sicher und gesch\u00fctzt, selbst bei der Lagerung im Gefrierschrank bei Temperaturen unter -20\u00b0C, ohne dass Gefrierbrand entsteht. Des Weiteren k\u00f6nnen Sie mit diesen Folien auch M\u00fcnzen oder Kleidung versiegeln.<\/p>\n<p>Die Vakuumierer Folien sind lebensmittelecht und frei von BPA. Sie wurden von der schweizerischen SQTS (Swiss Quality Testing Services) getestet und zugelassen, was Ihnen die Sicherheit gibt, dass Ihre Lebensmittel in den besten H\u00e4nden sind. Dank der dreischichtigen Folienstruktur mit einer Dicke von 110 \u00b5m wird das Eindringen von Feuchtigkeit und Sauerstoff zuverl\u00e4ssig verhindert. Dies sorgt f\u00fcr eine langanhaltende Frische und sch\u00fctzt Ihre Lebensmittel optimal vor Aromaverlust.<\/p>\n<p>Die Rolle f\u00fcr Vakuumierbeutel misst 30 x 600 cm und kann individuell auf die gew\u00fcnschte L\u00e4nge zugeschnitten werden. Zudem sind die Folien robust und widerstandsf\u00e4hig, was eine mehrfache Wiederverwendung erm\u00f6glicht. Dies macht sie nicht nur \u00f6konomisch, sondern auch umweltfreundlich.<\/p>\n<p>Egal ob Sie Lebensmittel f\u00fcr die Langzeitlagerung im Gefrierschrank vorbereiten, Mahlzeiten f\u00fcr die Woche vorkochen oder die Aromen von frischen Zutaten bewahren m\u00f6chten \u2013 die Solis Vakuumierfolien bieten Ihnen die perfekte L\u00f6sung. Ihre robusten und langlebigen Eigenschaften machen sie zu einem unverzichtbaren Hilfsmittel in jeder K\u00fcche.<\/p>\n<h3>Bewahrt die Frische von Lebensmitteln<\/h3>\n<p>H\u00e4lt Lebensmittel bis zu 8-mal l\u00e4nger frisch, reduziert Lebensmittelabf\u00e4lle und spart Geld.<\/p>\n<h3>Sch\u00fctzt vor Aromaverlust<\/h3>\n<p>Schlie\u00dft das Aroma ein und sch\u00fctzt die Lebensmittel vor der Annahme unerw\u00fcnschter Ger\u00fcche.<\/p>\n<h3>Individuelle Gr\u00f6\u00dfe &amp; wiederverwendbar<\/h3>\n<p>Erm\u00f6glicht es Ihnen, nur so wenig Plastik wie n\u00f6tig zu verwenden und zu entsorgen.<\/p>\n<h3>Widerstandsf\u00e4higes Material<\/h3>\n<p>Bestehend aus einer dicken, dreilagigen Folie, die stich- und rei\u00dffest ist.<\/p>\n<h3>Ideal zum Kochen &amp; Einfrieren<\/h3>\n<p>Geeignet f\u00fcr Sous-Vide-Garen, Mikrowellen, kochendes Wasser und Einfrieren.<\/p>\n<h3>Lebensmittelecht &amp; frei von BPA<\/h3>\n<p>Hergestellt aus lebensmittelechtem, BPA-freiem Kunststoff f\u00fcr garantierte Sicherheit und Qualit\u00e4t.<\/p>\n<h3>Lieferumfang:<\/h3>\n<ul>\n<li>2 Rollen Vakuumierfolien 30 x 600 cm<\/li>\n<li>deutsche Bedienungsanleitung<\/li>\n<\/ul>\n","protected":false},"excerpt":{"rendered":"<ul>\n<li>Sch\u00fctzt vor Aromaverlust<\/li>\n<li>Individuelle Gr\u00f6\u00dfe &amp; wiederverwendbar<\/li>\n<li>Widerstandsf\u00e4higes Material<\/li>\n<li>Ideal zum Kochen &amp; Einfrieren<\/li>\n<li>Lebensmittelecht &amp; frei von BPA<\/li>\n<\/ul>\n","protected":false},"featured_media":24790,"comment_status":"closed","ping_status":"closed","template":"","meta":{"_acf_changed":false},"pwb-brand":[1190],"product_brand":[],"product_cat":[871],"product_tag":[],"class_list":{"0":"post-9381","1":"product","2":"type-product","3":"status-publish","4":"has-post-thumbnail","6":"pwb-brand-solis-en","7":"product_cat-solis-en","9":"first","10":"instock","11":"taxable","12":"shipping-taxable","13":"purchasable","14":"product-type-simple"},"bundled_by":[],"bundle_stock_status":"instock","bundle_stock_quantity":22,"bundle_virtual":false,"bundle_layout":"","bundle_add_to_cart_form_location":"","bundle_editable_in_cart":false,"bundle_sold_individually_context":"","bundle_item_grouping":"","bundle_min_size":"","bundle_max_size":"","bundle_price":[],"bundled_items":[],"bundle_sell_ids":[],"exclude_global_add_ons":[],"addons":[],"acf":[],"brands":[{"id":1190,"name":"Solis","slug":"solis-en"}],"_links":{"self":[{"href":"https:\/\/luba.de\/en\/wp-json\/wp\/v2\/product\/9381","targetHints":{"allow":["GET"]}}],"collection":[{"href":"https:\/\/luba.de\/en\/wp-json\/wp\/v2\/product"}],"about":[{"href":"https:\/\/luba.de\/en\/wp-json\/wp\/v2\/types\/product"}],"replies":[{"embeddable":true,"href":"https:\/\/luba.de\/en\/wp-json\/wp\/v2\/comments?post=9381"}],"wp:featuredmedia":[{"embeddable":true,"href":"https:\/\/luba.de\/en\/wp-json\/wp\/v2\/media\/24790"}],"wp:attachment":[{"href":"https:\/\/luba.de\/en\/wp-json\/wp\/v2\/media?parent=9381"}],"wp:term":[{"taxonomy":"pwb-brand","embeddable":true,"href":"https:\/\/luba.de\/en\/wp-json\/wp\/v2\/pwb-brand?post=9381"},{"taxonomy":"product_brand","embeddable":true,"href":"https:\/\/luba.de\/en\/wp-json\/wp\/v2\/product_brand?post=9381"},{"taxonomy":"product_cat","embeddable":true,"href":"https:\/\/luba.de\/en\/wp-json\/wp\/v2\/product_cat?post=9381"},{"taxonomy":"product_tag","embeddable":true,"href":"https:\/\/luba.de\/en\/wp-json\/wp\/v2\/product_tag?post=9381"}],"curies":[{"name":"wp","href":"https:\/\/api.w.org\/{rel}","templated":true}]}}