{"id":9383,"date":"2020-03-14T10:14:16","date_gmt":"2020-03-14T09:14:16","guid":{"rendered":"https:\/\/luba.de\/product\/messerschmidt-mahlvorsatz-385-fuer-kitchenaid\/"},"modified":"2026-03-09T15:38:49","modified_gmt":"2026-03-09T14:38:49","slug":"messerschmidt-mahlvorsatz-385-fuer-kitchenaid","status":"publish","type":"product","link":"https:\/\/luba.de\/en\/messerschmidt-mahlvorsatz-385-fuer-kitchenaid\/","title":{"rendered":"Messerschmidt Mahlvorsatz 385 f\u00fcr KitchenAid"},"content":{"rendered":"<h2>Getreidem\u00fchle f\u00fcr KitchenAid K\u00fcchenmaschine \u2013 mit Direktanschluss<\/h2>\n<p>Machen Sie Ihre KitchenAid zur perfekten Getreidem\u00fchle f\u00fcr die Vollwertk\u00fcche! Einfach aufstecken, fertig. Mit dem geh\u00e4rteten Stahlkegel-Mahlwerk dieser Getreidem\u00fchle k\u00f6nnen Sie alle Getreidesorten (au\u00dfer Mais), sowie \u00d6lsaaten, trockene Kr\u00e4uter und Gew\u00fcrze mahlen. Ob fein oder grob, die Einstellung ist stufenlos nach Ihren W\u00fcnschen m\u00f6glich. Frisch gemahlenes Getreide ist ein unerl\u00e4sslicher Bestandteil der vollwertigen, nat\u00fcrlichen Ern\u00e4hrung. Unsere bew\u00e4hrte Getreidem\u00fchle unterst\u00fctzt Sie dabei effizient. Sie ist sehr einfach an Ihrer K\u00fcchenmaschine anzubringen und nach Gebrauch schnell zu reinigen.<\/p>\n<p>Setzen Sie auf Bew\u00e4hrtes: Seit \u00fcber 20 Jahren stellt Messerschmidt Zubeh\u00f6r f\u00fcr K\u00fcchenmaschinen von KitchenAid her. Wir legen dabei sehr gro\u00dfen Wert auf einfache aber nachhaltige L\u00f6sungen, hochwertige Materialien und lange Lebensdauer. Das Stahlkegel-Mahlwerk ist geh\u00e4rtet, der Kunststoff lebensmittelecht und hygienisch. Wenige Teile sorgen f\u00fcr geringstm\u00f6gliche Reparaturf\u00e4lle. Und unsere Ersatzteilversorgung gilt bei unseren Kunden als vorbildlich. Wir w\u00fcnschen Ihnen schon jetzt viel Freude und guten Appetit.<\/p>\n<p>Hinweis: Bitte beachten Sie, dass die Getreidem\u00fchle nur f\u00fcr den Haushaltsgebrauch konzipiert und geeignet ist. Es kann kein eingeweichtes oder gekeimtes Getreide verarbeitet werden.<\/p>\n","protected":false},"excerpt":{"rendered":"<p>Getreidem\u00fchle f\u00fcr KitchenAid K\u00fcchenmaschine \u2013 mit Direktanschluss Machen Sie Ihre KitchenAid zur perfekten Getreidem\u00fchle f\u00fcr die Vollwertk\u00fcche! Einfach aufstecken, fertig. Mit dem geh\u00e4rteten Stahlkegel-Mahlwerk dieser Getreidem\u00fchle k\u00f6nnen Sie alle Getreidesorten (au\u00dfer Mais), sowie \u00d6lsaaten, trockene Kr\u00e4uter und Gew\u00fcrze mahlen. Ob fein oder grob, die Einstellung ist stufenlos nach Ihren W\u00fcnschen m\u00f6glich. Frisch gemahlenes Getreide ist [&#8230;]\n","protected":false},"featured_media":19509,"comment_status":"closed","ping_status":"closed","template":"","meta":{"_acf_changed":false},"pwb-brand":[1163],"product_brand":[],"product_cat":[885,920],"product_tag":[],"class_list":{"0":"post-9383","1":"product","2":"type-product","3":"status-publish","4":"has-post-thumbnail","6":"pwb-brand-messerschmidt-en","7":"product_cat-kitchenaid-kuechenmaschienen-zubehoer-en","8":"product_cat-messerschmidt-kuechenmaschienen-zubehoer-en","10":"first","11":"instock","12":"taxable","13":"shipping-taxable","14":"purchasable","15":"product-type-simple"},"bundled_by":[],"bundle_stock_status":"instock","bundle_stock_quantity":18,"bundle_virtual":false,"bundle_layout":"","bundle_add_to_cart_form_location":"","bundle_editable_in_cart":false,"bundle_sold_individually_context":"","bundle_item_grouping":"","bundle_min_size":"","bundle_max_size":"","bundle_price":[],"bundled_items":[],"bundle_sell_ids":[],"exclude_global_add_ons":[],"addons":[],"acf":[],"brands":[{"id":1163,"name":"Messerschmidt","slug":"messerschmidt-en"}],"_links":{"self":[{"href":"https:\/\/luba.de\/en\/wp-json\/wp\/v2\/product\/9383","targetHints":{"allow":["GET"]}}],"collection":[{"href":"https:\/\/luba.de\/en\/wp-json\/wp\/v2\/product"}],"about":[{"href":"https:\/\/luba.de\/en\/wp-json\/wp\/v2\/types\/product"}],"replies":[{"embeddable":true,"href":"https:\/\/luba.de\/en\/wp-json\/wp\/v2\/comments?post=9383"}],"wp:featuredmedia":[{"embeddable":true,"href":"https:\/\/luba.de\/en\/wp-json\/wp\/v2\/media\/19509"}],"wp:attachment":[{"href":"https:\/\/luba.de\/en\/wp-json\/wp\/v2\/media?parent=9383"}],"wp:term":[{"taxonomy":"pwb-brand","embeddable":true,"href":"https:\/\/luba.de\/en\/wp-json\/wp\/v2\/pwb-brand?post=9383"},{"taxonomy":"product_brand","embeddable":true,"href":"https:\/\/luba.de\/en\/wp-json\/wp\/v2\/product_brand?post=9383"},{"taxonomy":"product_cat","embeddable":true,"href":"https:\/\/luba.de\/en\/wp-json\/wp\/v2\/product_cat?post=9383"},{"taxonomy":"product_tag","embeddable":true,"href":"https:\/\/luba.de\/en\/wp-json\/wp\/v2\/product_tag?post=9383"}],"curies":[{"name":"wp","href":"https:\/\/api.w.org\/{rel}","templated":true}]}}