{"id":9385,"date":"2020-03-14T10:14:16","date_gmt":"2020-03-14T09:14:16","guid":{"rendered":"https:\/\/luba.de\/product\/messerschmidt-flockenbar-vorsatz-fuer-kitchenaid\/"},"modified":"2026-04-02T15:09:37","modified_gmt":"2026-04-02T13:09:37","slug":"messerschmidt-flockenbar-vorsatz-fuer-kitchenaid","status":"publish","type":"product","link":"https:\/\/luba.de\/en\/messerschmidt-flockenbar-vorsatz-fuer-kitchenaid\/","title":{"rendered":"Messerschmidt Flockenbar-Vorsatz f\u00fcr KitchenAid"},"content":{"rendered":"<h2>Flockenquetsche f\u00fcr KitchenAid K\u00fcchenmaschine \u2013 mit Direktanschluss<\/h2>\n<p>Die Flockenquetsche f\u00fcr KitchenAid K\u00fcchenmaschine \u2013 Direktanschluss erweitert Ihr K\u00fcchenrepertoire um zahllose kreative M\u00f6glichkeiten. Mit diesem Flocker Vorsatz f\u00fcr Ihre KitchenAid verarbeiten Sie Getreide, Kornmischungen und \u00d6lsaaten (z.B. Sesam und Leinsamen), sowie Gew\u00fcrze ganz frisch. Sie werden schnell feststellen: Nur frisch sind Hafer-Flocken, Saaten und Gew\u00fcrze der volle Genuss. So bleibt Ihnen das volle nat\u00fcrliche Aroma mit allen wertvollen Inhaltsstoffen erhalten. Mit wenig Aufwand erg\u00e4nzen Sie Ihre Mahlzeiten um wertvolle Vitamine, Mineralien und Ballaststoffe. Ihre frisch gequetschten Flocken sind in kurzer Zeit zubereitet.<\/p>\n<p>Setzen Sie auf Bew\u00e4hrtes: Seit \u00fcber 20 Jahren stellen wir Zubeh\u00f6r f\u00fcr K\u00fcchenmaschinen von KitchenAid her. Wir legen dabei sehr gro\u00dfen Wert auf einfache aber nachhaltige L\u00f6sungen, hochwertige Materialien und lange Lebensdauer. So ist die Edelstahl-R\u00e4ndelwalze abw\u00e4lzgefr\u00e4st, der Kunststoff lebensmittelecht und hygienisch. Wenige Teile sorgen f\u00fcr geringstm\u00f6gliche Reparaturf\u00e4lle. Und unsere Ersatzteilversorgung gilt bei unseren Kunden als vorbildlich. Wir w\u00fcnschen Ihnen schon jetzt viel Freude und guten Appetit.<\/p>\n<p>Hinweis: Die Flockenquetsche ist ausschlie\u00dflich f\u00fcr den Haushaltsgebrauch geeignet. Es kann kein eingeweichtes oder gekeimtes Getreide verarbeitet werden. Futterhafer, z.B. f\u00fcr Pferde, kann mit ihr auch nicht verarbeitet werden.<\/p>\n<p><strong>Jetzt neu:<\/strong> Alle Flockenquetschen und Vors\u00e4tze werden mit praktischer <a href=\"https:\/\/luba.de\/produkt\/trockenreinigungsbuerste-fuer-flockenbar-vorsatz\/\">Trockenreinigungsb\u00fcrste<\/a> geliefert<\/p>\n","protected":false},"excerpt":{"rendered":"<p>Flockenquetsche f\u00fcr KitchenAid K\u00fcchenmaschine \u2013 mit Direktanschluss Die Flockenquetsche f\u00fcr KitchenAid K\u00fcchenmaschine \u2013 Direktanschluss erweitert Ihr K\u00fcchenrepertoire um zahllose kreative M\u00f6glichkeiten. Mit diesem Flocker Vorsatz f\u00fcr Ihre KitchenAid verarbeiten Sie Getreide, Kornmischungen und \u00d6lsaaten (z.B. Sesam und Leinsamen), sowie Gew\u00fcrze ganz frisch. Sie werden schnell feststellen: Nur frisch sind Hafer-Flocken, Saaten und Gew\u00fcrze der volle [&#8230;]\n","protected":false},"featured_media":19506,"comment_status":"closed","ping_status":"closed","template":"","meta":{"_acf_changed":false},"pwb-brand":[1163],"product_brand":[],"product_cat":[885,920],"product_tag":[],"class_list":{"0":"post-9385","1":"product","2":"type-product","3":"status-publish","4":"has-post-thumbnail","6":"pwb-brand-messerschmidt-en","7":"product_cat-kitchenaid-kuechenmaschienen-zubehoer-en","8":"product_cat-messerschmidt-kuechenmaschienen-zubehoer-en","10":"first","11":"instock","12":"taxable","13":"shipping-taxable","14":"purchasable","15":"product-type-simple"},"bundled_by":[],"bundle_stock_status":"instock","bundle_stock_quantity":34,"bundle_virtual":false,"bundle_layout":"","bundle_add_to_cart_form_location":"","bundle_editable_in_cart":false,"bundle_sold_individually_context":"","bundle_item_grouping":"","bundle_min_size":"","bundle_max_size":"","bundle_price":[],"bundled_items":[],"bundle_sell_ids":[],"exclude_global_add_ons":[],"addons":[],"acf":[],"brands":[{"id":1163,"name":"Messerschmidt","slug":"messerschmidt-en"}],"_links":{"self":[{"href":"https:\/\/luba.de\/en\/wp-json\/wp\/v2\/product\/9385","targetHints":{"allow":["GET"]}}],"collection":[{"href":"https:\/\/luba.de\/en\/wp-json\/wp\/v2\/product"}],"about":[{"href":"https:\/\/luba.de\/en\/wp-json\/wp\/v2\/types\/product"}],"replies":[{"embeddable":true,"href":"https:\/\/luba.de\/en\/wp-json\/wp\/v2\/comments?post=9385"}],"wp:featuredmedia":[{"embeddable":true,"href":"https:\/\/luba.de\/en\/wp-json\/wp\/v2\/media\/19506"}],"wp:attachment":[{"href":"https:\/\/luba.de\/en\/wp-json\/wp\/v2\/media?parent=9385"}],"wp:term":[{"taxonomy":"pwb-brand","embeddable":true,"href":"https:\/\/luba.de\/en\/wp-json\/wp\/v2\/pwb-brand?post=9385"},{"taxonomy":"product_brand","embeddable":true,"href":"https:\/\/luba.de\/en\/wp-json\/wp\/v2\/product_brand?post=9385"},{"taxonomy":"product_cat","embeddable":true,"href":"https:\/\/luba.de\/en\/wp-json\/wp\/v2\/product_cat?post=9385"},{"taxonomy":"product_tag","embeddable":true,"href":"https:\/\/luba.de\/en\/wp-json\/wp\/v2\/product_tag?post=9385"}],"curies":[{"name":"wp","href":"https:\/\/api.w.org\/{rel}","templated":true}]}}