{"id":9389,"date":"2020-03-14T10:14:16","date_gmt":"2020-03-14T09:14:16","guid":{"rendered":"https:\/\/luba.de\/product\/jura-claris-filterpatrone-white\/"},"modified":"2025-10-11T23:59:51","modified_gmt":"2025-10-11T21:59:51","slug":"jura-claris-filterpatrone-white","status":"publish","type":"product","link":"https:\/\/luba.de\/en\/jura-claris-filterpatrone-white\/","title":{"rendered":"JURA CLARIS Filterpatrone white"},"content":{"rendered":"<h1>JURA CLARIS Filterpatrone white 1 St\u00fcck<\/h1>\n<p>Die neue Filterpatrone CLARIS White kann weiterhin f\u00fcr alle JURA-Kaffeevollautomaten verwendet werden, bei denen bisher die CLARIS plus Filterpatrone Water Care IMPRESSA im Einsatz war. Wer einmal frisches Quellwasser getrunken hat, wei\u00df: Zwischen dem naturreinen Lebenselixier und dem aufbereiteten Nass aus der Leitung k\u00f6nnen Welten liegen. Mit dem Einsatz der Filterpatrone CLARIS gewinnen Sie stets frisch gefiltertes, wohltuendes Kaffee- und Teewasser. Der organische Ionenaustauscher und die Aktivkohle reduzieren Kalkablagerungen, Schwermetalle sowie geschmacks- und geruchsbeeintr\u00e4chtigende Stoffe im Trinkwasser und erreichen einen stabilen pH-Wert. Die Patrone wird direkt in den Wassertank eingesetzt und arbeitet nach dem professionellen Aufstromprinzip. Mit rein organischem Material gef\u00fcllt &#8211; ohne chemische Zus\u00e4tze. Filterkapazit\u00e4t: 50 Liter oder maximal 2 Monate. Mit CLARIS Filterpatronen schonen Sie Ihr Ger\u00e4t und verl\u00e4ngern seine Lebensdauer. Bei einer Mengenabnahme von 20 St\u00fcck sind die Filterpatronen g\u00fcnstiger.<\/p>\n","protected":false},"excerpt":{"rendered":"<p>JURA CLARIS Filterpatrone white 1 St\u00fcck Die neue Filterpatrone CLARIS White kann weiterhin f\u00fcr alle JURA-Kaffeevollautomaten verwendet werden, bei denen bisher die CLARIS plus Filterpatrone Water Care IMPRESSA im Einsatz war. Wer einmal frisches Quellwasser getrunken hat, wei\u00df: Zwischen dem naturreinen Lebenselixier und dem aufbereiteten Nass aus der Leitung k\u00f6nnen Welten liegen. Mit dem Einsatz [&#8230;]\n","protected":false},"featured_media":9390,"comment_status":"closed","ping_status":"closed","template":"","meta":{"_acf_changed":false},"pwb-brand":[1181],"product_brand":[],"product_cat":[955,954,857],"product_tag":[],"class_list":{"0":"post-9389","1":"product","2":"type-product","3":"status-publish","4":"has-post-thumbnail","6":"pwb-brand-jura-en","7":"product_cat-consumables","8":"product_cat-filter-cartridges","9":"product_cat-kitchen-utensils","11":"first","12":"instock","13":"taxable","14":"shipping-taxable","15":"purchasable","16":"product-type-simple"},"bundled_by":[],"bundle_stock_status":"instock","bundle_stock_quantity":10,"bundle_virtual":false,"bundle_layout":"","bundle_add_to_cart_form_location":"","bundle_editable_in_cart":false,"bundle_sold_individually_context":"","bundle_item_grouping":"","bundle_min_size":"","bundle_max_size":"","bundle_price":[],"bundled_items":[],"bundle_sell_ids":[],"exclude_global_add_ons":[],"addons":[],"acf":[],"brands":[{"id":1181,"name":"Jura","slug":"jura-en"}],"_links":{"self":[{"href":"https:\/\/luba.de\/en\/wp-json\/wp\/v2\/product\/9389","targetHints":{"allow":["GET"]}}],"collection":[{"href":"https:\/\/luba.de\/en\/wp-json\/wp\/v2\/product"}],"about":[{"href":"https:\/\/luba.de\/en\/wp-json\/wp\/v2\/types\/product"}],"replies":[{"embeddable":true,"href":"https:\/\/luba.de\/en\/wp-json\/wp\/v2\/comments?post=9389"}],"wp:featuredmedia":[{"embeddable":true,"href":"https:\/\/luba.de\/en\/wp-json\/wp\/v2\/media\/9390"}],"wp:attachment":[{"href":"https:\/\/luba.de\/en\/wp-json\/wp\/v2\/media?parent=9389"}],"wp:term":[{"taxonomy":"pwb-brand","embeddable":true,"href":"https:\/\/luba.de\/en\/wp-json\/wp\/v2\/pwb-brand?post=9389"},{"taxonomy":"product_brand","embeddable":true,"href":"https:\/\/luba.de\/en\/wp-json\/wp\/v2\/product_brand?post=9389"},{"taxonomy":"product_cat","embeddable":true,"href":"https:\/\/luba.de\/en\/wp-json\/wp\/v2\/product_cat?post=9389"},{"taxonomy":"product_tag","embeddable":true,"href":"https:\/\/luba.de\/en\/wp-json\/wp\/v2\/product_tag?post=9389"}],"curies":[{"name":"wp","href":"https:\/\/api.w.org\/{rel}","templated":true}]}}