{"id":9391,"date":"2020-03-14T10:14:16","date_gmt":"2020-03-14T09:14:16","guid":{"rendered":"https:\/\/luba.de\/product\/jura-claris-filterpatrone-blue\/"},"modified":"2026-03-30T08:39:29","modified_gmt":"2026-03-30T06:39:29","slug":"jura-claris-filterpatrone-blue","status":"publish","type":"product","link":"https:\/\/luba.de\/en\/jura-claris-filterpatrone-blue\/","title":{"rendered":"JURA CLARIS Filterpatrone Blue<sup>+<\/sup>"},"content":{"rendered":"<h2>Filterpatrone CLARIS Blue<sup>+<\/sup><\/h2>\n<h3>Der intelligente Wasserfilter mit dem Plus<\/h3>\n<p>Kaffee besteht zu 98 Prozent aus Wasser. Entsprechend elementar ist dessen perfekte Qualit\u00e4t f\u00fcr ein vollendetes Kaffeeergebnis. Mit CLARIS Blue<sup>+<\/sup> revolutioniert JURA die Wasserfiltration weiter. Die Technologie des Wasserfilters sorgt f\u00fcr ein Plus an Hygiene im Kaffeevollautomaten \u2013 und zwar bereits im Wassertank. Mit CLARIS Blue<sup>+<\/sup> erh\u00f6hen Sie den Schutz, die Produktesicherheit und die Lebensdauer Ihres Kaffeevollautomaten. F\u00fcr t\u00e4glich perfekten Kaffeegenuss.<\/p>\n<p>Die Filterpatrone CLARIS verf\u00fcgt an seinem unteren Ende zus\u00e4tzlich \u00fcber ein Depot mit nat\u00fcrlichen Wirkstoffen, die das Wasser im Tank stabilisieren und damit Kalkablagerungen im Bereich des Tankbodens reduzieren. Dies funktioniert ganz ohne zus\u00e4tzliche Energie oder Einwirkung, nur durch die nat\u00fcrliche Bewegung des Wassers im Tank, durch die es das Depot stets leicht durchstr\u00f6mt. Nach wie vor filtert der obere Teil der Filterpatrone CLARIS f\u00fcr die Kaffeezubereitung mittels Ionenaustausch und Aktivkohle im Aufstromprinzip genau die ben\u00f6tigte Menge Wasser f\u00fcr eine perfekte Tasse Kaffee.<\/p>\n<h3>Das Plus an Hygiene und Sauberkeit<\/h3>\n<p>CLARIS Blue<sup>+<\/sup> erg\u00e4nzt das bew\u00e4hrte professionelle Aufstromprinzip, das bei jeder Kaffeezubereitung genau die ben\u00f6tigte Menge Wasser filtert, durch ein Depot mit nat\u00fcrlichen Wirkstoffen.<br \/>\n<strong>Das Plus:<\/strong> Durch seine nat\u00fcrliche Bewegung durchstr\u00f6mt das Wasser dieses Depot immer leicht und wird durch den Kontakt stabilisiert. Dies f\u00fchrt zu weniger Kalkablagerungen und sorgt f\u00fcr maximale Sauberkeit im Wassertank.<\/p>\n<h3>F\u00fcr jedes Leitungswasser geeignet<\/h3>\n<p>Dank der innovativen Formel sind die Filterpatronen f\u00fcr jedes Leitungswasser weltweit geeignet. Das \u00e4usserst effektive Granulat filtert Kalk stets auf die optimale Menge (auch bei niedriger Wasserh\u00e4rte) und reduziert Schad- und geschmacksbeeintr\u00e4chtigende Stoffe wie Chlor so effizient wie noch nie. Mineralien, welche als wichtige Geschmackstr\u00e4ger fungieren, bleiben dabei erhalten. Die optimale Kalkstabilisation bereits im Wassertank und die effiziente Filterung bei der Kaffeezubereitung sorgen f\u00fcr beste Hygiene und optimale Wasserqualit\u00e4t f\u00fcr ein perfektes Kaffeearoma.<\/p>\n<p>G\u00f6nnen Sie sich und Ihrem JURA-Vollautomaten den CLARIS Blue<sup>+<\/sup> und \u00fcberzeugen Sie sich von den vielen Vorteilen.<\/p>\n<h3>Filterkapazit\u00e4t<\/h3>\n<p>CLARIS liefert das ideale Wasser f\u00fcr perfekte Kaffeespezialit\u00e4ten. Die Kapazit\u00e4t einer Filterpatrone h\u00e4ngt dabei vom Wasserh\u00e4rtegrad ab.<\/p>\n<ul>\n<li>bei 1-5\u00b0 dH: bis 65 l<\/li>\n<li>bei 6-10\u00b0 dH: bis 60 l<\/li>\n<li>bei 11-15\u00b0 dH: bis 55 l<\/li>\n<li>bei 16-20\u00b0 dH: bis 50 l<\/li>\n<li>bei 21-25\u00b0 dH: bis 45 l<\/li>\n<li>bei\u00a026-30\u00b0 dH: bis\u00a040 l<\/li>\n<\/ul>\n<h3>Kompatibilit\u00e4t<\/h3>\n<ul>\n<li>A1<\/li>\n<li>A9<\/li>\n<li>IMPRESSA F50<\/li>\n<li>IMPRESSA F55<\/li>\n<li>IMPRESSA S9<\/li>\n<li>J90<\/li>\n<li>J95<\/li>\n<\/ul>\n","protected":false},"excerpt":{"rendered":"<ul>\n<li>Der intelligente Wasserfilter mit dem Plus<\/li>\n<li>Das Plus an Hygiene und Sauberkeit<\/li>\n<li>F\u00fcr jedes Leitungswasser geeignet<\/li>\n<\/ul>\n","protected":false},"featured_media":22322,"comment_status":"closed","ping_status":"closed","template":"","meta":{"_acf_changed":false},"pwb-brand":[1181],"product_brand":[],"product_cat":[955,954,857],"product_tag":[],"class_list":{"0":"post-9391","1":"product","2":"type-product","3":"status-publish","4":"has-post-thumbnail","6":"pwb-brand-jura-en","7":"product_cat-consumables","8":"product_cat-filter-cartridges","9":"product_cat-kitchen-utensils","11":"first","12":"instock","13":"taxable","14":"shipping-taxable","15":"purchasable","16":"product-type-simple"},"bundled_by":[],"bundle_stock_status":"instock","bundle_stock_quantity":21,"bundle_virtual":false,"bundle_layout":"","bundle_add_to_cart_form_location":"","bundle_editable_in_cart":false,"bundle_sold_individually_context":"","bundle_item_grouping":"","bundle_min_size":"","bundle_max_size":"","bundle_price":[],"bundled_items":[],"bundle_sell_ids":[],"exclude_global_add_ons":[],"addons":[],"acf":[],"brands":[{"id":1181,"name":"Jura","slug":"jura-en"}],"_links":{"self":[{"href":"https:\/\/luba.de\/en\/wp-json\/wp\/v2\/product\/9391","targetHints":{"allow":["GET"]}}],"collection":[{"href":"https:\/\/luba.de\/en\/wp-json\/wp\/v2\/product"}],"about":[{"href":"https:\/\/luba.de\/en\/wp-json\/wp\/v2\/types\/product"}],"replies":[{"embeddable":true,"href":"https:\/\/luba.de\/en\/wp-json\/wp\/v2\/comments?post=9391"}],"wp:featuredmedia":[{"embeddable":true,"href":"https:\/\/luba.de\/en\/wp-json\/wp\/v2\/media\/22322"}],"wp:attachment":[{"href":"https:\/\/luba.de\/en\/wp-json\/wp\/v2\/media?parent=9391"}],"wp:term":[{"taxonomy":"pwb-brand","embeddable":true,"href":"https:\/\/luba.de\/en\/wp-json\/wp\/v2\/pwb-brand?post=9391"},{"taxonomy":"product_brand","embeddable":true,"href":"https:\/\/luba.de\/en\/wp-json\/wp\/v2\/product_brand?post=9391"},{"taxonomy":"product_cat","embeddable":true,"href":"https:\/\/luba.de\/en\/wp-json\/wp\/v2\/product_cat?post=9391"},{"taxonomy":"product_tag","embeddable":true,"href":"https:\/\/luba.de\/en\/wp-json\/wp\/v2\/product_tag?post=9391"}],"curies":[{"name":"wp","href":"https:\/\/api.w.org\/{rel}","templated":true}]}}