{"id":9401,"date":"2020-03-14T10:14:16","date_gmt":"2020-03-14T09:14:16","guid":{"rendered":"https:\/\/luba.de\/product\/grips-der-feuer-wok-grill-in-der-holzkiste\/"},"modified":"2026-02-17T10:08:17","modified_gmt":"2026-02-17T09:08:17","slug":"grips-der-feuer-wok-grill-in-der-holzkiste","status":"publish","type":"product","link":"https:\/\/luba.de\/en\/grips-der-feuer-wok-grill-in-der-holzkiste\/","title":{"rendered":"Grips &#8211; der Feuer-Wok-\/Grill in der Holzkiste"},"content":{"rendered":"<h3>Der Feuer-Wok revolutioniert das Grillen auf einfache Art und Weise.<\/h3>\n<p>Er besteht aus zwei Teilen:<br \/>\neinem Feuerkocher und einer leicht gew\u00f6lbten 3 mm starken Wok-Pfanne.<\/p>\n<p>Im Feuerkocher werden die Flammen weniger, kleiner Holzst\u00fccke zu gro\u00dfer Hitze kompensiert. So k\u00f6nnen Gem\u00fcse und Fleisch gleicherma\u00dfen gegrillt werden, ohne auszutrocknen, ohne langwierige Glutbildung, ohne l\u00e4stiges und ungesundes Fett im Feuer.<\/p>\n<p>Auch das Backen von Fladenbroten gelingt hier.<\/p>\n<p>Der Stahl des Feuer-Woks ist unveredelt. Nach dem Gebrauch sollte der Wok mit hei\u00dfem Wasser gereinigt und vor Einlagerung mit Ballistol \u2013 \u00d6l eingerieben werden.<\/p>\n<p>Zum sicheren Transport und zum praktischen Verstauen wird der Feuer-Wok in einer Transportkiste aus unbehandeltem Weichholz geliefert.<\/p>\n<h3>Daten Feuerwok Grips<\/h3>\n<ul>\n<li>Ma\u00dfe: 3mm dickem Stahl mit der sanften W\u00f6lbung. H: 30 mm; d: 475 mm<\/li>\n<li><span style=\"color: #555555;\">Der Feuer-Kocher komprimiert das Feuer kleinster Holzsp\u00e4ne zu einer starken Flamme.<br \/>\n<\/span>H: 220 mm; d: 200 mm<\/li>\n<li>Die Transport-Kiste, in einer Lebenshilfe Einrichtung gefertigt, besteht aus unbehandeltem Weichholz und einem praktischen Schiebedeckel. So l\u00e4sst sich der Feuer-Wok mitsamt Grillutensilien und Brennholz leicht und sauber verstauen.<br \/>\nH: 280 mm; B: 515 mm; T: 520 mm<\/li>\n<li>Gewicht inklusive Feuer-Wok: 12 kg<\/li>\n<\/ul>\n","protected":false},"excerpt":{"rendered":"<p>Die Grillplatte zum schonenden grillen von Gem\u00fcse, Fisch und Fleisch ohne l\u00e4sstiges und ungesundes Fett im Feuer!<\/p>\n","protected":false},"featured_media":9402,"comment_status":"closed","ping_status":"closed","template":"","meta":{"_acf_changed":false},"pwb-brand":[1214],"product_brand":[],"product_cat":[901],"product_tag":[],"class_list":{"0":"post-9401","1":"product","2":"type-product","3":"status-publish","4":"has-post-thumbnail","6":"pwb-brand-dehn-en","7":"product_cat-grilling","9":"first","10":"instock","11":"taxable","12":"shipping-taxable","13":"purchasable","14":"product-type-simple"},"bundled_by":[],"bundle_stock_status":"instock","bundle_stock_quantity":14,"bundle_virtual":false,"bundle_layout":"","bundle_add_to_cart_form_location":"","bundle_editable_in_cart":false,"bundle_sold_individually_context":"","bundle_item_grouping":"","bundle_min_size":"","bundle_max_size":"","bundle_price":[],"bundled_items":[],"bundle_sell_ids":[],"exclude_global_add_ons":[],"addons":[],"acf":[],"brands":[{"id":1214,"name":"Dehn","slug":"dehn-en"}],"_links":{"self":[{"href":"https:\/\/luba.de\/en\/wp-json\/wp\/v2\/product\/9401","targetHints":{"allow":["GET"]}}],"collection":[{"href":"https:\/\/luba.de\/en\/wp-json\/wp\/v2\/product"}],"about":[{"href":"https:\/\/luba.de\/en\/wp-json\/wp\/v2\/types\/product"}],"replies":[{"embeddable":true,"href":"https:\/\/luba.de\/en\/wp-json\/wp\/v2\/comments?post=9401"}],"wp:featuredmedia":[{"embeddable":true,"href":"https:\/\/luba.de\/en\/wp-json\/wp\/v2\/media\/9402"}],"wp:attachment":[{"href":"https:\/\/luba.de\/en\/wp-json\/wp\/v2\/media?parent=9401"}],"wp:term":[{"taxonomy":"pwb-brand","embeddable":true,"href":"https:\/\/luba.de\/en\/wp-json\/wp\/v2\/pwb-brand?post=9401"},{"taxonomy":"product_brand","embeddable":true,"href":"https:\/\/luba.de\/en\/wp-json\/wp\/v2\/product_brand?post=9401"},{"taxonomy":"product_cat","embeddable":true,"href":"https:\/\/luba.de\/en\/wp-json\/wp\/v2\/product_cat?post=9401"},{"taxonomy":"product_tag","embeddable":true,"href":"https:\/\/luba.de\/en\/wp-json\/wp\/v2\/product_tag?post=9401"}],"curies":[{"name":"wp","href":"https:\/\/api.w.org\/{rel}","templated":true}]}}