{"id":9411,"date":"2020-03-14T10:14:16","date_gmt":"2020-03-14T09:14:16","guid":{"rendered":"https:\/\/luba.de\/product\/magnet-auffangbehaelter-m-schaumabscheide-kempo\/"},"modified":"2025-10-12T01:30:19","modified_gmt":"2025-10-11T23:30:19","slug":"magnet-auffangbehaelter-m-schaumabscheide-kempo","status":"publish","type":"product","link":"https:\/\/luba.de\/en\/magnet-auffangbehaelter-m-schaumabscheide-kempo\/","title":{"rendered":"Magnet. Auffangbeh\u00e4lter m. Schaumabscheide Kempo"},"content":{"rendered":"<h2>Ersatzteil Auffangbeh\u00e4lter f\u00fcr Kempo<\/h2>\n<p>Kunststoffgef\u00e4\u00df mit integriertem Schaumabstreifer und im Boden eingelassenen Magneten.<\/p>\n","protected":false},"excerpt":{"rendered":"<p>Ersatzteil Auffangbeh\u00e4lter f\u00fcr Kempo Kunststoffgef\u00e4\u00df mit integriertem Schaumabstreifer und im Boden eingelassenen Magneten.<\/p>\n","protected":false},"featured_media":19810,"comment_status":"closed","ping_status":"closed","template":"","meta":{"_acf_changed":false},"pwb-brand":[1219],"product_brand":[],"product_cat":[928],"product_tag":[1026,1037],"class_list":{"0":"post-9411","1":"product","2":"type-product","3":"status-publish","4":"has-post-thumbnail","6":"pwb-brand-greenpower-en","7":"product_cat-greenpower-en","8":"product_tag-elektrisch-en","9":"product_tag-saft-und-weizengraspressen-en","11":"first","12":"instock","13":"taxable","14":"shipping-taxable","15":"purchasable","16":"product-type-simple"},"bundled_by":[],"bundle_stock_status":"instock","bundle_stock_quantity":44,"bundle_virtual":false,"bundle_layout":"","bundle_add_to_cart_form_location":"","bundle_editable_in_cart":false,"bundle_sold_individually_context":"","bundle_item_grouping":"","bundle_min_size":"","bundle_max_size":"","bundle_price":[],"bundled_items":[],"bundle_sell_ids":[],"exclude_global_add_ons":[],"addons":[],"acf":[],"brands":[{"id":1219,"name":"Greenpower","slug":"greenpower-en"}],"_links":{"self":[{"href":"https:\/\/luba.de\/en\/wp-json\/wp\/v2\/product\/9411","targetHints":{"allow":["GET"]}}],"collection":[{"href":"https:\/\/luba.de\/en\/wp-json\/wp\/v2\/product"}],"about":[{"href":"https:\/\/luba.de\/en\/wp-json\/wp\/v2\/types\/product"}],"replies":[{"embeddable":true,"href":"https:\/\/luba.de\/en\/wp-json\/wp\/v2\/comments?post=9411"}],"wp:featuredmedia":[{"embeddable":true,"href":"https:\/\/luba.de\/en\/wp-json\/wp\/v2\/media\/19810"}],"wp:attachment":[{"href":"https:\/\/luba.de\/en\/wp-json\/wp\/v2\/media?parent=9411"}],"wp:term":[{"taxonomy":"pwb-brand","embeddable":true,"href":"https:\/\/luba.de\/en\/wp-json\/wp\/v2\/pwb-brand?post=9411"},{"taxonomy":"product_brand","embeddable":true,"href":"https:\/\/luba.de\/en\/wp-json\/wp\/v2\/product_brand?post=9411"},{"taxonomy":"product_cat","embeddable":true,"href":"https:\/\/luba.de\/en\/wp-json\/wp\/v2\/product_cat?post=9411"},{"taxonomy":"product_tag","embeddable":true,"href":"https:\/\/luba.de\/en\/wp-json\/wp\/v2\/product_tag?post=9411"}],"curies":[{"name":"wp","href":"https:\/\/api.w.org\/{rel}","templated":true}]}}