{"id":9427,"date":"2020-03-14T10:13:55","date_gmt":"2020-03-14T09:13:55","guid":{"rendered":"https:\/\/luba.de\/product\/edelstahlschuessel-3-liter-kb3ss\/"},"modified":"2025-10-11T23:58:22","modified_gmt":"2025-10-11T21:58:22","slug":"edelstahlschuessel-3-liter-kb3ss","status":"publish","type":"product","link":"https:\/\/luba.de\/en\/edelstahlschuessel-3-liter-kb3ss\/","title":{"rendered":"Edelstahlsch\u00fcssel 3 Liter KB3SS"},"content":{"rendered":"<p>Zus\u00e4tzliche Edelstahlsch\u00fcssel zur Erweiterung Ihrer K\u00fcchenmaschine. Inhalt 3 l<\/p>\n","protected":false},"excerpt":{"rendered":"<p>Zus\u00e4tzliche Edelstahlsch\u00fcssel zur Erweiterung Ihrer K\u00fcchenmaschine. Inhalt 3 l<\/p>\n","protected":false},"featured_media":9428,"comment_status":"closed","ping_status":"closed","template":"","meta":{"_acf_changed":false},"pwb-brand":[1208],"product_brand":[],"product_cat":[899],"product_tag":[1010],"class_list":{"0":"post-9427","1":"product","2":"type-product","3":"status-publish","4":"has-post-thumbnail","6":"pwb-brand-kitchenaid-en","7":"product_cat-kitchenaid-ersatzteile-en","8":"product_tag-zubehoer-fuer-kitchenaid-en","10":"first","11":"instock","12":"taxable","13":"shipping-taxable","14":"purchasable","15":"product-type-simple"},"bundled_by":[],"bundle_stock_status":"instock","bundle_stock_quantity":2,"bundle_virtual":false,"bundle_layout":"","bundle_add_to_cart_form_location":"","bundle_editable_in_cart":false,"bundle_sold_individually_context":"","bundle_item_grouping":"","bundle_min_size":"","bundle_max_size":"","bundle_price":[],"bundled_items":[],"bundle_sell_ids":[],"exclude_global_add_ons":[],"addons":[],"acf":[],"brands":[{"id":1208,"name":"KitchenAid","slug":"kitchenaid-en"}],"_links":{"self":[{"href":"https:\/\/luba.de\/en\/wp-json\/wp\/v2\/product\/9427","targetHints":{"allow":["GET"]}}],"collection":[{"href":"https:\/\/luba.de\/en\/wp-json\/wp\/v2\/product"}],"about":[{"href":"https:\/\/luba.de\/en\/wp-json\/wp\/v2\/types\/product"}],"replies":[{"embeddable":true,"href":"https:\/\/luba.de\/en\/wp-json\/wp\/v2\/comments?post=9427"}],"wp:featuredmedia":[{"embeddable":true,"href":"https:\/\/luba.de\/en\/wp-json\/wp\/v2\/media\/9428"}],"wp:attachment":[{"href":"https:\/\/luba.de\/en\/wp-json\/wp\/v2\/media?parent=9427"}],"wp:term":[{"taxonomy":"pwb-brand","embeddable":true,"href":"https:\/\/luba.de\/en\/wp-json\/wp\/v2\/pwb-brand?post=9427"},{"taxonomy":"product_brand","embeddable":true,"href":"https:\/\/luba.de\/en\/wp-json\/wp\/v2\/product_brand?post=9427"},{"taxonomy":"product_cat","embeddable":true,"href":"https:\/\/luba.de\/en\/wp-json\/wp\/v2\/product_cat?post=9427"},{"taxonomy":"product_tag","embeddable":true,"href":"https:\/\/luba.de\/en\/wp-json\/wp\/v2\/product_tag?post=9427"}],"curies":[{"name":"wp","href":"https:\/\/api.w.org\/{rel}","templated":true}]}}