{"id":9435,"date":"2020-03-14T10:13:55","date_gmt":"2020-03-14T09:13:55","guid":{"rendered":"https:\/\/luba.de\/product\/mes-rohkostvorsatz-mvsa-kitchenaid-m-3-trommeln\/"},"modified":"2026-01-08T14:54:04","modified_gmt":"2026-01-08T13:54:04","slug":"messerschmidt-rohkostvorsatz-mvsa-fuer-kitchenaid-mit-3-trommeln","status":"publish","type":"product","link":"https:\/\/luba.de\/en\/messerschmidt-rohkostvorsatz-mvsa-fuer-kitchenaid-mit-3-trommeln\/","title":{"rendered":"Messerschmidt Rohkostvorsatz MVSA f\u00fcr KitchenAid mit 3 Trommeln"},"content":{"rendered":"<p>Ob f\u00fcr den Frischkostbrei oder die Salatplatte, mit dem Rohkostvorsatz k\u00f6nnen Sie schnitzeln, schneiden, raspeln und reiben.<\/p>\n<p>Grundausstattung mit 3 Trommeln: Bircher-Trommel, Scheiben-Trommel, Raspel-Trommel grob<\/p>\n<p>Der Gem\u00fcseschneider wird mit drei Trommeln geliefert zum feinen und groben Reiben und zum Schneiden von frischem Gem\u00fcse und Obst.<\/p>\n<ul>\n<li>Reibt Kartoffeln, K\u00e4se und N\u00fcsse schnell und bequem.<\/li>\n<li>Er macht in zehn Sekunden aus einer Gurke einen leckeren Gurkensalat.<\/li>\n<li>F\u00fcr Gem\u00fcse, Fr\u00fcchte, N\u00fcsse, K\u00e4se und vieles mehr.<\/li>\n<\/ul>\n<p>Der Trommeldurchmesser ist 7,5 cm.<\/p>\n","protected":false},"excerpt":{"rendered":"<p>Ob f\u00fcr den Frischkostbrei oder die Salatplatte, mit dem Rohkostvorsatz k\u00f6nnen Sie schnitzeln, schneiden, raspeln und reiben. Grundausstattung mit 3 Trommeln: Bircher-Trommel, Scheiben-Trommel, Raspel-Trommel grob Der Gem\u00fcseschneider wird mit drei Trommeln geliefert zum feinen und groben Reiben und zum Schneiden von frischem Gem\u00fcse und Obst. Reibt Kartoffeln, K\u00e4se und N\u00fcsse schnell und bequem. Er macht [&#8230;]\n","protected":false},"featured_media":9436,"comment_status":"closed","ping_status":"closed","template":"","meta":{"_acf_changed":false},"pwb-brand":[1163],"product_brand":[],"product_cat":[885],"product_tag":[1010],"class_list":{"0":"post-9435","1":"product","2":"type-product","3":"status-publish","4":"has-post-thumbnail","6":"pwb-brand-messerschmidt-en","7":"product_cat-kitchenaid-kuechenmaschienen-zubehoer-en","8":"product_tag-zubehoer-fuer-kitchenaid-en","10":"first","11":"instock","12":"taxable","13":"shipping-taxable","14":"purchasable","15":"product-type-simple"},"bundled_by":[],"bundle_stock_status":"instock","bundle_stock_quantity":46,"bundle_virtual":false,"bundle_layout":"","bundle_add_to_cart_form_location":"","bundle_editable_in_cart":false,"bundle_sold_individually_context":"","bundle_item_grouping":"","bundle_min_size":"","bundle_max_size":"","bundle_price":[],"bundled_items":[],"bundle_sell_ids":[],"exclude_global_add_ons":[],"addons":[],"acf":[],"brands":[{"id":1163,"name":"Messerschmidt","slug":"messerschmidt-en"}],"_links":{"self":[{"href":"https:\/\/luba.de\/en\/wp-json\/wp\/v2\/product\/9435","targetHints":{"allow":["GET"]}}],"collection":[{"href":"https:\/\/luba.de\/en\/wp-json\/wp\/v2\/product"}],"about":[{"href":"https:\/\/luba.de\/en\/wp-json\/wp\/v2\/types\/product"}],"replies":[{"embeddable":true,"href":"https:\/\/luba.de\/en\/wp-json\/wp\/v2\/comments?post=9435"}],"wp:featuredmedia":[{"embeddable":true,"href":"https:\/\/luba.de\/en\/wp-json\/wp\/v2\/media\/9436"}],"wp:attachment":[{"href":"https:\/\/luba.de\/en\/wp-json\/wp\/v2\/media?parent=9435"}],"wp:term":[{"taxonomy":"pwb-brand","embeddable":true,"href":"https:\/\/luba.de\/en\/wp-json\/wp\/v2\/pwb-brand?post=9435"},{"taxonomy":"product_brand","embeddable":true,"href":"https:\/\/luba.de\/en\/wp-json\/wp\/v2\/product_brand?post=9435"},{"taxonomy":"product_cat","embeddable":true,"href":"https:\/\/luba.de\/en\/wp-json\/wp\/v2\/product_cat?post=9435"},{"taxonomy":"product_tag","embeddable":true,"href":"https:\/\/luba.de\/en\/wp-json\/wp\/v2\/product_tag?post=9435"}],"curies":[{"name":"wp","href":"https:\/\/api.w.org\/{rel}","templated":true}]}}