{"id":9437,"date":"2020-03-14T10:13:55","date_gmt":"2020-03-14T09:13:55","guid":{"rendered":"https:\/\/luba.de\/product\/kitchenaid-trommelset-emvsc-mit-nr-4-5-und-6\/"},"modified":"2025-10-11T23:58:50","modified_gmt":"2025-10-11T21:58:50","slug":"kitchenaid-trommelset-emvsc-mit-nr-4-5-und-6","status":"publish","type":"product","link":"https:\/\/luba.de\/en\/kitchenaid-trommelset-emvsc-mit-nr-4-5-und-6\/","title":{"rendered":"KitchenAid-Trommelset EMVSC mit Nr. 4, 5 und 6"},"content":{"rendered":"<h2>Zusatz-Trommelset zum Rohkostvorsatz Messerschmidt MVSA f\u00fcr KitchenAid<\/h2>\n<p><strong>Trommel 4<\/strong> reibt Hartk\u00e4se, N\u00fcsse, Schokolade, trockene Br\u00f6tchen<br \/>\n<strong>Trommel 5<\/strong> stiftelt Sellerie, Karotten, Kohlrabi, Zucchini<br \/>\n<strong>Trommel 6<\/strong> reibt Kartoffeln zu Mus<\/p>\n<p>Der Trommeldurchmesser ist 7,5 cm.<\/p>\n","protected":false},"excerpt":{"rendered":"<p><strong>Passend f\u00fcr Messerschmidt Vorsatz MVSA<\/strong><\/p>\n","protected":false},"featured_media":9438,"comment_status":"closed","ping_status":"closed","template":"","meta":{"_acf_changed":false},"pwb-brand":[1163],"product_brand":[],"product_cat":[885],"product_tag":[1010],"class_list":{"0":"post-9437","1":"product","2":"type-product","3":"status-publish","4":"has-post-thumbnail","6":"pwb-brand-messerschmidt-en","7":"product_cat-kitchenaid-kuechenmaschienen-zubehoer-en","8":"product_tag-zubehoer-fuer-kitchenaid-en","10":"first","11":"instock","12":"taxable","13":"shipping-taxable","14":"purchasable","15":"product-type-simple"},"bundled_by":[],"bundle_stock_status":"instock","bundle_stock_quantity":2,"bundle_virtual":false,"bundle_layout":"","bundle_add_to_cart_form_location":"","bundle_editable_in_cart":false,"bundle_sold_individually_context":"","bundle_item_grouping":"","bundle_min_size":"","bundle_max_size":"","bundle_price":[],"bundled_items":[],"bundle_sell_ids":[],"exclude_global_add_ons":[],"addons":[],"acf":[],"brands":[{"id":1163,"name":"Messerschmidt","slug":"messerschmidt-en"}],"_links":{"self":[{"href":"https:\/\/luba.de\/en\/wp-json\/wp\/v2\/product\/9437","targetHints":{"allow":["GET"]}}],"collection":[{"href":"https:\/\/luba.de\/en\/wp-json\/wp\/v2\/product"}],"about":[{"href":"https:\/\/luba.de\/en\/wp-json\/wp\/v2\/types\/product"}],"replies":[{"embeddable":true,"href":"https:\/\/luba.de\/en\/wp-json\/wp\/v2\/comments?post=9437"}],"wp:featuredmedia":[{"embeddable":true,"href":"https:\/\/luba.de\/en\/wp-json\/wp\/v2\/media\/9438"}],"wp:attachment":[{"href":"https:\/\/luba.de\/en\/wp-json\/wp\/v2\/media?parent=9437"}],"wp:term":[{"taxonomy":"pwb-brand","embeddable":true,"href":"https:\/\/luba.de\/en\/wp-json\/wp\/v2\/pwb-brand?post=9437"},{"taxonomy":"product_brand","embeddable":true,"href":"https:\/\/luba.de\/en\/wp-json\/wp\/v2\/product_brand?post=9437"},{"taxonomy":"product_cat","embeddable":true,"href":"https:\/\/luba.de\/en\/wp-json\/wp\/v2\/product_cat?post=9437"},{"taxonomy":"product_tag","embeddable":true,"href":"https:\/\/luba.de\/en\/wp-json\/wp\/v2\/product_tag?post=9437"}],"curies":[{"name":"wp","href":"https:\/\/api.w.org\/{rel}","templated":true}]}}