{"id":9441,"date":"2020-03-14T10:13:55","date_gmt":"2020-03-14T09:13:55","guid":{"rendered":"https:\/\/luba.de\/product\/kitchenaid-artisan-standmixer\/"},"modified":"2025-05-16T09:46:14","modified_gmt":"2025-05-16T07:46:14","slug":"kitchenaid-artisan-standmixer","status":"publish","type":"product","link":"https:\/\/luba.de\/en\/kitchenaid-artisan-standmixer\/","title":{"rendered":"KitchenAid Artisan Standmixer"},"content":{"rendered":"<h2>Standmixer Artisan von KitchenAid<\/h2>\n<p>Der Mixer mit der Clean-Touch-Bedienungsleiste, glatte Oberfl\u00e4che f\u00fcr leichte Reinigung der Tasten.<br \/>\n\u00dcbersichtliche Geschwindigkeitsfunktionen wie Eis splittern, hacken, mixen, p\u00fcrieren, shaken und einer Impulse-Stufe. Mit dieser kann jede Geschwindikeit kombiniert werden.<\/p>\n<p>Robuster Glasaufsatz f\u00fcr 1,25 Liter F\u00fcllmenge. Das Glas ist sp\u00fclmaschinengeeignet.<br \/>\nDas Edelstahlmesser ist 2 mm stark.<br \/>\nMotorleistung 550 Watt.<\/p>\n","protected":false},"excerpt":{"rendered":"<p>Standmixer Artisan von KitchenAid Der Mixer mit der Clean-Touch-Bedienungsleiste, glatte Oberfl\u00e4che f\u00fcr leichte Reinigung der Tasten. \u00dcbersichtliche Geschwindigkeitsfunktionen wie Eis splittern, hacken, mixen, p\u00fcrieren, shaken und einer Impulse-Stufe. Mit dieser kann jede Geschwindikeit kombiniert werden. Robuster Glasaufsatz f\u00fcr 1,25 Liter F\u00fcllmenge. Das Glas ist sp\u00fclmaschinengeeignet. Das Edelstahlmesser ist 2 mm stark. Motorleistung 550 Watt.<\/p>\n","protected":false},"featured_media":2385,"comment_status":"closed","ping_status":"closed","template":"","meta":{"_acf_changed":false},"pwb-brand":[1208],"product_brand":[],"product_cat":[863],"product_tag":[1039],"class_list":{"0":"post-9441","1":"product","2":"type-product","3":"status-publish","4":"has-post-thumbnail","6":"pwb-brand-kitchenaid-en","7":"product_cat-mixer-blender-en","8":"product_tag-standmixer-en","10":"first","11":"instock","12":"taxable","13":"shipping-taxable","14":"purchasable","15":"product-type-variable"},"bundled_by":[],"bundle_stock_status":"instock","bundle_stock_quantity":null,"bundle_virtual":false,"bundle_layout":"","bundle_add_to_cart_form_location":"","bundle_editable_in_cart":false,"bundle_sold_individually_context":"","bundle_item_grouping":"","bundle_min_size":"","bundle_max_size":"","bundle_price":[],"bundled_items":[],"bundle_sell_ids":[],"exclude_global_add_ons":[],"addons":[],"acf":[],"brands":[{"id":1208,"name":"KitchenAid","slug":"kitchenaid-en"}],"_links":{"self":[{"href":"https:\/\/luba.de\/en\/wp-json\/wp\/v2\/product\/9441","targetHints":{"allow":["GET"]}}],"collection":[{"href":"https:\/\/luba.de\/en\/wp-json\/wp\/v2\/product"}],"about":[{"href":"https:\/\/luba.de\/en\/wp-json\/wp\/v2\/types\/product"}],"replies":[{"embeddable":true,"href":"https:\/\/luba.de\/en\/wp-json\/wp\/v2\/comments?post=9441"}],"wp:featuredmedia":[{"embeddable":true,"href":"https:\/\/luba.de\/en\/wp-json\/wp\/v2\/media\/2385"}],"wp:attachment":[{"href":"https:\/\/luba.de\/en\/wp-json\/wp\/v2\/media?parent=9441"}],"wp:term":[{"taxonomy":"pwb-brand","embeddable":true,"href":"https:\/\/luba.de\/en\/wp-json\/wp\/v2\/pwb-brand?post=9441"},{"taxonomy":"product_brand","embeddable":true,"href":"https:\/\/luba.de\/en\/wp-json\/wp\/v2\/product_brand?post=9441"},{"taxonomy":"product_cat","embeddable":true,"href":"https:\/\/luba.de\/en\/wp-json\/wp\/v2\/product_cat?post=9441"},{"taxonomy":"product_tag","embeddable":true,"href":"https:\/\/luba.de\/en\/wp-json\/wp\/v2\/product_tag?post=9441"}],"curies":[{"name":"wp","href":"https:\/\/api.w.org\/{rel}","templated":true}]}}