{"id":9454,"date":"2020-03-14T10:13:55","date_gmt":"2020-03-14T09:13:55","guid":{"rendered":"https:\/\/luba.de\/product\/zubehoersatz-3-teilig-fppc\/"},"modified":"2025-10-11T23:58:14","modified_gmt":"2025-10-11T21:58:14","slug":"zubehoersatz-3-teilig-fppc","status":"publish","type":"product","link":"https:\/\/luba.de\/en\/zubehoersatz-3-teilig-fppc\/","title":{"rendered":"Zubeh\u00f6rsatz 3-teilig FPPC"},"content":{"rendered":"<p>Rohkostvorsatz MVSA + Fleischwolf FGA + P\u00fcrieraufsatz FVSP im Set. Die sinnvolle Erg\u00e4nzung zur KitchenAid K\u00fcchenmaschine.<\/p>\n","protected":false},"excerpt":{"rendered":"<p>Rohkostvorsatz MVSA + Fleischwolf FGA + P\u00fcrieraufsatz FVSP im Set. Die sinnvolle Erg\u00e4nzung zur KitchenAid K\u00fcchenmaschine.<\/p>\n","protected":false},"featured_media":9455,"comment_status":"closed","ping_status":"closed","template":"","meta":{"_acf_changed":false},"pwb-brand":[],"product_brand":[],"product_cat":[885],"product_tag":[1010],"class_list":{"0":"post-9454","1":"product","2":"type-product","3":"status-publish","4":"has-post-thumbnail","6":"product_cat-kitchenaid-kuechenmaschienen-zubehoer-en","7":"product_tag-zubehoer-fuer-kitchenaid-en","9":"first","10":"instock","11":"taxable","12":"shipping-taxable","13":"purchasable","14":"product-type-simple"},"bundled_by":[],"bundle_stock_status":"instock","bundle_stock_quantity":4,"bundle_virtual":false,"bundle_layout":"","bundle_add_to_cart_form_location":"","bundle_editable_in_cart":false,"bundle_sold_individually_context":"","bundle_item_grouping":"","bundle_min_size":"","bundle_max_size":"","bundle_price":[],"bundled_items":[],"bundle_sell_ids":[],"exclude_global_add_ons":[],"addons":[],"acf":[],"brands":[],"_links":{"self":[{"href":"https:\/\/luba.de\/en\/wp-json\/wp\/v2\/product\/9454","targetHints":{"allow":["GET"]}}],"collection":[{"href":"https:\/\/luba.de\/en\/wp-json\/wp\/v2\/product"}],"about":[{"href":"https:\/\/luba.de\/en\/wp-json\/wp\/v2\/types\/product"}],"replies":[{"embeddable":true,"href":"https:\/\/luba.de\/en\/wp-json\/wp\/v2\/comments?post=9454"}],"wp:featuredmedia":[{"embeddable":true,"href":"https:\/\/luba.de\/en\/wp-json\/wp\/v2\/media\/9455"}],"wp:attachment":[{"href":"https:\/\/luba.de\/en\/wp-json\/wp\/v2\/media?parent=9454"}],"wp:term":[{"taxonomy":"pwb-brand","embeddable":true,"href":"https:\/\/luba.de\/en\/wp-json\/wp\/v2\/pwb-brand?post=9454"},{"taxonomy":"product_brand","embeddable":true,"href":"https:\/\/luba.de\/en\/wp-json\/wp\/v2\/product_brand?post=9454"},{"taxonomy":"product_cat","embeddable":true,"href":"https:\/\/luba.de\/en\/wp-json\/wp\/v2\/product_cat?post=9454"},{"taxonomy":"product_tag","embeddable":true,"href":"https:\/\/luba.de\/en\/wp-json\/wp\/v2\/product_tag?post=9454"}],"curies":[{"name":"wp","href":"https:\/\/api.w.org\/{rel}","templated":true}]}}