{"id":9484,"date":"2020-03-14T10:13:36","date_gmt":"2020-03-14T09:13:36","guid":{"rendered":"https:\/\/luba.de\/product\/universalwolf-vorsatz-groesse-5-mit-3-lochscheiben\/"},"modified":"2026-02-05T08:23:46","modified_gmt":"2026-02-05T07:23:46","slug":"universalwolf-vorsatz-groesse-5-mit-3-lochscheiben","status":"publish","type":"product","link":"https:\/\/luba.de\/en\/universalwolf-vorsatz-groesse-5-mit-3-lochscheiben\/","title":{"rendered":"Universalwolf-Vorsatz Gr\u00f6\u00dfe 5 mit 3 Lochscheiben"},"content":{"rendered":"<p>Hackt und zerkleinert Fleisch, Gem\u00fcse, Obst, Brot und vieles mehr. Ausgestattet mit Lochscheiben 3 mm, 4,5 mm und 8 mm Bohrung.<\/p>\n","protected":false},"excerpt":{"rendered":"<p>Hackt und zerkleinert Fleisch, Gem\u00fcse, Obst, Brot und vieles mehr. Ausgestattet mit Lochscheiben 3 mm, 4,5 mm und 8 mm Bohrung.<\/p>\n","protected":false},"featured_media":9485,"comment_status":"closed","ping_status":"closed","template":"","meta":{"_acf_changed":false},"pwb-brand":[1143],"product_brand":[],"product_cat":[899],"product_tag":[1010],"class_list":{"0":"post-9484","1":"product","2":"type-product","3":"status-publish","4":"has-post-thumbnail","6":"pwb-brand-jupiter-en","7":"product_cat-kitchenaid-ersatzteile-en","8":"product_tag-zubehoer-fuer-kitchenaid-en","10":"first","11":"instock","12":"taxable","13":"shipping-taxable","14":"purchasable","15":"product-type-simple"},"bundled_by":[],"bundle_stock_status":"instock","bundle_stock_quantity":74,"bundle_virtual":false,"bundle_layout":"","bundle_add_to_cart_form_location":"","bundle_editable_in_cart":false,"bundle_sold_individually_context":"","bundle_item_grouping":"","bundle_min_size":"","bundle_max_size":"","bundle_price":[],"bundled_items":[],"bundle_sell_ids":[],"exclude_global_add_ons":[],"addons":[],"acf":[],"brands":[{"id":1143,"name":"Jupiter","slug":"jupiter-en"}],"_links":{"self":[{"href":"https:\/\/luba.de\/en\/wp-json\/wp\/v2\/product\/9484","targetHints":{"allow":["GET"]}}],"collection":[{"href":"https:\/\/luba.de\/en\/wp-json\/wp\/v2\/product"}],"about":[{"href":"https:\/\/luba.de\/en\/wp-json\/wp\/v2\/types\/product"}],"replies":[{"embeddable":true,"href":"https:\/\/luba.de\/en\/wp-json\/wp\/v2\/comments?post=9484"}],"wp:featuredmedia":[{"embeddable":true,"href":"https:\/\/luba.de\/en\/wp-json\/wp\/v2\/media\/9485"}],"wp:attachment":[{"href":"https:\/\/luba.de\/en\/wp-json\/wp\/v2\/media?parent=9484"}],"wp:term":[{"taxonomy":"pwb-brand","embeddable":true,"href":"https:\/\/luba.de\/en\/wp-json\/wp\/v2\/pwb-brand?post=9484"},{"taxonomy":"product_brand","embeddable":true,"href":"https:\/\/luba.de\/en\/wp-json\/wp\/v2\/product_brand?post=9484"},{"taxonomy":"product_cat","embeddable":true,"href":"https:\/\/luba.de\/en\/wp-json\/wp\/v2\/product_cat?post=9484"},{"taxonomy":"product_tag","embeddable":true,"href":"https:\/\/luba.de\/en\/wp-json\/wp\/v2\/product_tag?post=9484"}],"curies":[{"name":"wp","href":"https:\/\/api.w.org\/{rel}","templated":true}]}}