{"id":9488,"date":"2020-03-14T10:13:36","date_gmt":"2020-03-14T09:13:36","guid":{"rendered":"https:\/\/luba.de\/product\/zyliss-trommelreibe-mit-4-trommeln-1-2-3-4\/"},"modified":"2026-04-02T15:09:34","modified_gmt":"2026-04-02T13:09:34","slug":"zyliss-trommelreibe-mit-4-trommeln-1-2-3-4","status":"publish","type":"product","link":"https:\/\/luba.de\/en\/zyliss-trommelreibe-mit-4-trommeln-1-2-3-4\/","title":{"rendered":"Zyliss Trommelreibe mit 4 Trommeln (1, 2, 3, 4)"},"content":{"rendered":"<h2>Zyliss ALU TROMMELREIBEN SET &#8211; der Klassiker im neuen Design<\/h2>\n<p>Mit der Zyliss Trommelreibe lassen sich Obst, Gem\u00fcse, N\u00fcsse und vieles mehr mit Leichtigkeit zerkleinern, reiben oder raspeln. Die hochwertige Trommelreibe aus beschichtetem Aluminium sorgt f\u00fcr optimale Leistung und langlebige Funktionalit\u00e4t.<\/p>\n<p>In nur wenigen Sekunden k\u00f6nnen Sie mit der besonders stabilen Kurbel Obst, Gem\u00fcse, N\u00fcsse und vieles mehr raspeln, hobeln oder p\u00fcrieren.<br \/>\n4 Trommeln inklusive: Universal-, Scheiben-, Fein- und Grobe Trommelreibe.<\/p>\n<p>Das Alu Trommel-Reibe Set von Zyliss pr\u00e4sentiert einen Klassiker in neuem Design mit verbesserten Funktionen. Das stylische Geh\u00e4use aus beschichtetem Aluminium, mit erh\u00f6htem Einf\u00fcllstutzen, gibt der hochwertigen Trommelreibe ein besonderen Look. Der innenliegende Laufring sorgt f\u00fcr leichteres Laufen der Trommeln, welches durch die verbesserte Handkurbel noch leichtl\u00e4ufiger funktioniert. Die 4 hochwertigen Edelstahl-Trommeln bleiben besonders lange scharf. Der starke Vakuum-Saugfuss h\u00e4lt die Reibe sicher auf jeder glatten Unterlage. Andernfalls kann die Reibe mit beiliegender Tischzwinge befestigt werden.<\/p>\n<p><strong>Besonders einfache Anwendung:<\/strong> Einfach den gew\u00fcnschten Trommeleinsatz einsetzen und die Lebensmittel in die gew\u00fcnschte Form zerkleinern \u2013 ob gehobelt, geraspelt, geraffelt, gerieben oder in scheibenf\u00f6rmig, diese Trommelreibe erledigt alle Aufgaben in sekundenschnelle und mit besonderer Leichtigkeit.<\/p>\n<p>Die sinnvolle Alternative zum Handhobel oder g\u00e4ngigen K\u00fcchenreibe, diese wird an den Tisch geklemmt und erledigt in kurzer Zeit, mit geringem Kraftaufwand, auch gro\u00dfe Mengen an Obst- und Gem\u00fcse.<\/p>\n<h3><strong>Die mitgelieferten Trommeln:<\/strong><\/h3>\n<div class=\"is-divider divider clearfix\" ><\/div>\n<p><strong>Universaltrommel<\/strong><\/p>\n<div class=\"row\"  id=\"row-253831859\">\n\n\t<div id=\"col-1025934630\" class=\"col medium-2 small-12 large-2\"  >\n\t\t\t\t<div class=\"col-inner\"  >\n\t\t\t\n\t\t\t\n\t<div class=\"img has-hover x md-x lg-x y md-y lg-y\" id=\"image_1410059960\">\n\t\t\t\t\t\t\t\t<div class=\"img-inner dark\" >\n\t\t\t<img decoding=\"async\" width=\"800\" height=\"800\" src=\"https:\/\/luba.de\/wp-content\/uploads\/2020\/03\/501300_Bircher-Trommel-zyliss-800x800.webp\" class=\"attachment-large size-large\" alt=\"Bircher drum Zyliss\" srcset=\"https:\/\/luba.de\/wp-content\/uploads\/2020\/03\/501300_Bircher-Trommel-zyliss-800x800.webp 800w, https:\/\/luba.de\/wp-content\/uploads\/2020\/03\/501300_Bircher-Trommel-zyliss-400x400.webp 400w, https:\/\/luba.de\/wp-content\/uploads\/2020\/03\/501300_Bircher-Trommel-zyliss-280x280.webp 280w, https:\/\/luba.de\/wp-content\/uploads\/2020\/03\/501300_Bircher-Trommel-zyliss-768x768.webp 768w, https:\/\/luba.de\/wp-content\/uploads\/2020\/03\/501300_Bircher-Trommel-zyliss-32x32.webp 32w, https:\/\/luba.de\/wp-content\/uploads\/2020\/03\/501300_Bircher-Trommel-zyliss-510x510.webp 510w, https:\/\/luba.de\/wp-content\/uploads\/2020\/03\/501300_Bircher-Trommel-zyliss-100x100.webp 100w, https:\/\/luba.de\/wp-content\/uploads\/2020\/03\/501300_Bircher-Trommel-zyliss.webp 1000w\" sizes=\"(max-width: 800px) 100vw, 800px\" title=\"\">\t\t\t\t\t\t\n\t\t\t\t\t<\/div>\n\t\t\t\t\t\t\t\t\n<style>\n#image_1410059960 {\n  width: 100%;\n}\n<\/style>\n\t<\/div>\n\t\n\t\t<\/div>\n\t\t\t\t\t<\/div>\n\n\t\n\n\t<div id=\"col-1974080996\" class=\"col medium-6 small-12 large-6\"  >\n\t\t\t\t<div class=\"col-inner\"  >\n\t\t\t\n\t\t\t\n<p><strong>Fein Bircher Universaltrommel<br \/>\n<\/strong>K\u00d6STLICHE ROHKOSTSALATE\u00a0in sekundenschnelle lassen sich k\u00f6stliche Rohkostsalate aus M\u00f6hren, Gurken, Rote Beete und vielem mehr auf die Teller zaubern.<\/p>\n\t\t<\/div>\n\t\t\t\t\t<\/div>\n\n\t\n<\/div>\n<p><strong>Scheibentrommel<\/strong><\/p>\n<div class=\"row\"  id=\"row-1593712351\">\n\n\t<div id=\"col-402971\" class=\"col medium-2 small-12 large-2\"  >\n\t\t\t\t<div class=\"col-inner\"  >\n\t\t\t\n\t\t\t\n\t<div class=\"img has-hover x md-x lg-x y md-y lg-y\" id=\"image_938026325\">\n\t\t\t\t\t\t\t\t<div class=\"img-inner dark\" >\n\t\t\t<img decoding=\"async\" width=\"800\" height=\"800\" src=\"https:\/\/luba.de\/wp-content\/uploads\/2020\/03\/501300_Scheiben-Trommel-zyliss-800x800.webp\" class=\"attachment-large size-large\" alt=\"Slicing drum for Zyliss\" srcset=\"https:\/\/luba.de\/wp-content\/uploads\/2020\/03\/501300_Scheiben-Trommel-zyliss-800x800.webp 800w, https:\/\/luba.de\/wp-content\/uploads\/2020\/03\/501300_Scheiben-Trommel-zyliss-400x400.webp 400w, https:\/\/luba.de\/wp-content\/uploads\/2020\/03\/501300_Scheiben-Trommel-zyliss-280x280.webp 280w, https:\/\/luba.de\/wp-content\/uploads\/2020\/03\/501300_Scheiben-Trommel-zyliss-768x768.webp 768w, https:\/\/luba.de\/wp-content\/uploads\/2020\/03\/501300_Scheiben-Trommel-zyliss-32x32.webp 32w, https:\/\/luba.de\/wp-content\/uploads\/2020\/03\/501300_Scheiben-Trommel-zyliss-510x510.webp 510w, https:\/\/luba.de\/wp-content\/uploads\/2020\/03\/501300_Scheiben-Trommel-zyliss-100x100.webp 100w, https:\/\/luba.de\/wp-content\/uploads\/2020\/03\/501300_Scheiben-Trommel-zyliss.webp 1000w\" sizes=\"(max-width: 800px) 100vw, 800px\" title=\"\">\t\t\t\t\t\t\n\t\t\t\t\t<\/div>\n\t\t\t\t\t\t\t\t\n<style>\n#image_938026325 {\n  width: 100%;\n}\n<\/style>\n\t<\/div>\n\t\n\t\t<\/div>\n\t\t\t\t\t<\/div>\n\n\t\n\n\t<div id=\"col-314874477\" class=\"col medium-6 small-12 large-6\"  >\n\t\t\t\t<div class=\"col-inner\"  >\n\t\t\t\n\t\t\t\n<p><strong>Schneidetrommel<\/strong><br \/>\nKARTOFFELCHIPS\u00a0und Gem\u00fcsescheiben \u2013 ideal zum feinen Scheiben-Schneiden. Ob Kartoffel-, Zucchini- oder Gurkenscheiben \u2013 schnell und besonders gleichm\u00e4\u00dfig.<\/p>\n\t\t<\/div>\n\t\t\t\t\t<\/div>\n\n\t\n<\/div>\n<p><strong>Feintrommel<\/strong><\/p>\n<div class=\"row\"  id=\"row-1073011747\">\n\n\t<div id=\"col-585977017\" class=\"col medium-2 small-12 large-2\"  >\n\t\t\t\t<div class=\"col-inner\"  >\n\t\t\t\n\t\t\t\n\t<div class=\"img has-hover x md-x lg-x y md-y lg-y\" id=\"image_1285135894\">\n\t\t\t\t\t\t\t\t<div class=\"img-inner dark\" >\n\t\t\t<img decoding=\"async\" width=\"800\" height=\"800\" src=\"https:\/\/luba.de\/wp-content\/uploads\/2020\/03\/501300_Feine-Trommel-zyliss-800x800.webp\" class=\"attachment-large size-large\" alt=\"Zyliss fine drum\" srcset=\"https:\/\/luba.de\/wp-content\/uploads\/2020\/03\/501300_Feine-Trommel-zyliss-800x800.webp 800w, https:\/\/luba.de\/wp-content\/uploads\/2020\/03\/501300_Feine-Trommel-zyliss-400x400.webp 400w, https:\/\/luba.de\/wp-content\/uploads\/2020\/03\/501300_Feine-Trommel-zyliss-280x280.webp 280w, https:\/\/luba.de\/wp-content\/uploads\/2020\/03\/501300_Feine-Trommel-zyliss-768x768.webp 768w, https:\/\/luba.de\/wp-content\/uploads\/2020\/03\/501300_Feine-Trommel-zyliss-32x32.webp 32w, https:\/\/luba.de\/wp-content\/uploads\/2020\/03\/501300_Feine-Trommel-zyliss-510x510.webp 510w, https:\/\/luba.de\/wp-content\/uploads\/2020\/03\/501300_Feine-Trommel-zyliss-100x100.webp 100w, https:\/\/luba.de\/wp-content\/uploads\/2020\/03\/501300_Feine-Trommel-zyliss.webp 1000w\" sizes=\"(max-width: 800px) 100vw, 800px\" title=\"\">\t\t\t\t\t\t\n\t\t\t\t\t<\/div>\n\t\t\t\t\t\t\t\t\n<style>\n#image_1285135894 {\n  width: 100%;\n}\n<\/style>\n\t<\/div>\n\t\n\t\t<\/div>\n\t\t\t\t\t<\/div>\n\n\t\n\n\t<div id=\"col-1852864567\" class=\"col medium-6 small-12 large-6\"  >\n\t\t\t\t<div class=\"col-inner\"  >\n\t\t\t\n\t\t\t\n<p><strong>Feine Reibetrommel<\/strong><br \/>\nFRISCH GERASPELT\u00a0auch Schokolade oder Parmesan raspelt die Zyliss Trommelreibe im Handumdrehen.Ideal auch f\u00fcr Herstellung von Paniermehl.<\/p>\n\t\t<\/div>\n\t\t\t\t\t<\/div>\n\n\t\n<\/div>\n<p><strong>Grobtrommel<\/strong><\/p>\n<div class=\"row\"  id=\"row-1752955633\">\n\n\t<div id=\"col-1621420257\" class=\"col medium-2 small-12 large-2\"  >\n\t\t\t\t<div class=\"col-inner\"  >\n\t\t\t\n\t\t\t\n\t<div class=\"img has-hover x md-x lg-x y md-y lg-y\" id=\"image_1162605310\">\n\t\t\t\t\t\t\t\t<div class=\"img-inner dark\" >\n\t\t\t<img decoding=\"async\" width=\"800\" height=\"800\" src=\"https:\/\/luba.de\/wp-content\/uploads\/2020\/03\/501300_Grobe-Trommel-zyliss-800x800.webp\" class=\"attachment-large size-large\" alt=\"Zyliss coarse drum\" srcset=\"https:\/\/luba.de\/wp-content\/uploads\/2020\/03\/501300_Grobe-Trommel-zyliss-800x800.webp 800w, https:\/\/luba.de\/wp-content\/uploads\/2020\/03\/501300_Grobe-Trommel-zyliss-400x400.webp 400w, https:\/\/luba.de\/wp-content\/uploads\/2020\/03\/501300_Grobe-Trommel-zyliss-280x280.webp 280w, https:\/\/luba.de\/wp-content\/uploads\/2020\/03\/501300_Grobe-Trommel-zyliss-768x768.webp 768w, https:\/\/luba.de\/wp-content\/uploads\/2020\/03\/501300_Grobe-Trommel-zyliss-32x32.webp 32w, https:\/\/luba.de\/wp-content\/uploads\/2020\/03\/501300_Grobe-Trommel-zyliss-510x510.webp 510w, https:\/\/luba.de\/wp-content\/uploads\/2020\/03\/501300_Grobe-Trommel-zyliss-100x100.webp 100w, https:\/\/luba.de\/wp-content\/uploads\/2020\/03\/501300_Grobe-Trommel-zyliss.webp 1000w\" sizes=\"(max-width: 800px) 100vw, 800px\" title=\"\">\t\t\t\t\t\t\n\t\t\t\t\t<\/div>\n\t\t\t\t\t\t\t\t\n<style>\n#image_1162605310 {\n  width: 100%;\n}\n<\/style>\n\t<\/div>\n\t\n\t\t<\/div>\n\t\t\t\t\t<\/div>\n\n\t\n\n\t<div id=\"col-1644509490\" class=\"col medium-6 small-12 large-6\"  >\n\t\t\t\t<div class=\"col-inner\"  >\n\t\t\t\n\t\t\t\n<p><strong>Grobe Reibetrommel<\/strong><br \/>\nZERKLEINERT\u00a0mit diesem Reibeneinsatz lassen sich N\u00fcsse, Mandeln, Obst und Gem\u00fcse im Handumdrehen zerkleinern. Ideal f\u00fcr Karotten, Gurken, Sellerie, Kartoffeln &amp; Rote Beete Raspeln.<\/p>\n\t\t<\/div>\n\t\t\t\t\t<\/div>\n\n\t\n<\/div>\n<p>Die Trommeln sind einzeln als <a href=\"https:\/\/luba.de\/produkt-kategorie\/ersatzteile\/zyliss-ersatzteile\/\">Ersatzteile<\/a> erh\u00e4ltlich und k\u00f6nnen separat bestellt werden.<\/p>\n<p>Zyliss Aluminium-Trommelreibe mit 4 Trommeln. Sie ist mit Saugnapf-Standfu\u00df, alternativ mit Zwinge zu befestigen.<br \/>Einfach zu wechselnde, messerscharfe Trommeleins\u00e4tze f\u00fcr alle Anwendungsgebiete. F\u00fcr Rohkost, N\u00fcsse f\u00fcr Kuchen , K\u00e4se oder Babynahrung etc.<\/p>\n<p>Der Trommeldurchmesser ist 75 mmm.<\/p>\n<p>Ma\u00dfe H x B x T: 15 x 13 x 24,5 cm.<\/p>\n","protected":false},"excerpt":{"rendered":"<p>4 Trommeln inklusive: Bircher Universaltrommel, Schneidetrommel, Feine Reibetrommel und Grobe Reibetrommel<\/p>\n","protected":false},"featured_media":25077,"comment_status":"closed","ping_status":"closed","template":"","meta":{"_acf_changed":false},"pwb-brand":[1207],"product_brand":[],"product_cat":[875],"product_tag":[],"class_list":{"0":"post-9488","1":"product","2":"type-product","3":"status-publish","4":"has-post-thumbnail","6":"pwb-brand-zyliss-en","7":"product_cat-drum-graters-and-slicers","9":"first","10":"instock","11":"taxable","12":"shipping-taxable","13":"purchasable","14":"product-type-simple"},"bundled_by":[],"bundle_stock_status":"instock","bundle_stock_quantity":35,"bundle_virtual":false,"bundle_layout":"","bundle_add_to_cart_form_location":"","bundle_editable_in_cart":false,"bundle_sold_individually_context":"","bundle_item_grouping":"","bundle_min_size":"","bundle_max_size":"","bundle_price":[],"bundled_items":[],"bundle_sell_ids":[],"exclude_global_add_ons":[],"addons":[],"acf":[],"brands":[{"id":1207,"name":"Zyliss","slug":"zyliss-en"}],"_links":{"self":[{"href":"https:\/\/luba.de\/en\/wp-json\/wp\/v2\/product\/9488","targetHints":{"allow":["GET"]}}],"collection":[{"href":"https:\/\/luba.de\/en\/wp-json\/wp\/v2\/product"}],"about":[{"href":"https:\/\/luba.de\/en\/wp-json\/wp\/v2\/types\/product"}],"replies":[{"embeddable":true,"href":"https:\/\/luba.de\/en\/wp-json\/wp\/v2\/comments?post=9488"}],"wp:featuredmedia":[{"embeddable":true,"href":"https:\/\/luba.de\/en\/wp-json\/wp\/v2\/media\/25077"}],"wp:attachment":[{"href":"https:\/\/luba.de\/en\/wp-json\/wp\/v2\/media?parent=9488"}],"wp:term":[{"taxonomy":"pwb-brand","embeddable":true,"href":"https:\/\/luba.de\/en\/wp-json\/wp\/v2\/pwb-brand?post=9488"},{"taxonomy":"product_brand","embeddable":true,"href":"https:\/\/luba.de\/en\/wp-json\/wp\/v2\/product_brand?post=9488"},{"taxonomy":"product_cat","embeddable":true,"href":"https:\/\/luba.de\/en\/wp-json\/wp\/v2\/product_cat?post=9488"},{"taxonomy":"product_tag","embeddable":true,"href":"https:\/\/luba.de\/en\/wp-json\/wp\/v2\/product_tag?post=9488"}],"curies":[{"name":"wp","href":"https:\/\/api.w.org\/{rel}","templated":true}]}}