{"id":9490,"date":"2020-03-14T10:13:36","date_gmt":"2020-03-14T09:13:36","guid":{"rendered":"https:\/\/luba.de\/product\/zyliss-knoblauchpresse-antihaftbeschichtet\/"},"modified":"2026-02-17T13:38:39","modified_gmt":"2026-02-17T12:38:39","slug":"zyliss-knoblauchpresse-antihaftbeschichtet","status":"publish","type":"product","link":"https:\/\/luba.de\/en\/zyliss-knoblauchpresse-antihaftbeschichtet\/","title":{"rendered":"Zyliss Knoblauchpresse antihaftbeschichtet"},"content":{"rendered":"<h2>Zyliss Knoblauchpresse<\/h2>\n<p>Presst auch ungesch\u00e4lten Knoblauch! Vorz\u00fcglich geeignet f\u00fcr extra gro\u00dfe Knoblauchzehen.<\/p>\n<p>Mit der Zyliss Susi 3 Knoblauchpresse l\u00e4sst sich Knoblauch m\u00fchelos und ohne Sch\u00e4len pressen. Sie ist benutzerfreundlich und leicht zu reinigen und verf\u00fcgt \u00fcber einen ergonomischen Griff f\u00fcr optimale Hebelwirkung sowie einen gro\u00dfen Einf\u00fclltrichter, in dem Sie mehrere Zehen gleichzeitig verarbeiten k\u00f6nnen. Das integrierte Reinigungswerkzeug l\u00e4sst sich platzsparend im Griff verstauen. Sp\u00fclmaschinenfest und mit 5 Jahren Garantie ausgestattet, sorgt diese unverzichtbare K\u00fcchenhilfe f\u00fcr geruchsfreie H\u00e4nde beim Verfeinern Ihrer Lieblingsgerichte mit frischem Knoblauch.<\/p>\n<p>Materialien: Aluminium, Polypropylen (PP), Ilaflon-Beschichtung<br \/>\nProduktabmessungen (L x B x H): 5,7 x 2,6 x 15,5 cm<br \/>\nGriffmaterial: Aluminium<\/p>\n<p>&nbsp;<\/p>\n<p>&nbsp;<\/p>\n<p>Ikonisches Schweizer Design<br \/>\nEin Zyliss-Klassiker seit \u00fcber 70 Jahren, gefertigt f\u00fcr Langlebigkeit und einfache Handhabung, zerdr\u00fcckt Knoblauchzehen m\u00fchelos ohne Sch\u00e4len.<\/p>\n<p>Eingebautes Reinigungswerkzeug<br \/>\nDer integrierte Reiniger entfernt Knoblauchreste schnell und sorgt so f\u00fcr eine m\u00fchelose Pflege.<\/p>\n<p>Sp\u00fclmaschinenfest<br \/>\nMit Ilaflon-Beschichtung f\u00fcr einfache Reinigung und sp\u00fclmaschinenfest f\u00fcr problemlose Pflege<\/p>\n","protected":false},"excerpt":{"rendered":"<p>Benutzerfreundliche Knoblauchpresse mit gro\u00dfer Kammer f\u00fcr m\u00fcheloses Pressen<br \/>\nGro\u00dfe Knoblauchkammer<br \/>\nDie Nelken m\u00fcssen nicht vorher gesch\u00e4lt werden.<br \/>\nLeicht zu reinigendes Design mit integriertem Reinigungswerkzeug<br \/>\nRobustes Geh\u00e4use aus Aluminiumguss mit leichtem, ergonomischem Griff<\/p>\n","protected":false},"featured_media":27214,"comment_status":"closed","ping_status":"closed","template":"","meta":{"_acf_changed":false},"pwb-brand":[1207],"product_brand":[],"product_cat":[857],"product_tag":[],"class_list":{"0":"post-9490","1":"product","2":"type-product","3":"status-publish","4":"has-post-thumbnail","6":"pwb-brand-zyliss-en","7":"product_cat-kitchen-utensils","9":"first","10":"instock","11":"taxable","12":"shipping-taxable","13":"purchasable","14":"product-type-simple"},"bundled_by":[],"bundle_stock_status":"instock","bundle_stock_quantity":3,"bundle_virtual":false,"bundle_layout":"","bundle_add_to_cart_form_location":"","bundle_editable_in_cart":false,"bundle_sold_individually_context":"","bundle_item_grouping":"","bundle_min_size":"","bundle_max_size":"","bundle_price":[],"bundled_items":[],"bundle_sell_ids":[],"exclude_global_add_ons":[],"addons":[],"acf":[],"brands":[{"id":1207,"name":"Zyliss","slug":"zyliss-en"}],"_links":{"self":[{"href":"https:\/\/luba.de\/en\/wp-json\/wp\/v2\/product\/9490","targetHints":{"allow":["GET"]}}],"collection":[{"href":"https:\/\/luba.de\/en\/wp-json\/wp\/v2\/product"}],"about":[{"href":"https:\/\/luba.de\/en\/wp-json\/wp\/v2\/types\/product"}],"replies":[{"embeddable":true,"href":"https:\/\/luba.de\/en\/wp-json\/wp\/v2\/comments?post=9490"}],"wp:featuredmedia":[{"embeddable":true,"href":"https:\/\/luba.de\/en\/wp-json\/wp\/v2\/media\/27214"}],"wp:attachment":[{"href":"https:\/\/luba.de\/en\/wp-json\/wp\/v2\/media?parent=9490"}],"wp:term":[{"taxonomy":"pwb-brand","embeddable":true,"href":"https:\/\/luba.de\/en\/wp-json\/wp\/v2\/pwb-brand?post=9490"},{"taxonomy":"product_brand","embeddable":true,"href":"https:\/\/luba.de\/en\/wp-json\/wp\/v2\/product_brand?post=9490"},{"taxonomy":"product_cat","embeddable":true,"href":"https:\/\/luba.de\/en\/wp-json\/wp\/v2\/product_cat?post=9490"},{"taxonomy":"product_tag","embeddable":true,"href":"https:\/\/luba.de\/en\/wp-json\/wp\/v2\/product_tag?post=9490"}],"curies":[{"name":"wp","href":"https:\/\/api.w.org\/{rel}","templated":true}]}}