{"id":9492,"date":"2020-03-14T10:13:36","date_gmt":"2020-03-14T09:13:36","guid":{"rendered":"https:\/\/luba.de\/product\/hand-reibe-mit-vakuumsaugfusszwinge-blau-lackiert\/"},"modified":"2026-01-08T10:40:17","modified_gmt":"2026-01-08T09:40:17","slug":"hand-reibe-mit-vakuumsaugfusszwinge-blau-lackiert","status":"publish","type":"product","link":"https:\/\/luba.de\/en\/hand-reibe-mit-vakuumsaugfusszwinge-blau-lackiert\/","title":{"rendered":"Hand-Reibe mit Vakuumsaugfu\u00df+Zwinge, blau lackiert"},"content":{"rendered":"<p>Die ideale Handreibe f\u00fcr N\u00fcsse, Mandeln, Hartk\u00e4se und Blockschokolade. Gro\u00dfer Vakuum-Saugfu\u00df sowie stabile Tischzwinge garantieren einen festen und sicheren Stand. Trommel 70 mm \u00d8\u00b8. Ausgestattet mit Feinreibetrommel und Kartoffelreibetrommel. Mit stabiler Tischzwinge und gro\u00dfem Vakuum-Saugfu\u00df garantiert sicherer Stand der Ganzmetall-Reibe auf allen glatten Fl\u00e4chen. Mit Kunststoff-Stopfer. Ma\u00dfe B x H x T: 15 x 23,5 x 13,5 cm ohne Kurbel \/ 21 cm mit Kurbel Gewicht: 1,06 kg<\/p>\n","protected":false},"excerpt":{"rendered":"<p>Die ideale Handreibe f\u00fcr N\u00fcsse, Mandeln, Hartk\u00e4se und Blockschokolade. Gro\u00dfer Vakuum-Saugfu\u00df sowie stabile Tischzwinge garantieren einen festen und sicheren Stand. Trommel 70 mm \u00d8\u00b8. Ausgestattet mit Feinreibetrommel und Kartoffelreibetrommel. Mit stabiler Tischzwinge und gro\u00dfem Vakuum-Saugfu\u00df garantiert sicherer Stand der Ganzmetall-Reibe auf allen glatten Fl\u00e4chen. Mit Kunststoff-Stopfer. Ma\u00dfe B x H x T: 15 x 23,5 [&#8230;]\n","protected":false},"featured_media":9493,"comment_status":"closed","ping_status":"closed","template":"","meta":{"_acf_changed":false},"pwb-brand":[1149],"product_brand":[],"product_cat":[875],"product_tag":[],"class_list":{"0":"post-9492","1":"product","2":"type-product","3":"status-publish","4":"has-post-thumbnail","6":"pwb-brand-weitere-en","7":"product_cat-drum-graters-and-slicers","9":"first","10":"instock","11":"taxable","12":"shipping-taxable","13":"purchasable","14":"product-type-simple"},"bundled_by":[],"bundle_stock_status":"instock","bundle_stock_quantity":36,"bundle_virtual":false,"bundle_layout":"","bundle_add_to_cart_form_location":"","bundle_editable_in_cart":false,"bundle_sold_individually_context":"","bundle_item_grouping":"","bundle_min_size":"","bundle_max_size":"","bundle_price":[],"bundled_items":[],"bundle_sell_ids":[],"exclude_global_add_ons":[],"addons":[],"acf":[],"brands":[{"id":1149,"name":"Weitere","slug":"weitere-en"}],"_links":{"self":[{"href":"https:\/\/luba.de\/en\/wp-json\/wp\/v2\/product\/9492","targetHints":{"allow":["GET"]}}],"collection":[{"href":"https:\/\/luba.de\/en\/wp-json\/wp\/v2\/product"}],"about":[{"href":"https:\/\/luba.de\/en\/wp-json\/wp\/v2\/types\/product"}],"replies":[{"embeddable":true,"href":"https:\/\/luba.de\/en\/wp-json\/wp\/v2\/comments?post=9492"}],"wp:featuredmedia":[{"embeddable":true,"href":"https:\/\/luba.de\/en\/wp-json\/wp\/v2\/media\/9493"}],"wp:attachment":[{"href":"https:\/\/luba.de\/en\/wp-json\/wp\/v2\/media?parent=9492"}],"wp:term":[{"taxonomy":"pwb-brand","embeddable":true,"href":"https:\/\/luba.de\/en\/wp-json\/wp\/v2\/pwb-brand?post=9492"},{"taxonomy":"product_brand","embeddable":true,"href":"https:\/\/luba.de\/en\/wp-json\/wp\/v2\/product_brand?post=9492"},{"taxonomy":"product_cat","embeddable":true,"href":"https:\/\/luba.de\/en\/wp-json\/wp\/v2\/product_cat?post=9492"},{"taxonomy":"product_tag","embeddable":true,"href":"https:\/\/luba.de\/en\/wp-json\/wp\/v2\/product_tag?post=9492"}],"curies":[{"name":"wp","href":"https:\/\/api.w.org\/{rel}","templated":true}]}}