{"id":9508,"date":"2020-03-14T10:13:36","date_gmt":"2020-03-14T09:13:36","guid":{"rendered":"https:\/\/luba.de\/product\/hawos-phoenix-flocker-mit-stahlwalzen\/"},"modified":"2025-10-11T23:57:26","modified_gmt":"2025-10-11T21:57:26","slug":"hawos-phoenix-flocker-mit-stahlwalzen","status":"publish","type":"product","link":"https:\/\/luba.de\/en\/hawos-phoenix-flocker-mit-stahlwalzen\/","title":{"rendered":"hawos Ph\u00f6nix Flocker mit Stahlwalzen"},"content":{"rendered":"<p>Einfach locker flockig ein gesundes M\u00fcsli zubereiten? Die Ph\u00f6nix Hand-Flockenquetsche aus massivem Buchenholz verarbeitet alle Getreidearten zu Flocken mit wertvollen Vitaminen und Inhaltsstoffen. Die Stahlwalzen lassen sich stufenlos verstellen, die robuste Zahnrad\u00fcbertragung sorgt f\u00fcr eine leichte und reibungslose Flockung. Deckel und Tischzwinge sind im Lieferumfang enthalten. Gewicht 2,7 kg, Ma\u00dfe B\/H\/T ca. 29\/20,5\/15 cm.<\/p>\n","protected":false},"excerpt":{"rendered":"<p>Einfach locker flockig ein gesundes M\u00fcsli zubereiten? Die Ph\u00f6nix Hand-Flockenquetsche aus massivem Buchenholz verarbeitet alle Getreidearten zu Flocken mit wertvollen Vitaminen und Inhaltsstoffen. Die Stahlwalzen lassen sich stufenlos verstellen, die robuste Zahnrad\u00fcbertragung sorgt f\u00fcr eine leichte und reibungslose Flockung. Deckel und Tischzwinge sind im Lieferumfang enthalten. Gewicht 2,7 kg, Ma\u00dfe B\/H\/T ca. 29\/20,5\/15 cm.<\/p>\n","protected":false},"featured_media":9509,"comment_status":"closed","ping_status":"closed","template":"","meta":{"_acf_changed":false},"pwb-brand":[1125],"product_brand":[],"product_cat":[918,848],"product_tag":[],"class_list":{"0":"post-9508","1":"product","2":"type-product","3":"status-publish","4":"has-post-thumbnail","6":"pwb-brand-hawos-en","7":"product_cat-oat-rollers-manual","8":"product_cat-kitchen-appliances-non-electric","10":"first","11":"outofstock","12":"taxable","13":"shipping-taxable","14":"purchasable","15":"product-type-simple"},"bundled_by":[],"bundle_stock_status":"outofstock","bundle_stock_quantity":0,"bundle_virtual":false,"bundle_layout":"","bundle_add_to_cart_form_location":"","bundle_editable_in_cart":false,"bundle_sold_individually_context":"","bundle_item_grouping":"","bundle_min_size":"","bundle_max_size":"","bundle_price":[],"bundled_items":[],"bundle_sell_ids":[],"exclude_global_add_ons":[],"addons":[],"acf":[],"brands":[{"id":1125,"name":"hawos","slug":"hawos-en"}],"_links":{"self":[{"href":"https:\/\/luba.de\/en\/wp-json\/wp\/v2\/product\/9508","targetHints":{"allow":["GET"]}}],"collection":[{"href":"https:\/\/luba.de\/en\/wp-json\/wp\/v2\/product"}],"about":[{"href":"https:\/\/luba.de\/en\/wp-json\/wp\/v2\/types\/product"}],"replies":[{"embeddable":true,"href":"https:\/\/luba.de\/en\/wp-json\/wp\/v2\/comments?post=9508"}],"wp:featuredmedia":[{"embeddable":true,"href":"https:\/\/luba.de\/en\/wp-json\/wp\/v2\/media\/9509"}],"wp:attachment":[{"href":"https:\/\/luba.de\/en\/wp-json\/wp\/v2\/media?parent=9508"}],"wp:term":[{"taxonomy":"pwb-brand","embeddable":true,"href":"https:\/\/luba.de\/en\/wp-json\/wp\/v2\/pwb-brand?post=9508"},{"taxonomy":"product_brand","embeddable":true,"href":"https:\/\/luba.de\/en\/wp-json\/wp\/v2\/product_brand?post=9508"},{"taxonomy":"product_cat","embeddable":true,"href":"https:\/\/luba.de\/en\/wp-json\/wp\/v2\/product_cat?post=9508"},{"taxonomy":"product_tag","embeddable":true,"href":"https:\/\/luba.de\/en\/wp-json\/wp\/v2\/product_tag?post=9508"}],"curies":[{"name":"wp","href":"https:\/\/api.w.org\/{rel}","templated":true}]}}