{"id":9514,"date":"2020-03-14T10:13:18","date_gmt":"2020-03-14T09:13:18","guid":{"rendered":"https:\/\/luba.de\/product\/mueslischaelchen-eschenholz-11-5-cm-oe\/"},"modified":"2026-03-09T14:54:44","modified_gmt":"2026-03-09T13:54:44","slug":"mueslischaelchen-eschenholz-11-5-cm-oe","status":"publish","type":"product","link":"https:\/\/luba.de\/en\/mueslischaelchen-eschenholz-11-5-cm-oe\/","title":{"rendered":"M\u00fcslisch\u00e4lchen Eschenholz 11,5 cm \u00f8"},"content":{"rendered":"<h2>M\u00fcslisch\u00e4lchen aus einheimischer Esche.<\/h2>\n<p>Aus einem St\u00fcck aus besonders hartem und dichtem Eschenholz gedrechselt. Mit einem Durchmesser von 11,5 cm gerade richtig f\u00fcr die Fr\u00fchst\u00fccksportion M\u00fcsli.<br \/>\nDekorativ auch f\u00fcr N\u00fcsse oder kleine Knabbereien.<\/p>\n","protected":false},"excerpt":{"rendered":"<p>M\u00fcslisch\u00e4lchen aus einheimischer Esche. Aus einem St\u00fcck aus besonders hartem und dichtem Eschenholz gedrechselt. Mit einem Durchmesser von 11,5 cm gerade richtig f\u00fcr die Fr\u00fchst\u00fccksportion M\u00fcsli. Dekorativ auch f\u00fcr N\u00fcsse oder kleine Knabbereien.<\/p>\n","protected":false},"featured_media":13708,"comment_status":"closed","ping_status":"closed","template":"","meta":{"_acf_changed":false},"pwb-brand":[1183],"product_brand":[],"product_cat":[909,857],"product_tag":[],"class_list":{"0":"post-9514","1":"product","2":"type-product","3":"status-publish","4":"has-post-thumbnail","6":"pwb-brand-eschenfelder-en","7":"product_cat-bowls-en","8":"product_cat-kitchen-utensils","10":"first","11":"instock","12":"taxable","13":"shipping-taxable","14":"purchasable","15":"product-type-simple"},"bundled_by":[],"bundle_stock_status":"instock","bundle_stock_quantity":64,"bundle_virtual":false,"bundle_layout":"","bundle_add_to_cart_form_location":"","bundle_editable_in_cart":false,"bundle_sold_individually_context":"","bundle_item_grouping":"","bundle_min_size":"","bundle_max_size":"","bundle_price":[],"bundled_items":[],"bundle_sell_ids":[],"exclude_global_add_ons":[],"addons":[],"acf":[],"brands":[{"id":1183,"name":"Eschenfelder","slug":"eschenfelder-en"}],"_links":{"self":[{"href":"https:\/\/luba.de\/en\/wp-json\/wp\/v2\/product\/9514","targetHints":{"allow":["GET"]}}],"collection":[{"href":"https:\/\/luba.de\/en\/wp-json\/wp\/v2\/product"}],"about":[{"href":"https:\/\/luba.de\/en\/wp-json\/wp\/v2\/types\/product"}],"replies":[{"embeddable":true,"href":"https:\/\/luba.de\/en\/wp-json\/wp\/v2\/comments?post=9514"}],"wp:featuredmedia":[{"embeddable":true,"href":"https:\/\/luba.de\/en\/wp-json\/wp\/v2\/media\/13708"}],"wp:attachment":[{"href":"https:\/\/luba.de\/en\/wp-json\/wp\/v2\/media?parent=9514"}],"wp:term":[{"taxonomy":"pwb-brand","embeddable":true,"href":"https:\/\/luba.de\/en\/wp-json\/wp\/v2\/pwb-brand?post=9514"},{"taxonomy":"product_brand","embeddable":true,"href":"https:\/\/luba.de\/en\/wp-json\/wp\/v2\/product_brand?post=9514"},{"taxonomy":"product_cat","embeddable":true,"href":"https:\/\/luba.de\/en\/wp-json\/wp\/v2\/product_cat?post=9514"},{"taxonomy":"product_tag","embeddable":true,"href":"https:\/\/luba.de\/en\/wp-json\/wp\/v2\/product_tag?post=9514"}],"curies":[{"name":"wp","href":"https:\/\/api.w.org\/{rel}","templated":true}]}}